{"id":869,"date":"2019-09-22T22:49:12","date_gmt":"2019-09-22T20:49:12","guid":{"rendered":"https:\/\/eu-hammelburg.de\/?page_id=869"},"modified":"2023-12-05T15:19:37","modified_gmt":"2023-12-05T14:19:37","slug":"vereinschronik","status":"publish","type":"page","link":"https:\/\/eu-bayern.de\/kvhammelburg\/vereinschronik\/","title":{"rendered":"Vereinschronik"},"content":{"rendered":"<div class=\"fusion-fullwidth fullwidth-box fusion-builder-row-1 nonhundred-percent-fullwidth non-hundred-percent-height-scrolling\" style=\"background-color: rgba(255,255,255,0);background-position: center center;background-repeat: no-repeat;padding-top:0px;padding-right:0px;padding-bottom:0px;padding-left:0px;margin-bottom: 0px;margin-top: 0px;border-width: 0px 0px 0px 0px;border-color:#eae9e9;border-style:solid;\" ><div class=\"fusion-builder-row fusion-row\"><div class=\"fusion-layout-column fusion_builder_column fusion-builder-column-0 fusion_builder_column_1_3 1_3 fusion-one-third fusion-column-first\" style=\"width:33.333333333333%;width:calc(33.333333333333% - ( ( 4% ) * 0.33333333333333 ) );margin-right: 4%;margin-top:0px;margin-bottom:20px;\"><div class=\"fusion-column-wrapper fusion-flex-column-wrapper-legacy\" style=\"background-position:left top;background-repeat:no-repeat;-webkit-background-size:cover;-moz-background-size:cover;-o-background-size:cover;background-size:cover;padding: 0px 0px 0px 0px;\"><style type=\"text\/css\"><\/style><div class=\"fusion-title title fusion-title-1 fusion-title-text fusion-title-size-two\" style=\"margin-top:0px;margin-right:0px;margin-bottom:31px;margin-left:0px;\"><h2 class=\"title-heading-left fusion-responsive-typography-calculated\" style=\"margin:0;--fontSize:18;--minFontSize:18px;line-height:1;\"><p class=\"tinymce_own04\"><strong>Chronik 60 Jahre Kreisverband<\/strong> (Erg\u00e4nzungen zur Chronik zum 50. Bestehen des Kreisverbandes)<br \/>\n<em>Ausgabe 2016<\/em><strong><br \/>\n<\/strong><style type='text\/css'>.reading-box-container-1 .element-bottomshadow:before,.reading-box-container-1 .element-bottomshadow:after{opacity:0.7;}<\/style><div class=\"fusion-reading-box-container reading-box-container-1 box12\" style=\"margin-top:0px;margin-bottom:84px;\"><div class=\"reading-box\" style=\"background-color:#f5f5f5;border-width:0px;border-color:#f6f6f6;border-left-width:3px;border-left-color:var(--primary_color);border-style:solid;\"><a class=\"button fusion-button button-default fusion-button-default-size button-default-size button-flat fusion-desktop-button fusion-tagline-button continue fusion-desktop-button-margin continue-right\" style=\"-webkit-box-shadow:none;-moz-box-shadow:none;box-shadow:none;border-radius:0px 0px 0px 0px\" href=\"https:\/\/eu-bayern.de\/kvhammelburg\/dl\/859\" target=\"_self\"><span>HERUNTERLADEN<\/span><\/a><h2>Chronik-60-Jahre-EU-KV-Hammelburg-<\/h2><div class=\"reading-box-description fusion-reading-box-additional\">INFO: PDF, 1.52 MB<\/div><div class=\"fusion-clearfix\"><\/div><a class=\"button fusion-button button-default fusion-button-default-size button-default-size button-flat fusion-mobile-button continue-right\" style=\"-webkit-box-shadow:none;-moz-box-shadow:none;box-shadow:none;border-radius:0px 0px 0px 0px\" href=\"https:\/\/eu-bayern.de\/kvhammelburg\/dl\/859\" target=\"_self\"><span>HERUNTERLADEN<\/span><\/a><\/div><\/div>\n<p class=\"tinymce_own04\"><strong>Chronik 50 Jahre Kreisverband<br \/>\n<\/strong><em>Ausgabe 2006<\/em><style type='text\/css'>.reading-box-container-2 .element-bottomshadow:before,.reading-box-container-2 .element-bottomshadow:after{opacity:0.7;}<\/style><div class=\"fusion-reading-box-container reading-box-container-2 box12\" style=\"margin-top:0px;margin-bottom:84px;\"><div class=\"reading-box\" style=\"background-color:#f5f5f5;border-width:0px;border-color:#f6f6f6;border-left-width:3px;border-left-color:var(--primary_color);border-style:solid;\"><a class=\"button fusion-button button-default fusion-button-default-size button-default-size button-flat fusion-desktop-button fusion-tagline-button continue fusion-desktop-button-margin continue-right\" style=\"-webkit-box-shadow:none;-moz-box-shadow:none;box-shadow:none;border-radius:0px 0px 0px 0px\" href=\"https:\/\/eu-bayern.de\/kvhammelburg\/dl\/858\" target=\"_self\"><span>HERUNTERLADEN<\/span><\/a><h2>Chronik-50-Jahre-EU-KV-Hammelburg<\/h2><div class=\"reading-box-description fusion-reading-box-additional\">INFO: PDF, 5.19 MB<\/div><div class=\"fusion-clearfix\"><\/div><a class=\"button fusion-button button-default fusion-button-default-size button-default-size button-flat fusion-mobile-button continue-right\" style=\"-webkit-box-shadow:none;-moz-box-shadow:none;box-shadow:none;border-radius:0px 0px 0px 0px\" href=\"https:\/\/eu-bayern.de\/kvhammelburg\/dl\/858\" target=\"_self\"><span>HERUNTERLADEN<\/span><\/a><\/div><\/div>\n<p class=\"tinymce_own04\"><strong>Sonderausgabe Europa-Spiegel\u00a0<\/strong><br \/>\n50 Jahre Europ\u00e4ische Bewegung in Hammelburg Juli 2003<style type='text\/css'>.reading-box-container-3 .element-bottomshadow:before,.reading-box-container-3 .element-bottomshadow:after{opacity:0.7;}<\/style><div class=\"fusion-reading-box-container reading-box-container-3 box12\" style=\"margin-top:0px;margin-bottom:84px;\"><div class=\"reading-box\" style=\"background-color:#f5f5f5;border-width:0px;border-color:#f6f6f6;border-left-width:3px;border-left-color:var(--primary_color);border-style:solid;\"><a class=\"button fusion-button button-default fusion-button-default-size button-default-size button-flat fusion-desktop-button fusion-tagline-button continue fusion-desktop-button-margin continue-right\" style=\"-webkit-box-shadow:none;-moz-box-shadow:none;box-shadow:none;border-radius:0px 0px 0px 0px\" href=\"https:\/\/eu-bayern.de\/kvhammelburg\/dl\/794\" target=\"_self\"><span>HERUNTERLADEN<\/span><\/a><h2>50-Jahre-Europ.-Bewegung-in-Hammelburg<\/h2><div class=\"reading-box-description fusion-reading-box-additional\">INFO: PDF, 2.45 MB<\/div><div class=\"fusion-clearfix\"><\/div><a class=\"button fusion-button button-default fusion-button-default-size button-default-size button-flat fusion-mobile-button continue-right\" style=\"-webkit-box-shadow:none;-moz-box-shadow:none;box-shadow:none;border-radius:0px 0px 0px 0px\" href=\"https:\/\/eu-bayern.de\/kvhammelburg\/dl\/794\" target=\"_self\"><span>HERUNTERLADEN<\/span><\/a><\/div><\/div><\/h2><span class=\"awb-title-spacer\"><\/span><div class=\"title-sep-container\"><div class=\"title-sep sep-double sep-solid\" style=\"border-color:#e0dede;\"><\/div><\/div><\/div><div class=\"fusion-clearfix\"><\/div><\/div><\/div><div class=\"fusion-layout-column fusion_builder_column fusion-builder-column-1 fusion_builder_column_2_3 2_3 fusion-two-third fusion-column-last\" style=\"width:66.666666666667%;width:calc(66.666666666667% - ( ( 4% ) * 0.66666666666667 ) );margin-top:0px;margin-bottom:20px;\"><div class=\"fusion-column-wrapper fusion-flex-column-wrapper-legacy\" style=\"background-position:left top;background-repeat:no-repeat;-webkit-background-size:cover;-moz-background-size:cover;-o-background-size:cover;background-size:cover;padding: 0px 0px 0px 0px;\"><div class=\"fusion-text fusion-text-1\"><p class=\"tinymce_own01\" style=\"text-align: left\">Daten \u2013 Fakten \u2013 Ereignisse<\/p>\n<p>Der Kreisverband Hammelburg der Europa Union wurde am 23. Februar 1956 gegr\u00fcndet. Der Bund Europ\u00e4ischer Jugend (BEJ), der schon seit 1953 bestand, hatte die Initiative zur Gr\u00fcndung \u00fcbernommen. Den kommissarischen Vorstand bildeten: Oberamtsrichter Franz Weidling, Notar Josef Dotter und Zahnarzt Dr. Georg Legath. Danach begann die Phase der Mitgliederwerbung und die Planung gemeinsamer Veranstaltungen. Bereits nach drei Monaten verdoppelte sich die Zahl der Mitglieder auf 32. Durch vielerlei Aktivit\u00e4ten und Veranstaltungen mit Vereinen und Verb\u00e4nden, den Kirchen, der Bundeswehr und den Schulen wurde der Gedanke der europ\u00e4ischen Einigung in weite Kreise unserer Bev\u00f6lkerung hineingetragen.<br \/>\nNach dem Wegzug des Gr\u00fcndungsvorsitzenden Franz Weidling im Jahr 1967 wurde der Kreisverband ein Jahr lang kommissarisch von einem Viererteam bis zum Herbst 1969 weitergef\u00fchrt. Konrad Peschka \u00fcbernahm dann den Vorsitz, Harda Hedrich, Eugen Sauer und Alfons Raps erg\u00e4nzten die engere Vorstandschaft. Franz Weidling wurde zum Ehrenvorsitzenden ernannt. Mit viel Idealismus wurde in den folgenden Jahren die Einigung Europas vorangetrieben. Neue Ideen wurden entwickelt, um die Bev\u00f6lkerung auf unsere Arbeit aufmerksam zu machen. Vortr\u00e4ge, Seminare, Bildungs- und Informationsreisen in viele europ\u00e4ische und au\u00dfereurop\u00e4ische L\u00e4nder, sowie gesellige Veranstaltungen wurden durchgef\u00fchrt. Ein besonderes Ereignis war der vom Bund Europ\u00e4ischer Jugend ins Leben gerufene BALL DER NATIONEN in Elfershausen.<br \/>\n1979 \u00fcbernahm Edgar Hirt, der schon seit 1970 die Gesch\u00e4ftsf\u00fchrung innehatte, von Konrad Peschka einen gut gef\u00fchrten Kreisverband. Mit 270 Mitgliedern war er damals schon der zweitgr\u00f6\u00dfte im Landesverband Bayern. F\u00fcr seine Verdienste um den Kreisverband wurde Konrad Peschka zum Ehrenvorsitzenden ernannt.<br \/>\nHirt \u00fcbergab sein Amt als Vorsitzender 2008 nach 29 Jahren, an Hans-Dieter Scherpf. Edgar Hirt wurde zum Ehrenvorsitzenden ernannt.<br \/>\nAm 21.03 2022 w\u00e4hlte die Mitgliederversammlung nach einer Satzungs\u00e4nderung ihren Vorstand neu. Nach 14 Jahren Vorsitz von Hans-Dieter Scherpf \u00fcbernahm ein Trio die Vereinsf\u00fchrung. Mit Christof Hirt, Sebastian Kleinhenz und Albrecht Leurer stehen nun drei gleichberechtigte Vorsitzende an der Spitze des Hammelburger Kreisverbandes.<br \/>\nIm M\u00e4rz 2023 erhielt Hans-Dieter Scherpf die Ernennungsurkunde zum Ehrenvorsitzenden.<\/p>\n<p>Der Kreisverband hat mit mehr als 350 Mitgliedern (Stand Nov. 2023) bis heute seine Spitzenstellung in Bayern, Deutschland und sogar in Europa behauptet. H\u00f6hepunkt war im Jahr 2000 der Kauf eines Wohnhauses am Viehmarkt in Hammelburg, das in Europa-Haus umbenannt wurde. 2006 konnte das 50.Jubil\u00e4um und 2016 das 60. Jubil\u00e4um des Kreisverbandes gefeiert werden.<\/p>\n<p>Auch in der verbandlichen Arbeit ist der KV eingebunden. Mitglieder sind im Landesvorstand der Europa-Union Bayern, im Bezirksvorstand Unterfranken und im Bundesausschuss vertreten.<br \/>\n\u00dcber Jahrzehnte war Edgar Hirt bis 2021 stellv. Landesvorsitzender. Im Juli 2021 ist Dr. Reinhard Schaupp zum stellvertretenden Landesvorsitzenden gew\u00e4hlt worden. Hans-Dieter Scherpf war von 2006 bis 2018 Mitglied im Landesvorstand. Dieter Lotze pr\u00fcfte viele Jahre bis 2017 die Kasse des Landesverbandes. Seit 2017 ist Gudrun Kleinhenz Kassenpr\u00fcferin des Landesverbandes. 2006 wurde Hans-Dieter Scherpf erstmals zum Bezirksvorsitzenden der Europa-Union Unterfranken gew\u00e4hlt und war dies bis 2018. Im August 2021 wurden Dr. Reinhard Schaupp zum Vorsitzenden im Bezirksverband gew\u00e4hlt und Hans-Dieter Scherpf zum Ehrenvorsitzenden ernannt.<\/p>\n<p>Der Kreisverband entsendet Delegierte zum Bundeskongress und zu den Landes- und Bezirksversammlungen.<\/p>\n<p>Mit Schwung und Ausdauer will der Kreisverband auch in den kommenden Jahren f\u00fcr die in der Satzung festgelegten Ziele arbeiten.<\/p>\n<p>Die Europa-Union Hammelburg ist eine \u00fcberparteiliche und konfessionell ungebundene Organisation. Unter voller Wahrung ihrer geistigen, politischen und organisatorischen Unabh\u00e4ngigkeit ist sie bestrebt, die \u00f6ffentliche Meinung und die politischen Parteien f\u00fcr die f\u00f6derative und demokratische \u2013 rechtsstaatliche Vereinigung der europ\u00e4ischen V\u00f6lker zu gewinnen. Viele Menschen in unserem Land sind dem europ\u00e4ischen Gedanken aufgeschlossen. Es ist unser Ziel die Mitgliederzahl weiterhin zu halten und auch um junge Mitglieder zu werben.<\/p>\n<p>Noch kein Mitglied?<br \/>\nDann unterst\u00fctzen Sie uns und werden Mitglied in der Europa-Union. Wir freuen uns auf Sie!<\/p>\n\n<\/div><div class=\"fusion-aligncenter\"><style>.fusion-button.button-1{border-radius:0px 0px 0px 0px;}<\/style><a class=\"fusion-button button-flat fusion-button-default-size button-default button-1 fusion-button-default-span fusion-button-default-type\" target=\"_blank\" rel=\"noopener noreferrer\" href=\"https:\/\/eu-hammelburg.de\/mitmachen\/\"><i class=\"fa-file-contract fas button-icon-left\" aria-hidden=\"true\"><\/i><span class=\"fusion-button-text\">Mitgliedschaft beantragen<\/span><\/a><\/div><div class=\"fusion-clearfix\"><\/div><\/div><\/div><\/div><\/div>\n","protected":false},"excerpt":{"rendered":"","protected":false},"author":2,"featured_media":0,"parent":0,"menu_order":0,"comment_status":"closed","ping_status":"closed","template":"","meta":[],"acf":[],"_links":{"self":[{"href":"https:\/\/eu-bayern.de\/kvhammelburg\/wp-json\/wp\/v2\/pages\/869"}],"collection":[{"href":"https:\/\/eu-bayern.de\/kvhammelburg\/wp-json\/wp\/v2\/pages"}],"about":[{"href":"https:\/\/eu-bayern.de\/kvhammelburg\/wp-json\/wp\/v2\/types\/page"}],"author":[{"embeddable":true,"href":"https:\/\/eu-bayern.de\/kvhammelburg\/wp-json\/wp\/v2\/users\/2"}],"replies":[{"embeddable":true,"href":"https:\/\/eu-bayern.de\/kvhammelburg\/wp-json\/wp\/v2\/comments?post=869"}],"version-history":[{"count":2,"href":"https:\/\/eu-bayern.de\/kvhammelburg\/wp-json\/wp\/v2\/pages\/869\/revisions"}],"predecessor-version":[{"id":1745,"href":"https:\/\/eu-bayern.de\/kvhammelburg\/wp-json\/wp\/v2\/pages\/869\/revisions\/1745"}],"wp:attachment":[{"href":"https:\/\/eu-bayern.de\/kvhammelburg\/wp-json\/wp\/v2\/media?parent=869"}],"curies":[{"name":"wp","href":"https:\/\/api.w.org\/{rel}","templated":true}]}}