{"id":797,"date":"2019-09-22T22:47:34","date_gmt":"2019-09-22T20:47:34","guid":{"rendered":"https:\/\/eu-hammelburg.de\/?page_id=797"},"modified":"2026-01-22T19:31:01","modified_gmt":"2026-01-22T18:31:01","slug":"europa-spiegel","status":"publish","type":"page","link":"https:\/\/eu-bayern.de\/kvhammelburg\/europa-spiegel\/","title":{"rendered":"Europa-Spiegel"},"content":{"rendered":"<div class=\"fusion-fullwidth fullwidth-box fusion-builder-row-1 nonhundred-percent-fullwidth non-hundred-percent-height-scrolling\" style=\"background-color: rgba(255,255,255,0);background-position: center center;background-repeat: no-repeat;padding-top:0px;padding-right:0px;padding-bottom:0px;padding-left:0px;margin-bottom: 0px;margin-top: 0px;border-width: 0px 0px 0px 0px;border-color:#eae9e9;border-style:solid;\" ><div class=\"fusion-builder-row fusion-row\"><div class=\"fusion-layout-column fusion_builder_column fusion-builder-column-0 fusion_builder_column_1_1 1_1 fusion-one-full fusion-column-first fusion-column-last\" style=\"margin-top:0px;margin-bottom:20px;\"><div class=\"fusion-column-wrapper fusion-flex-column-wrapper-legacy\" style=\"background-position:left top;background-repeat:no-repeat;-webkit-background-size:cover;-moz-background-size:cover;-o-background-size:cover;background-size:cover;padding: 0px 0px 0px 0px;\"><div class=\"fusion-tabs fusion-tabs-1 clean horizontal-tabs icon-position-left\"><style type=\"text\/css\">#wrapper .fusion-tabs.fusion-tabs-1.clean .nav-tabs li a.tab-link{border-color:#ffffff;}.fusion-tabs.fusion-tabs-1 .nav-tabs li a.tab-link{background-color:#eeeeee;}.fusion-tabs.fusion-tabs-1 .nav-tabs li.active a.tab-link,.fusion-tabs.fusion-tabs-1 .nav-tabs li.active a.tab-link:hover,.fusion-tabs.fusion-tabs-1 .nav-tabs li.active a.tab-link:focus{background-color:#ffcc00;}.fusion-tabs.fusion-tabs-1 .nav-tabs li a:hover{background-color:#ffcc00;border-top-color:#ffcc00;}.fusion-tabs.fusion-tabs-1 .tab-pane{background-color:#ffcc00;}.fusion-tabs.fusion-tabs-1 .nav,.fusion-tabs.fusion-tabs-1 .nav-tabs,.fusion-tabs.fusion-tabs-1 .tab-content .tab-pane{border-color:#ffffff;}<\/style><div class=\"nav\"><ul class=\"nav-tabs nav-justified\" role=\"tablist\"><li class=\"active\" role=\"presentation\"><a class=\"tab-link\" data-toggle=\"tab\" role=\"tab\" aria-controls=\"tab-bbed5d7c9f5d72736f8\" aria-selected=\"true\" id=\"fusion-tab-aktuellespiegelausgabe\" href=\"#tab-bbed5d7c9f5d72736f8\"><h4 class=\"fusion-tab-heading\">Aktuelle Spiegelausgabe<\/h4><\/a><\/li><li role=\"presentation\"><a class=\"tab-link\" data-toggle=\"tab\" role=\"tab\" aria-controls=\"tab-3a788e44020879d6259\" aria-selected=\"false\" tabindex=\"-1\" id=\"fusion-tab-archiv\" href=\"#tab-3a788e44020879d6259\"><h4 class=\"fusion-tab-heading\">Archiv<\/h4><\/a><\/li><\/ul><\/div><div class=\"tab-content\"><div class=\"nav fusion-mobile-tab-nav\"><ul class=\"nav-tabs nav-justified\" role=\"tablist\"><li class=\"active\" role=\"presentation\"><a class=\"tab-link\" data-toggle=\"tab\" role=\"tab\" aria-controls=\"tab-bbed5d7c9f5d72736f8\" aria-selected=\"true\" id=\"mobile-fusion-tab-aktuellespiegelausgabe\" href=\"#tab-bbed5d7c9f5d72736f8\"><h4 class=\"fusion-tab-heading\">Aktuelle Spiegelausgabe<\/h4><\/a><\/li><\/ul><\/div><div class=\"tab-pane fade fusion-clearfix in active\" role=\"tabpanel\" tabindex=\"0\" aria-labelledby=\"fusion-tab-aktuellespiegelausgabe\" id=\"tab-bbed5d7c9f5d72736f8\">\n<p class=\"tinymce_own01\">Aktuelle Ausgabe \u201eEuropa-Spiegel\u201c Nr. 113 \u00a0Dezember 2025<\/p>\n<p>Liebe Freundinnen und Freunde der Europa-Union<\/p>\n<p>Wir freuen uns, dass wir Ihnen die Ausgabe 113 Dezember 2025 des Europa-Spiegels vorstellen k\u00f6nnen.<\/p>\n<p>Als Mitglied im Kreisverband Hammelburg erhalten Sie automatisch ein Exemplar auf dem Postweg. Dieses interne Mitteilungsblatt informiert \u00fcber aktuelle Terminplanungen 2025 und r\u00fcckblickend \u00fcber das Vereinsgeschehen im abgelaufenen Jahr.<\/p>\n<p>Sie k\u00f6nnen den Europa-Spiegel online als PDF-Datei herunterladen. \u00c4ltere Ausgaben finden Sie jederzeit im Archiv.<\/p>\n<p class=\"tinymce_own01\"><a href=\"https:\/\/eu-hammelburg.de\/wp-content\/uploads\/sites\/10\/2026\/01\/Europaspiegel-113-2025-12-online.pdf\"><strong>Ausgabe 113 Dez 2025<\/strong><\/a><\/p>\n<p>Nun w\u00fcnschen wir Ihnen viel Spa\u00df beim Lesen.<\/p>\n<p>Kein Mitglied? Gerne k\u00f6nnen wir Ihnen auch ein Papierexemplar \u201eEuropa-Spiegel\u201c Ausgabe 112 zuschicken. Lassen Sie uns bitte ein ausreichend frankiertes DIN A4 Kuvert mit ihrer Adresse zukommen und senden dies an:<\/p>\n<p>EU-Kreisverband Hammelburg<br \/>\nEuropa-Haus<br \/>\nAm Viehmarkt 5<br \/>\n97762 Hammelburg<\/p>\n<p>Den Rest erledigen wir und freuen uns auf Ihre Nachricht!<\/p>\n<\/div><div class=\"nav fusion-mobile-tab-nav\"><ul class=\"nav-tabs nav-justified\" role=\"tablist\"><li role=\"presentation\"><a class=\"tab-link\" data-toggle=\"tab\" role=\"tab\" aria-controls=\"tab-3a788e44020879d6259\" aria-selected=\"false\" tabindex=\"-1\" id=\"mobile-fusion-tab-archiv\" href=\"#tab-3a788e44020879d6259\"><h4 class=\"fusion-tab-heading\">Archiv<\/h4><\/a><\/li><\/ul><\/div><div class=\"tab-pane fade fusion-clearfix\" role=\"tabpanel\" tabindex=\"0\" aria-labelledby=\"fusion-tab-archiv\" id=\"tab-3a788e44020879d6259\">\n<table id=\"tablepress-5\" class=\"tablepress tablepress-id-5\">\n<thead>\n<tr class=\"row-1 odd\">\n\t<th class=\"column-1\">Ausgaben 01-30<\/th><th class=\"column-2\">Ausgaben 31-60<\/th><th class=\"column-3\">Ausgaben 61-90<\/th><th class=\"column-4\">Ausgaben 91-120<\/th>\n<\/tr>\n<\/thead>\n<tbody class=\"row-hover\">\n<tr class=\"row-2 even\">\n\t<td class=\"column-1\"><\/td><td class=\"column-2\"><a href=\"https:\/\/eu-bayern.de\/kvhammelburg\/wp-content\/uploads\/sites\/10\/2019\/11\/Ausgabe-31-Apr-1988.pdf\">Ausgabe 31 Apr 1988<\/a><\/td><td class=\"column-3\"><a href=\"https:\/\/eu-bayern.de\/kvhammelburg\/wp-content\/uploads\/sites\/10\/2019\/09\/Ausgabe-61-M\u00e4r-2000.pdf\">Ausgabe-61-M\u00e4r-2000<\/a><\/td><td class=\"column-4\"><a href=\"https:\/\/eu-bayern.de\/kvhammelburg\/wp-content\/uploads\/sites\/10\/2019\/09\/Ausgabe-91-Nov-2011.pdf\">Ausgabe-91-Nov-2011<\/a><\/td>\n<\/tr>\n<tr class=\"row-3 odd\">\n\t<td class=\"column-1\"><\/td><td class=\"column-2\"><a href=\"https:\/\/eu-bayern.de\/kvhammelburg\/wp-content\/uploads\/sites\/10\/2019\/11\/Ausgabe-32-Nov-1988.pdf\">Ausgabe 32 Nov 1988<\/a><\/td><td class=\"column-3\"><a href=\"https:\/\/eu-bayern.de\/kvhammelburg\/wp-content\/uploads\/sites\/10\/2019\/09\/Ausgabe-62-Nov-2000.pdf\">Ausgabe-62-Nov-2000<\/a><\/td><td class=\"column-4\"><a href=\"https:\/\/eu-bayern.de\/kvhammelburg\/wp-content\/uploads\/sites\/10\/2019\/09\/Ausgabe-92-Jun-2012.pdf\">Ausgabe-92-Jun-2012<\/a><\/td>\n<\/tr>\n<tr class=\"row-4 even\">\n\t<td class=\"column-1\"><\/td><td class=\"column-2\"><a href=\"https:\/\/eu-bayern.de\/kvhammelburg\/wp-content\/uploads\/sites\/10\/2019\/11\/Ausgabe-33-Jan-1989.pdf\">Ausgabe 33 Jan 1989<\/a><\/td><td class=\"column-3\"><a href=\"https:\/\/eu-bayern.de\/kvhammelburg\/wp-content\/uploads\/sites\/10\/2019\/09\/Ausgabe-63-Feb-2001.pdf\">Ausgabe-63-Feb-2001<\/a><\/td><td class=\"column-4\"><a href=\"https:\/\/eu-bayern.de\/kvhammelburg\/wp-content\/uploads\/sites\/10\/2019\/09\/Ausgabe-93-Nov-2012.pdf\">Ausgabe-93-Nov-2012<\/a><\/td>\n<\/tr>\n<tr class=\"row-5 odd\">\n\t<td class=\"column-1\"><\/td><td class=\"column-2\"><a href=\"https:\/\/eu-bayern.de\/kvhammelburg\/wp-content\/uploads\/sites\/10\/2019\/11\/Ausgabe-34-M\u00e4r-1989.pdf\">Ausgabe 34 M\u00e4r 1989<\/a><\/td><td class=\"column-3\"><a href=\"https:\/\/eu-bayern.de\/kvhammelburg\/wp-content\/uploads\/sites\/10\/2019\/09\/Ausgabe-64-Jul-2001.pdf\">Ausgabe-64-Jul-2001<\/a><\/td><td class=\"column-4\"><a href=\"https:\/\/eu-bayern.de\/kvhammelburg\/wp-content\/uploads\/sites\/10\/2019\/09\/Ausgabe-94-Jun-2013.pdf\">Ausgabe-94-Jun-2013<\/a><\/td>\n<\/tr>\n<tr class=\"row-6 even\">\n\t<td class=\"column-1\"><\/td><td class=\"column-2\"><a href=\"https:\/\/eu-bayern.de\/kvhammelburg\/wp-content\/uploads\/sites\/10\/2019\/11\/Ausgabe-35-Dez-1989.pdf\">Ausgabe 35 Dez 1989<\/a><\/td><td class=\"column-3\"><a href=\"https:\/\/eu-bayern.de\/kvhammelburg\/wp-content\/uploads\/sites\/10\/2019\/09\/Ausgabe-65-Nov-2001.pdf\">Ausgabe-65-Nov-2001<\/a><\/td><td class=\"column-4\"><a href=\"https:\/\/eu-bayern.de\/kvhammelburg\/wp-content\/uploads\/sites\/10\/2019\/09\/Ausgabe-95-Nov-2013.pdf\">Ausgabe-95-Nov-2013<\/a><\/td>\n<\/tr>\n<tr class=\"row-7 odd\">\n\t<td class=\"column-1\"><a href=\"https:\/\/eu-bayern.de\/kvhammelburg\/wp-content\/uploads\/sites\/10\/2019\/12\/Ausgabe-06-Sep-1981.pdf\">Ausgabe 06 Sep 1981<\/a><\/td><td class=\"column-2\"><a href=\"https:\/\/eu-bayern.de\/kvhammelburg\/wp-content\/uploads\/sites\/10\/2019\/11\/Ausgabe-36-Apr-1990.pdf\">Ausgabe 36 Apr 1990<\/a><\/td><td class=\"column-3\"><a href=\"https:\/\/eu-bayern.de\/kvhammelburg\/wp-content\/uploads\/sites\/10\/2019\/09\/Ausgabe-66-Feb-2002.pdf\">Ausgabe-66-Feb-2002<\/a><\/td><td class=\"column-4\"><a href=\"https:\/\/eu-bayern.de\/kvhammelburg\/wp-content\/uploads\/sites\/10\/2019\/09\/Ausgabe-96-Juli-2014.pdf\">Ausgabe-96-Juli-2014<\/a><\/td>\n<\/tr>\n<tr class=\"row-8 even\">\n\t<td class=\"column-1\"><\/td><td class=\"column-2\"><a href=\"https:\/\/eu-bayern.de\/kvhammelburg\/wp-content\/uploads\/sites\/10\/2019\/11\/Ausgabe-37-Nov-1990.pdf\">Ausgabe 37 Nov 1990<\/a><\/td><td class=\"column-3\"><a href=\"https:\/\/eu-bayern.de\/kvhammelburg\/wp-content\/uploads\/sites\/10\/2019\/09\/Ausgabe-67-Aug-2002.pdf\">Ausgabe-67-Aug-2002<\/a><\/td><td class=\"column-4\"><a href=\"https:\/\/eu-bayern.de\/kvhammelburg\/wp-content\/uploads\/sites\/10\/2019\/09\/Ausgabe-97-Nov-2014.pdf\">Ausgabe-97-Nov-2014<\/a><\/td>\n<\/tr>\n<tr class=\"row-9 odd\">\n\t<td class=\"column-1\"><a href=\"https:\/\/eu-bayern.de\/kvhammelburg\/wp-content\/uploads\/sites\/10\/2019\/12\/Ausgabe-08-Feb-1982.pdf\">Ausgabe 08 Feb 1982<\/a><\/td><td class=\"column-2\"><a href=\"https:\/\/eu-bayern.de\/kvhammelburg\/wp-content\/uploads\/sites\/10\/2019\/11\/Ausgabe-38-Feb-1991.pdf\">Ausgabe 38 Feb 1991<\/a><\/td><td class=\"column-3\">Ausgabe 68 fehlt<strong><\/td><td class=\"column-4\"><a href=\"https:\/\/eu-bayern.de\/kvhammelburg\/wp-content\/uploads\/sites\/10\/2019\/09\/Ausgabe-98-Juni-2015.pdf\">Ausgabe-98-Juni-2015<\/a><\/td>\n<\/tr>\n<tr class=\"row-10 even\">\n\t<td class=\"column-1\"><\/td><td class=\"column-2\"><a href=\"https:\/\/eu-bayern.de\/kvhammelburg\/wp-content\/uploads\/sites\/10\/2019\/11\/Ausgabe-39-Apr-1991.pdf\">Ausgabe 39 Apr 1991<\/a><\/td><td class=\"column-3\"><a href=\"https:\/\/eu-bayern.de\/kvhammelburg\/wp-content\/uploads\/sites\/10\/2019\/09\/Ausgabe-69-Feb-2003.pdf\">Ausgabe-69-Feb-2003<\/a><\/td><td class=\"column-4\"><a href=\"https:\/\/eu-bayern.de\/kvhammelburg\/wp-content\/uploads\/sites\/10\/2019\/09\/Ausgabe-99-Dez-2015.pdf\">Ausgabe-99-Dez-2015<\/a><\/td>\n<\/tr>\n<tr class=\"row-11 odd\">\n\t<td class=\"column-1\"><\/td><td class=\"column-2\"><a href=\"https:\/\/eu-bayern.de\/kvhammelburg\/wp-content\/uploads\/sites\/10\/2019\/11\/Ausgabe-40-Okt-1991.pdf\">Ausgabe 40 Okt 1991<\/a><\/td><td class=\"column-3\"><a href=\"https:\/\/eu-bayern.de\/kvhammelburg\/wp-content\/uploads\/sites\/10\/2019\/09\/Ausgabe-70-Nov-2003.pdf\">Ausgabe-70-Nov-2003<\/a><\/td><td class=\"column-4\"><a href=\"https:\/\/eu-bayern.de\/kvhammelburg\/wp-content\/uploads\/sites\/10\/2019\/09\/Ausgabe-100-Apr-2016.pdf\">Ausgabe-100-Apr-2016<\/a><\/td>\n<\/tr>\n<tr class=\"row-12 even\">\n\t<td class=\"column-1\"><\/td><td class=\"column-2\"><a href=\"https:\/\/eu-bayern.de\/kvhammelburg\/wp-content\/uploads\/sites\/10\/2019\/11\/Ausgabe-41-Feb-1992.pdf\">Ausgabe 41 Feb 1992<\/a><\/td><td class=\"column-3\"><a href=\"https:\/\/eu-bayern.de\/kvhammelburg\/wp-content\/uploads\/sites\/10\/2019\/09\/Ausgabe-71-Apr-2004.pdf\">Ausgabe-71-Apr-2004<\/a><\/td><td class=\"column-4\"><a href=\"https:\/\/eu-bayern.de\/kvhammelburg\/wp-content\/uploads\/sites\/10\/2019\/09\/Ausgabe-101-Dez-2016.pdf\">Ausgabe-101-Dez-2016<\/a><\/td>\n<\/tr>\n<tr class=\"row-13 odd\">\n\t<td class=\"column-1\"><\/td><td class=\"column-2\"><a href=\"https:\/\/eu-bayern.de\/kvhammelburg\/wp-content\/uploads\/sites\/10\/2019\/11\/Ausgabe-42-Mai-1992.pdf\">Ausgabe 42 Mai 1992<\/a><\/td><td class=\"column-3\"><a href=\"https:\/\/eu-bayern.de\/kvhammelburg\/wp-content\/uploads\/sites\/10\/2019\/09\/Ausgabe-72-Aug-2004.pdf\">Ausgabe-72-Aug-2004<\/a><\/td><td class=\"column-4\"><a href=\"https:\/\/eu-bayern.de\/kvhammelburg\/wp-content\/uploads\/sites\/10\/2019\/09\/Ausgabe-102-Apr-2017.pdf\">Ausgabe-102-Apr-2017<\/a><\/td>\n<\/tr>\n<tr class=\"row-14 even\">\n\t<td class=\"column-1\"><\/td><td class=\"column-2\"><a href=\"https:\/\/eu-bayern.de\/kvhammelburg\/wp-content\/uploads\/sites\/10\/2019\/11\/Ausgabe-43-Nov-1992.pdf\">Ausgabe 43 Nov 1992<\/a><\/td><td class=\"column-3\"><a href=\"https:\/\/eu-bayern.de\/kvhammelburg\/wp-content\/uploads\/sites\/10\/2019\/09\/Ausgabe-73-Nov-2004.pdf\">Ausgabe-73-Nov-2004<\/a><\/td><td class=\"column-4\"><a href=\"https:\/\/eu-bayern.de\/kvhammelburg\/wp-content\/uploads\/sites\/10\/2019\/09\/Ausgabe-103-Dez-2017.pdf\">Ausgabe-103-Dez-2017<\/a><\/td>\n<\/tr>\n<tr class=\"row-15 odd\">\n\t<td class=\"column-1\"><\/td><td class=\"column-2\"><a href=\"https:\/\/eu-bayern.de\/kvhammelburg\/wp-content\/uploads\/sites\/10\/2019\/11\/Ausgabe-44-Feb-1993.pdf\">Ausgabe 44 Feb 1993<\/a><\/td><td class=\"column-3\"><a href=\"https:\/\/eu-bayern.de\/kvhammelburg\/wp-content\/uploads\/sites\/10\/2019\/09\/Ausgabe-74-Jan-2005.pdf\">Ausgabe-74-Jan-2005<\/a><\/td><td class=\"column-4\"><a href=\"https:\/\/eu-bayern.de\/kvhammelburg\/wp-content\/uploads\/sites\/10\/2019\/09\/Ausgabe-104-Juni-2018.pdf\">Ausgabe-104-Juni-2018<\/a><\/td>\n<\/tr>\n<tr class=\"row-16 even\">\n\t<td class=\"column-1\"><a href=\"https:\/\/eu-bayern.de\/kvhammelburg\/wp-content\/uploads\/sites\/10\/2019\/12\/Ausgabe-15-Dez-1983.pdf\">Ausgabe 15 Dez 1983<\/a><\/td><td class=\"column-2\"><a href=\"https:\/\/eu-bayern.de\/kvhammelburg\/wp-content\/uploads\/sites\/10\/2019\/09\/Ausgabe-45-Okt-1993.pdf\">Ausgabe-45-Okt-1993<\/a><\/td><td class=\"column-3\"><a href=\"https:\/\/eu-bayern.de\/kvhammelburg\/wp-content\/uploads\/sites\/10\/2019\/09\/Ausgabe-75-M\u00e4r-2005.pdf\">Ausgabe-75-M\u00e4r-2005<\/a><\/td><td class=\"column-4\"><a href=\"https:\/\/eu-bayern.de\/kvhammelburg\/wp-content\/uploads\/sites\/10\/2019\/09\/Ausgabe-105-Nov-2018.pdf\">Ausgabe-105-Nov-2018<\/a><\/td>\n<\/tr>\n<tr class=\"row-17 odd\">\n\t<td class=\"column-1\"><\/td><td class=\"column-2\"><a href=\"https:\/\/eu-bayern.de\/kvhammelburg\/wp-content\/uploads\/sites\/10\/2019\/09\/Ausgabe-46-Apr-1994.pdf\">Ausgabe-46-Apr-1994<\/a><\/td><td class=\"column-3\"><a href=\"https:\/\/eu-bayern.de\/kvhammelburg\/wp-content\/uploads\/sites\/10\/2019\/09\/Ausgabe-76-Aug-2005.pdf\">Ausgabe-76-Aug-2005<\/a><\/td><td class=\"column-4\"><a href=\"https:\/\/eu-bayern.de\/kvhammelburg\/wp-content\/uploads\/sites\/10\/2019\/09\/Ausgabe-106-Jun-2019.pdf\">Ausgabe-106-Jun-2019<\/a><\/td>\n<\/tr>\n<tr class=\"row-18 even\">\n\t<td class=\"column-1\"><a href=\"https:\/\/eu-bayern.de\/kvhammelburg\/wp-content\/uploads\/sites\/10\/2019\/12\/Ausgabe-17-Mai-1984.pdf\">Ausgabe 17 Mai 1984<\/a><\/td><td class=\"column-2\"><a href=\"https:\/\/eu-bayern.de\/kvhammelburg\/wp-content\/uploads\/sites\/10\/2019\/09\/Ausgabe-47-Nov-1994.pdf\">Ausgabe-47-Nov-1994<\/a><\/td><td class=\"column-3\"><a href=\"https:\/\/eu-bayern.de\/kvhammelburg\/wp-content\/uploads\/sites\/10\/2019\/09\/Ausgabe-77-Dez-2005.pdf\">Ausgabe-77-Dez-2005<\/a><\/td><td class=\"column-4\"><a href=\"https:\/\/eu-bayern.de\/kvhammelburg\/wp-content\/uploads\/sites\/10\/2019\/11\/Ausgabe-107-Dez-2019.pdf\">Ausgabe 107 Dez 2019<\/a><\/td>\n<\/tr>\n<tr class=\"row-19 odd\">\n\t<td class=\"column-1\"><\/td><td class=\"column-2\"><a href=\"https:\/\/eu-bayern.de\/kvhammelburg\/wp-content\/uploads\/sites\/10\/2019\/09\/Ausgabe-48-Feb-1995.pdf\">Ausgabe-48-Feb-1995<\/a><\/td><td class=\"column-3\"><a href=\"https:\/\/eu-bayern.de\/kvhammelburg\/wp-content\/uploads\/sites\/10\/2019\/09\/Ausgabe-78-Apr-2006.pdf\">Ausgabe-78-Apr-2006<\/a><\/td><td class=\"column-4\"><a href=\"https:\/\/eu-bayern.de\/kvhammelburg\/wp-content\/uploads\/sites\/10\/2020\/10\/Ausgabe-108-Nov-2020.pdf\">Ausgabe 108 Nov 2020<\/a><\/td>\n<\/tr>\n<tr class=\"row-20 even\">\n\t<td class=\"column-1\"><\/td><td class=\"column-2\"><a href=\"https:\/\/eu-bayern.de\/kvhammelburg\/wp-content\/uploads\/sites\/10\/2019\/09\/Ausgabe-49-Nov-1995.pdf\">Ausgabe-49-Nov-1995<\/a><\/td><td class=\"column-3\"><a href=\"https:\/\/eu-bayern.de\/kvhammelburg\/wp-content\/uploads\/sites\/10\/2019\/09\/Ausgabe-79-Jul-2006.pdf\">Ausgabe-79-Jul-2006<\/a><\/td><td class=\"column-4\"><a href=\"https:\/\/eu-bayern.de\/kvhammelburg\/wp-content\/uploads\/sites\/10\/2021\/11\/Ausgabe-109-Dez-2021.pdf\">Ausgabe 109 Dez 2021<\/a><\/td>\n<\/tr>\n<tr class=\"row-21 odd\">\n\t<td class=\"column-1\"><\/td><td class=\"column-2\"><a href=\"https:\/\/eu-bayern.de\/kvhammelburg\/wp-content\/uploads\/sites\/10\/2019\/09\/Ausgabe-50-Apr-1996.pdf\">Ausgabe-50-Apr-1996<\/a><\/td><td class=\"column-3\"><a href=\"https:\/\/eu-bayern.de\/kvhammelburg\/wp-content\/uploads\/sites\/10\/2019\/09\/Ausgabe-80-Nov-2006.pdf\">Ausgabe-80-Nov-2006<\/a><\/td><td class=\"column-4\"><a href=\"https:\/\/eu-bayern.de\/kvhammelburg\/wp-content\/uploads\/sites\/10\/2022\/11\/Ausgabe-110-Dez-2022.pdf\">Ausgabe 110 Dez 2022<\/a><\/td>\n<\/tr>\n<tr class=\"row-22 even\">\n\t<td class=\"column-1\"><\/td><td class=\"column-2\"><a href=\"https:\/\/eu-bayern.de\/kvhammelburg\/wp-content\/uploads\/sites\/10\/2019\/09\/Ausgabe-51-Jun-1996.pdf\">Ausgabe-51-Jun-1996<\/a><\/td><td class=\"column-3\"><a href=\"https:\/\/eu-bayern.de\/kvhammelburg\/wp-content\/uploads\/sites\/10\/2019\/09\/Ausgabe-81-Feb-2007.pdf\">Ausgabe-81-Feb-2007<\/a><\/td><td class=\"column-4\"><a href=\"https:\/\/eu-bayern.de\/kvhammelburg\/wp-content\/uploads\/sites\/10\/2023\/12\/Ausgabe-111-Dez-2023.pdf\">Ausgabe 111 Dez 2023<\/a><\/td>\n<\/tr>\n<tr class=\"row-23 odd\">\n\t<td class=\"column-1\"><a href=\"https:\/\/eu-bayern.de\/kvhammelburg\/wp-content\/uploads\/sites\/10\/2019\/12\/Ausgabe-22-Dez-1985.pdf\">Ausgabe 22 Dez 1985<\/a><\/td><td class=\"column-2\"><a href=\"https:\/\/eu-bayern.de\/kvhammelburg\/wp-content\/uploads\/sites\/10\/2019\/09\/Ausgabe-52-Nov-1996.pdf\">Ausgabe-52-Nov-1996<\/a><\/td><td class=\"column-3\"><a href=\"https:\/\/eu-bayern.de\/kvhammelburg\/wp-content\/uploads\/sites\/10\/2019\/09\/Ausgabe-82-Aug-2007.pdf\">Ausgabe-82-Aug-2007<\/a><\/td><td class=\"column-4\"><a href=\"https:\/\/eu-hammelburg.de\/wp-content\/uploads\/sites\/10\/2024\/12\/Europaspiegel-2024-12-online.pdf\">Ausgabe 112 Dez 2024<\/a><\/td>\n<\/tr>\n<tr class=\"row-24 even\">\n\t<td class=\"column-1\"><a href=\"https:\/\/eu-bayern.de\/kvhammelburg\/wp-content\/uploads\/sites\/10\/2019\/12\/Ausgabe-23-Feb-1986.pdf\">Ausgabe 23 Feb 1986<\/a><\/td><td class=\"column-2\"><a href=\"https:\/\/eu-bayern.de\/kvhammelburg\/wp-content\/uploads\/sites\/10\/2019\/09\/Ausgabe-53-Feb-1997.pdf\">Ausgabe-53-Feb-1997<\/a><\/td><td class=\"column-3\"><a href=\"https:\/\/eu-bayern.de\/kvhammelburg\/wp-content\/uploads\/sites\/10\/2019\/09\/Ausgabe-83-Jan-2008.pdf\">Ausgabe-83-Jan-2008<\/a><\/td><td class=\"column-4\"><a href=\"https:\/\/eu-hammelburg.de\/wp-content\/uploads\/sites\/10\/2026\/01\/Europaspiegel-113-2025-12-online.pdf\">Ausgabe 113 Dez 2025<\/a><\/td>\n<\/tr>\n<tr class=\"row-25 odd\">\n\t<td class=\"column-1\"><\/td><td class=\"column-2\"><a href=\"https:\/\/eu-bayern.de\/kvhammelburg\/wp-content\/uploads\/sites\/10\/2019\/09\/Ausgabe-54-Apr-1997.pdf\">Ausgabe-54-Apr-1997<\/a><\/td><td class=\"column-3\"><a href=\"https:\/\/eu-bayern.de\/kvhammelburg\/wp-content\/uploads\/sites\/10\/2019\/09\/Ausgabe-84-Aug-2008.pdf\">Ausgabe-84-Aug-2008<\/a><\/td><td class=\"column-4\"><\/td>\n<\/tr>\n<tr class=\"row-26 even\">\n\t<td class=\"column-1\"><a href=\"https:\/\/eu-bayern.de\/kvhammelburg\/wp-content\/uploads\/sites\/10\/2019\/12\/Ausgabe-25-Dez1986.pdf\">Ausgabe 25 Dez1986<\/a><\/td><td class=\"column-2\"><a href=\"https:\/\/eu-bayern.de\/kvhammelburg\/wp-content\/uploads\/sites\/10\/2019\/09\/Ausgabe-55-Nov-1997.pdf\">Ausgabe-55-Nov-1997<\/a><\/td><td class=\"column-3\"><a href=\"https:\/\/eu-bayern.de\/kvhammelburg\/wp-content\/uploads\/sites\/10\/2019\/09\/Ausgabe-85-Nov-2008.pdf\">Ausgabe-85-Nov-2008<\/a><\/td><td class=\"column-4\"><\/td>\n<\/tr>\n<tr class=\"row-27 odd\">\n\t<td class=\"column-1\"><\/td><td class=\"column-2\"><a href=\"https:\/\/eu-bayern.de\/kvhammelburg\/wp-content\/uploads\/sites\/10\/2019\/09\/Ausgabe-56-M\u00e4r-1998.pdf\">Ausgabe-56-M\u00e4r-1998<\/a><\/td><td class=\"column-3\"><a href=\"https:\/\/eu-bayern.de\/kvhammelburg\/wp-content\/uploads\/sites\/10\/2019\/09\/Ausgabe-86-Jun-2009.pdf\">Ausgabe-86-Jun-2009<\/a><\/td><td class=\"column-4\"><\/td>\n<\/tr>\n<tr class=\"row-28 even\">\n\t<td class=\"column-1\"><a href=\"https:\/\/eu-bayern.de\/kvhammelburg\/wp-content\/uploads\/sites\/10\/2019\/12\/Ausgabe-27-Apr-1987.pdf\">Ausgabe 27 Apr 1987<\/a><\/td><td class=\"column-2\"><a href=\"https:\/\/eu-bayern.de\/kvhammelburg\/wp-content\/uploads\/sites\/10\/2019\/09\/Ausgabe-57-Okt-1998.pdf\">Ausgabe-57-Okt-1998<\/a><\/td><td class=\"column-3\"><a href=\"https:\/\/eu-bayern.de\/kvhammelburg\/wp-content\/uploads\/sites\/10\/2019\/09\/Ausgabe-87-Dez-2009.pdf\">Ausgabe-87-Dez-2009<\/a><\/td><td class=\"column-4\"><\/td>\n<\/tr>\n<tr class=\"row-29 odd\">\n\t<td class=\"column-1\"><a href=\"https:\/\/eu-bayern.de\/kvhammelburg\/wp-content\/uploads\/sites\/10\/2019\/11\/Ausgabe-28-Jul-1987.pdf\">Ausgabe 28 Jul 1987<\/a><\/td><td class=\"column-2\"><a href=\"https:\/\/eu-bayern.de\/kvhammelburg\/wp-content\/uploads\/sites\/10\/2019\/09\/Ausgabe-58-Feb-1999.pdf\">Ausgabe-58-Feb-1999<\/a><\/td><td class=\"column-3\"><a href=\"https:\/\/eu-bayern.de\/kvhammelburg\/wp-content\/uploads\/sites\/10\/2019\/09\/Ausgabe-88-Mai-2010.pdf\">Ausgabe-88-Mai-2010<\/a><\/td><td class=\"column-4\"><\/td>\n<\/tr>\n<tr class=\"row-30 even\">\n\t<td class=\"column-1\"><a href=\"https:\/\/eu-bayern.de\/kvhammelburg\/wp-content\/uploads\/sites\/10\/2019\/11\/Ausgabe-29-Nov-1987.pdf\">Ausgabe 29 Nov 1987<\/a><\/td><td class=\"column-2\"><a href=\"https:\/\/eu-bayern.de\/kvhammelburg\/wp-content\/uploads\/sites\/10\/2019\/09\/Ausgabe-59-Apr-1999.pdf\">Ausgabe-59-Apr-1999<\/a><\/td><td class=\"column-3\"><a href=\"https:\/\/eu-bayern.de\/kvhammelburg\/wp-content\/uploads\/sites\/10\/2019\/09\/Ausgabe-89-Dez-2010.pdf\">Ausgabe-89-Dez-2010<\/a><\/td><td class=\"column-4\"><\/td>\n<\/tr>\n<tr class=\"row-31 odd\">\n\t<td class=\"column-1\"><a href=\"https:\/\/eu-bayern.de\/kvhammelburg\/wp-content\/uploads\/sites\/10\/2019\/11\/Ausgabe-30-Feb-1988.pdf\">Ausgabe 30 Feb 1988<\/a><\/td><td class=\"column-2\"><a href=\"https:\/\/eu-bayern.de\/kvhammelburg\/wp-content\/uploads\/sites\/10\/2019\/09\/Ausgabe-60-Okt-1999.pdf\">Ausgabe-60-Okt-1999<\/a><\/td><td class=\"column-3\"><a href=\"https:\/\/eu-bayern.de\/kvhammelburg\/wp-content\/uploads\/sites\/10\/2019\/09\/Ausgabe-90-Jun-2011.pdf\">Ausgabe-90-Jun-2011<\/a><\/td><td class=\"column-4\"><\/td>\n<\/tr>\n<\/tbody>\n<\/table>\n<!-- #tablepress-5 from cache --><\/div><\/div><\/div><div class=\"fusion-clearfix\"><\/div><\/div><\/div><\/div><\/div>\n","protected":false},"excerpt":{"rendered":"","protected":false},"author":2,"featured_media":0,"parent":0,"menu_order":0,"comment_status":"closed","ping_status":"closed","template":"","meta":[],"acf":[],"_links":{"self":[{"href":"https:\/\/eu-bayern.de\/kvhammelburg\/wp-json\/wp\/v2\/pages\/797"}],"collection":[{"href":"https:\/\/eu-bayern.de\/kvhammelburg\/wp-json\/wp\/v2\/pages"}],"about":[{"href":"https:\/\/eu-bayern.de\/kvhammelburg\/wp-json\/wp\/v2\/types\/page"}],"author":[{"embeddable":true,"href":"https:\/\/eu-bayern.de\/kvhammelburg\/wp-json\/wp\/v2\/users\/2"}],"replies":[{"embeddable":true,"href":"https:\/\/eu-bayern.de\/kvhammelburg\/wp-json\/wp\/v2\/comments?post=797"}],"version-history":[{"count":2,"href":"https:\/\/eu-bayern.de\/kvhammelburg\/wp-json\/wp\/v2\/pages\/797\/revisions"}],"predecessor-version":[{"id":2252,"href":"https:\/\/eu-bayern.de\/kvhammelburg\/wp-json\/wp\/v2\/pages\/797\/revisions\/2252"}],"wp:attachment":[{"href":"https:\/\/eu-bayern.de\/kvhammelburg\/wp-json\/wp\/v2\/media?parent=797"}],"curies":[{"name":"wp","href":"https:\/\/api.w.org\/{rel}","templated":true}]}}