{"id":770,"date":"2019-09-22T22:48:42","date_gmt":"2019-09-22T20:48:42","guid":{"rendered":"https:\/\/eu-hammelburg.de\/?page_id=770"},"modified":"2023-12-05T15:12:11","modified_gmt":"2023-12-05T14:12:11","slug":"programm-ziele","status":"publish","type":"page","link":"https:\/\/eu-bayern.de\/kvhammelburg\/programm-ziele\/","title":{"rendered":"Programm &amp; Ziele"},"content":{"rendered":"<p><div class=\"fusion-fullwidth fullwidth-box fusion-builder-row-1 nonhundred-percent-fullwidth non-hundred-percent-height-scrolling\" style=\"background-color: rgba(255,255,255,0);background-position: center center;background-repeat: no-repeat;padding-top:0px;padding-right:0px;padding-bottom:0px;padding-left:0px;margin-bottom: 0px;margin-top: 0px;border-width: 0px 0px 0px 0px;border-color:#eae9e9;border-style:solid;\" ><div class=\"fusion-builder-row fusion-row\"><div class=\"fusion-layout-column fusion_builder_column fusion-builder-column-0 fusion_builder_column_1_1 1_1 fusion-one-full fusion-column-first fusion-column-last\" style=\"margin-top:0px;margin-bottom:20px;\"><div class=\"fusion-column-wrapper fusion-flex-column-wrapper-legacy\" style=\"background-position:left top;background-repeat:no-repeat;-webkit-background-size:cover;-moz-background-size:cover;-o-background-size:cover;background-size:cover;padding: 0px 0px 0px 0px;\"><div class=\"fusion-tabs fusion-tabs-1 clean horizontal-tabs icon-position-left\"><style type=\"text\/css\">#wrapper .fusion-tabs.fusion-tabs-1.clean .nav-tabs li a.tab-link{border-color:#ffffff;}.fusion-tabs.fusion-tabs-1 .nav-tabs li a.tab-link{background-color:#eeeeee;}.fusion-tabs.fusion-tabs-1 .nav-tabs li.active a.tab-link,.fusion-tabs.fusion-tabs-1 .nav-tabs li.active a.tab-link:hover,.fusion-tabs.fusion-tabs-1 .nav-tabs li.active a.tab-link:focus{background-color:#ffcc00;}.fusion-tabs.fusion-tabs-1 .nav-tabs li a:hover{background-color:#ffcc00;border-top-color:#ffcc00;}.fusion-tabs.fusion-tabs-1 .tab-pane{background-color:#ffcc00;}.fusion-tabs.fusion-tabs-1 .nav,.fusion-tabs.fusion-tabs-1 .nav-tabs,.fusion-tabs.fusion-tabs-1 .tab-content .tab-pane{border-color:#ffffff;}<\/style><div class=\"nav\"><ul class=\"nav-tabs nav-justified\" role=\"tablist\"><li class=\"active\" role=\"presentation\"><a class=\"tab-link\" data-toggle=\"tab\" role=\"tab\" aria-controls=\"tab-88deb6fc5492d9ec81c\" aria-selected=\"true\" id=\"fusion-tab-werwirsind\" href=\"#tab-88deb6fc5492d9ec81c\"><h4 class=\"fusion-tab-heading\">Wer wir sind<\/h4><\/a><\/li><li role=\"presentation\"><a class=\"tab-link\" data-toggle=\"tab\" role=\"tab\" aria-controls=\"tab-89bea6f50d6df880020\" aria-selected=\"false\" tabindex=\"-1\" id=\"fusion-tab-waswirmachen\" href=\"#tab-89bea6f50d6df880020\"><h4 class=\"fusion-tab-heading\">Was wir machen<\/h4><\/a><\/li><li role=\"presentation\"><a class=\"tab-link\" data-toggle=\"tab\" role=\"tab\" aria-controls=\"tab-50ba92871bfd5cbf6d9\" aria-selected=\"false\" tabindex=\"-1\" id=\"fusion-tab-unsereziele\" href=\"#tab-50ba92871bfd5cbf6d9\"><h4 class=\"fusion-tab-heading\">Unsere Ziele<\/h4><\/a><\/li><li role=\"presentation\"><a class=\"tab-link\" data-toggle=\"tab\" role=\"tab\" aria-controls=\"tab-97c58eac71b88417b6f\" aria-selected=\"false\" tabindex=\"-1\" id=\"fusion-tab-satzung\" href=\"#tab-97c58eac71b88417b6f\"><h4 class=\"fusion-tab-heading\">Satzung<\/h4><\/a><\/li><\/ul><\/div><div class=\"tab-content\"><div class=\"nav fusion-mobile-tab-nav\"><ul class=\"nav-tabs nav-justified\" role=\"tablist\"><li class=\"active\" role=\"presentation\"><a class=\"tab-link\" data-toggle=\"tab\" role=\"tab\" aria-controls=\"tab-88deb6fc5492d9ec81c\" aria-selected=\"true\" id=\"mobile-fusion-tab-werwirsind\" href=\"#tab-88deb6fc5492d9ec81c\"><h4 class=\"fusion-tab-heading\">Wer wir sind<\/h4><\/a><\/li><\/ul><\/div><div class=\"tab-pane fade fusion-clearfix in active\" role=\"tabpanel\" tabindex=\"0\" aria-labelledby=\"fusion-tab-werwirsind\" id=\"tab-88deb6fc5492d9ec81c\">\n<p>Die\u00a0<strong>Europa-Union<\/strong>\u00a0ist eine am 9. Dezember 1946 gegr\u00fcndete, \u00fcberparteiliche und pro-europ\u00e4ische Organisation der Zivilgesellschaft und damit ein Zusammenschluss von B\u00fcrgern. Unser unabh\u00e4ngiger\u00a0Verband setzt sich f\u00fcr ein vereintes, f\u00f6deral organisiertes, demokratisches und friedliches Europa ein. Hierbei spielen die Gedanken der V\u00f6lkerverst\u00e4ndigung und der Bewahrung der \u201eEinheit in Vielfalt\u201c Europas eine zentrale Rolle.<\/p>\n<p>Unsere Mitglieder treten f\u00fcr die Verbreitung und Verwurzelung der Europ\u00e4ischen Idee in Deutschland ein. Derzeit sind ca. 17.000 Mitglieder in 16 Landesverb\u00e4nden und rund 350 Bezirks-, Kreis- und Ortsverb\u00e4nden organisiert. Die Europa-Union Bayern e. V. stellt dabei, zusammen mit ihrem Jugendverband Junge Europ\u00e4er Bayern e.V. (<strong>JEF<\/strong>), den st\u00e4rksten Landesverband in Deutschland. Gemeinsam mit unseren europ\u00e4ischen Partnerverb\u00e4nden, die unter dem Dach der Union der Europ\u00e4ischen F\u00f6deralisten (<strong>UEF<\/strong>) zusammengeschlossen sind, engagieren wir uns f\u00fcr das weitere Zusammenwachsen Europas.<\/p>\n<p>Dabei liegt uns insbesondere eine b\u00fcrgernahe und transparente Ausgestaltung Europas nach f\u00f6deralen Prinzipien und auf einer demokratischen Basis am Herzen. Um dieses Ziel zu erreichen, wollen wir Menschen aus allen gesellschaftlichen Gruppen und mit demokratischer Gesinnung gewinnen und weiter zur V\u00f6lkerverst\u00e4ndigung beitragen.<\/p>\n<p>Haben auch Sie Interesse an unserer Arbeit?<\/p>\n<\/div><div class=\"nav fusion-mobile-tab-nav\"><ul class=\"nav-tabs nav-justified\" role=\"tablist\"><li role=\"presentation\"><a class=\"tab-link\" data-toggle=\"tab\" role=\"tab\" aria-controls=\"tab-89bea6f50d6df880020\" aria-selected=\"false\" tabindex=\"-1\" id=\"mobile-fusion-tab-waswirmachen\" href=\"#tab-89bea6f50d6df880020\"><h4 class=\"fusion-tab-heading\">Was wir machen<\/h4><\/a><\/li><\/ul><\/div><div class=\"tab-pane fade fusion-clearfix\" role=\"tabpanel\" tabindex=\"0\" aria-labelledby=\"fusion-tab-waswirmachen\" id=\"tab-89bea6f50d6df880020\">\n<p class=\"tinymce_own02\"><strong>Mit dem EU-Kreisverband Hammelburg f\u00fcr ein friedvolles Europa<\/strong><\/p>\n<p>Die Europa-Union Deutschland tritt f\u00fcr die Schaffung der Vereinigten Staaten von Europa auf f\u00f6derativer und rechtsstaatlicher Grundlage ein. Sie ist ein gemeinn\u00fctziger Verein, der \u00fcberparteilich die B\u00fcrgerinnen und B\u00fcrger durch Seminare, Vortr\u00e4ge, Ausstellungen und Studienfahrten informiert.<\/p>\n<p>Der EU \u2013 Kreisverband Hammelburg e.V. ist mit seinen \u00fcber 350 Mitgliedern (Stand Nov. 2023) in Deutschland eine Hochburg f\u00fcr das vereinte Europa. Die Aktivit\u00e4ten im Kreisverband sind vielseitig und spiegeln sich in einer F\u00fclle von Veranstaltungen wider, an denen nicht nur Mitglieder, sondern auch alle B\u00fcrgerinnen und B\u00fcrger teilnehmen k\u00f6nnen. Diese Stellung m\u00f6chte der Kreisverband halten und zielorientiert weiterentwickeln. Helfen Sie uns dabei mit Ihrer Mitgliedschaft im Kreisverband der Europa-Union Hammelburg e.V.<\/p>\n<p>Im Arbeitskreis <span style=\"color: #339966\"><em><strong>\u201ePolitik und Gesellschaft\u201c (APG)<\/strong><\/em><\/span> besch\u00e4ftigt man sich mit politischen und gesellschaftlichen Themen. Monatliche Treffen hierzu finden i.d.R. im Europa-Haus Hammelburg am Viehmarkt statt. Bei diesen Veranstaltungen erfahren Sie von kompetenten Referenten nicht nur mehr \u00fcber aktuelle Themen- und Problemfelder, sondern k\u00f6nnen in der Diskussionsrunde auch auf Ihre Fragen entsprechend fachkundige Antworten erwarten<\/p>\n<p>F\u00fcr die Mitglieder besonders wichtig sind die <span style=\"color: #339966\"><em><strong>allj\u00e4hrlich stattfindenden Reisen<\/strong><\/em><\/span> in Europa aber auch in andere Kontinente. Tagesfahrten mit kulturellen und\/oder gesellschaftlichen Charakter runden das Ausflugprogramm ab. Wanderungen zu besonderen Themen finden ebenfalls immer wieder gro\u00dfen Zuspruch.<\/p>\n<p>Auch das Gesellschaftliche kommt nicht zu kurz. Die <span style=\"color: #339966\"><em><strong>Freunde des Kartenspielens<\/strong><\/em><\/span> treffen sich jeden 1. Freitag im Monat zum Schafkopf oder Skat im Europa-Haus. Kulturell beteiligen sich \u00fcber 75 Personen in <span style=\"color: #339966\"><em><strong>Abonnements am Schweinfurter Theater<\/strong><\/em><\/span>. Hierzu organisiert der Kreisverband speziell eine Busverbindung von Hammelburg nach Schweinfurt zu den Vorstellungen des gemischten Abos. (Wegen Generalsanierung, Umbau und Erweiterung des Theaters der Stadt Schweinfurt ruht allerdings diese Aktivit\u00e4t voraussichtlich noch bis Herbst 2024).<\/p>\n<p>Als Mitglied erhalten Sie regelm\u00e4\u00dfig unseren <em><strong><span style=\"color: #339966\">\u201eEuropa-Spiegel\u201c<\/span><\/strong><\/em>. Dieses interne Mitteilungsblatt erscheint mindestens einmal j\u00e4hrlich, informiert \u00fcber aktuelle Terminplanungen und das Vereinsgeschehen. In unserem digitalen Archiv auf dieser Homepage unter \u201eINFO\u201c finden Sie neben der aktuellen Auflage ebenso fast alle zur\u00fcckliegenden Ausgaben. Mit weit \u00fcber 1100 Seiten sind so auch ein St\u00fcck Zeitgeschichte des Kreisverbandes Hammelburg dokumentiert.<\/p>\n<p>Wenn wir Ihr Interesse geweckt haben, verfolgen Sie unsere Aktivit\u00e4ten auf dieser Homepage unter www.eu-hammelburg.de. Sie sind immer herzlich und unverbindlich zu unseren Veranstaltungen eingeladen. Wir freuen uns auf Sie!<\/p>\n<\/div><div class=\"nav fusion-mobile-tab-nav\"><ul class=\"nav-tabs nav-justified\" role=\"tablist\"><li role=\"presentation\"><a class=\"tab-link\" data-toggle=\"tab\" role=\"tab\" aria-controls=\"tab-50ba92871bfd5cbf6d9\" aria-selected=\"false\" tabindex=\"-1\" id=\"mobile-fusion-tab-unsereziele\" href=\"#tab-50ba92871bfd5cbf6d9\"><h4 class=\"fusion-tab-heading\">Unsere Ziele<\/h4><\/a><\/li><\/ul><\/div><div class=\"tab-pane fade fusion-clearfix\" role=\"tabpanel\" tabindex=\"0\" aria-labelledby=\"fusion-tab-unsereziele\" id=\"tab-50ba92871bfd5cbf6d9\">\n<p align=\"justify\">Die Europa-Union Bayern fordert die Einigung Europas in einem f\u00f6deralen und demokratischen System, mit dem Ziel eines Europ\u00e4ischen Bundesstaates. Nur so kann Europa nachhaltig zu mehr Frieden und Wohlstand in der Welt beitragen. Deshalb setzen wir uns ein f\u00fcr:<\/p>\n<p class=\"tinymce_own02\"><strong><em>Ein Europa der B\u00fcrger:<\/em><\/strong><\/p>\n<p>Die B\u00fcrgerinnen und B\u00fcrger m\u00fcssen intensiver an der Gestaltung Europas beteiligt werden. Wir wollen ein b\u00fcrgernahes Europa, in dem die Entscheidungsprozesse transparent gehalten sind.<\/p>\n<p class=\"tinymce_own02\"><strong><em>Europas Einheit in Vielfalt:<\/em><\/strong><\/p>\n<p>Europas Vielfalt ist seine St\u00e4rke. Wir wollen diese Vielfalt bewahren und das europ\u00e4ische Bewusstsein f\u00fcr unsere gemeinsame und friedliche Zukunft f\u00f6rdern.<\/p>\n<p class=\"tinymce_own02\"><strong><em>Eine politische Union:<\/em><\/strong><\/p>\n<p>die sich Ihrer sozialen Verantwortung bewusst ist! Europa schafft Wohlstand und besitzt damit sowohl soziale Verantwortung als auch Verantwortung als Stabilit\u00e4tsfaktor und friedenssichernde Kraft in der Welt. Nur mit einer\u00a0B\u00fcndelung seiner Kr\u00e4fte kann Europa diesen Aufgaben nachkommen und seine Vorbildfunktion f\u00fcr andere Weltregionen behaupten.<\/p>\n<p class=\"tinymce_own02\"><strong><em>Eine handlungsf\u00e4hige EU:<\/em><\/strong><\/p>\n<p>Die Europ\u00e4ische Union muss nach innen und au\u00dfen handlungsf\u00e4hig und glaubw\u00fcrdig sein. Dazu muss sie \u00fcber effiziente und nachvollziehbare Entscheidungsverfahren verf\u00fcgen und vermehrt mit einer Stimme sprechen.\u00a0Der Vertrag von Lissabon ist aus unserer Sicht\u00a0ein richtungweisender Schritt auf dem Weg zu einer transparenteren und b\u00fcrgerfreundlicheren EU, die das Subsidiarit\u00e4tsprinzip achtet.<\/p>\n<p class=\"tinymce_own02\"><strong><em>Ein starkes Europ\u00e4isches Parlament:<\/em><\/strong><\/p>\n<p>Das Europ\u00e4ische Parlament ist die Vertretung der B\u00fcrger in der EU. Die parlamentarische Ebene\u00a0muss weiter gest\u00e4rkt werden, damit\u00a0sie Hand in Hand mit den nationalen Parlamenten Ihrer wichtigen Funktion als Stimme der B\u00fcrger nachkommen kann.<\/p>\n<\/div><div class=\"nav fusion-mobile-tab-nav\"><ul class=\"nav-tabs nav-justified\" role=\"tablist\"><li role=\"presentation\"><a class=\"tab-link\" data-toggle=\"tab\" role=\"tab\" aria-controls=\"tab-97c58eac71b88417b6f\" aria-selected=\"false\" tabindex=\"-1\" id=\"mobile-fusion-tab-satzung\" href=\"#tab-97c58eac71b88417b6f\"><h4 class=\"fusion-tab-heading\">Satzung<\/h4><\/a><\/li><\/ul><\/div><div class=\"tab-pane fade fusion-clearfix\" role=\"tabpanel\" tabindex=\"0\" aria-labelledby=\"fusion-tab-satzung\" id=\"tab-97c58eac71b88417b6f\">\n<h2>Auszug aus der Satzung:<\/h2>\n<p>Die Satzung der Europa\u2013Union Kreisverband Hammelburg e. V. . k\u00f6nnen Sie <a href=\"https:\/\/eu-hammelburg.de\/dokumente\/\">hier herunterladen<\/a><\/p>\n<h3>\u00a71 Name, Sitz, Gesch\u00e4ftsjahr<\/h3>\n<ol>\n<li>Der Verein f\u00fchrt den Namen \u201eEuropa-Union Kreisverband Hammelburg e. V.\u201c, im Folgenden als EU-Hammelburg bezeichnet. Er ist ordentliches Mitglied der Europa Union Landesverband Bayern e.V..<\/li>\n<li>Der Sitz des Vereins ist Hammelburg.<\/li>\n<li>Gesch\u00e4ftsjahr ist das Kalenderjahr.<\/li>\n<li>Der Verein ist im Vereinsregister eingetragen.<\/li>\n<\/ol>\n<h3>\u00a72 Zweck, Programm und Ziel<\/h3>\n<ol>\n<li>Die EU-Hammelburg ist eine \u00fcberparteiliche und \u00fcberkonfessionelle politische Organisation.<\/li>\n<li>Unter voller Wahrung ihrer geistigen, politischen und organisatorischen Unabh\u00e4ngigkeit ist die EU-Hammelburg bestrebt, die \u00f6ffentliche Meinung f\u00fcr die f\u00f6derative und demokratischrechtsstaatliche Vereinigung der europ\u00e4ischen V\u00f6lker zu gewinnen. Die EU-Hammelburg arbeitet im Rahmen der Europ\u00e4ischen Bewegung mit anderen Verb\u00e4nden zusammen, die eine f\u00f6derative und demokratisch-rechtsstaatliche Vereinigung der europ\u00e4ischen V\u00f6lker anstreben.<\/li>\n<li>Zum Aufgabengebiet der EU-Hammelburg z\u00e4hlen auch grenz\u00fcberschreitende Partnerschaften und Begegnungen mit dem Ziel, den europ\u00e4ischen Gedanken zu f\u00f6rdern.<\/li>\n<li>Die F\u00f6rderung der Entwicklungshilfe<\/li>\n<\/ol>\n<h3>\u00a73 Gemeinn\u00fctzigkeit<\/h3>\n<ol>\n<li>Der EU-Hammelburg verfolgt ausschlie\u00dflich und unmittelbar gemeinn\u00fctzige Zwecke im Sinne des Abschnittes \u201eSteuerbeg\u00fcnstigte Zwecke\u201c der Abgabenverordnung. Die EU-Hammelburg f\u00f6rdert die internationale Gesinnung, Toleranz auf allen Gebieten, die Kultur und den V\u00f6lkerverst\u00e4ndigungsgedanken. Es d\u00fcrfen keine Mittel f\u00fcr die unmittelbare oder mittelbare F\u00f6rderung politischer Parteien verwendet werden<\/li>\n<\/ol>\n<\/div><\/div><\/div><div class=\"fusion-clearfix\"><\/div><\/div><\/div><\/div><\/div><div class=\"fusion-fullwidth fullwidth-box fusion-builder-row-2 nonhundred-percent-fullwidth non-hundred-percent-height-scrolling\" style=\"background-color: rgba(255,255,255,0);background-position: center center;background-repeat: no-repeat;padding-top:0px;padding-right:0px;padding-bottom:0px;padding-left:0px;margin-bottom: 0px;margin-top: 0px;border-width: 0px 0px 0px 0px;border-color:#eae9e9;border-style:solid;\" ><div class=\"fusion-builder-row fusion-row\"><div class=\"fusion-layout-column fusion_builder_column fusion-builder-column-1 fusion_builder_column_1_1 1_1 fusion-one-full fusion-column-first fusion-column-last\" style=\"margin-top:0px;margin-bottom:20px;\"><div class=\"fusion-column-wrapper fusion-flex-column-wrapper-legacy\" style=\"background-position:left top;background-repeat:no-repeat;-webkit-background-size:cover;-moz-background-size:cover;-o-background-size:cover;background-size:cover;padding: 0px 0px 0px 0px;\"><div class=\"fusion-aligncenter\"><style>.fusion-button.button-1{border-radius:0px 0px 0px 0px;}<\/style><a class=\"fusion-button button-flat fusion-button-default-size button-default button-1 fusion-button-default-span fusion-button-default-type\" target=\"_blank\" rel=\"noopener noreferrer\" href=\"https:\/\/eu-hammelburg.de\/mitmachen\/\"><i class=\"fa-file-contract fas button-icon-left\" aria-hidden=\"true\"><\/i><span class=\"fusion-button-text\">Mitgliedschaft beantragen<\/span><\/a><\/div><div class=\"fusion-clearfix\"><\/div><\/div><\/div><\/div><\/div><\/p>\n","protected":false},"excerpt":{"rendered":"","protected":false},"author":2,"featured_media":0,"parent":0,"menu_order":0,"comment_status":"closed","ping_status":"closed","template":"","meta":[],"acf":[],"_links":{"self":[{"href":"https:\/\/eu-bayern.de\/kvhammelburg\/wp-json\/wp\/v2\/pages\/770"}],"collection":[{"href":"https:\/\/eu-bayern.de\/kvhammelburg\/wp-json\/wp\/v2\/pages"}],"about":[{"href":"https:\/\/eu-bayern.de\/kvhammelburg\/wp-json\/wp\/v2\/types\/page"}],"author":[{"embeddable":true,"href":"https:\/\/eu-bayern.de\/kvhammelburg\/wp-json\/wp\/v2\/users\/2"}],"replies":[{"embeddable":true,"href":"https:\/\/eu-bayern.de\/kvhammelburg\/wp-json\/wp\/v2\/comments?post=770"}],"version-history":[{"count":1,"href":"https:\/\/eu-bayern.de\/kvhammelburg\/wp-json\/wp\/v2\/pages\/770\/revisions"}],"predecessor-version":[{"id":1744,"href":"https:\/\/eu-bayern.de\/kvhammelburg\/wp-json\/wp\/v2\/pages\/770\/revisions\/1744"}],"wp:attachment":[{"href":"https:\/\/eu-bayern.de\/kvhammelburg\/wp-json\/wp\/v2\/media?parent=770"}],"curies":[{"name":"wp","href":"https:\/\/api.w.org\/{rel}","templated":true}]}}