{"id":766,"date":"2019-09-22T22:49:12","date_gmt":"2019-09-22T20:49:12","guid":{"rendered":"https:\/\/eu-hammelburg.de\/?page_id=766"},"modified":"2023-12-05T10:00:09","modified_gmt":"2023-12-05T09:00:09","slug":"willkommen","status":"publish","type":"page","link":"https:\/\/eu-bayern.de\/kvhammelburg\/willkommen\/","title":{"rendered":"Willkommen"},"content":{"rendered":"<div class=\"fusion-fullwidth fullwidth-box fusion-builder-row-1 nonhundred-percent-fullwidth non-hundred-percent-height-scrolling\" style=\"background-color: rgba(255,255,255,0);background-position: center center;background-repeat: no-repeat;padding-top:0px;padding-right:0px;padding-bottom:0px;padding-left:0px;margin-bottom: 0px;margin-top: 0px;border-width: 0px 0px 0px 0px;border-color:#eae9e9;border-style:solid;\" ><div class=\"fusion-builder-row fusion-row\"><div class=\"fusion-layout-column fusion_builder_column fusion-builder-column-0 fusion_builder_column_1_1 1_1 fusion-one-full fusion-column-first fusion-column-last\" style=\"margin-top:0px;margin-bottom:20px;\"><div class=\"fusion-column-wrapper fusion-flex-column-wrapper-legacy\" style=\"background-position:left top;background-repeat:no-repeat;-webkit-background-size:cover;-moz-background-size:cover;-o-background-size:cover;background-size:cover;padding: 0px 0px 0px 0px;\"><div class=\"fusion-tabs fusion-tabs-1 clean horizontal-tabs icon-position-left\"><style type=\"text\/css\">#wrapper .fusion-tabs.fusion-tabs-1.clean .nav-tabs li a.tab-link{border-color:#ffffff;}.fusion-tabs.fusion-tabs-1 .nav-tabs li a.tab-link{background-color:#eeeeee;}.fusion-tabs.fusion-tabs-1 .nav-tabs li.active a.tab-link,.fusion-tabs.fusion-tabs-1 .nav-tabs li.active a.tab-link:hover,.fusion-tabs.fusion-tabs-1 .nav-tabs li.active a.tab-link:focus{background-color:#ffcc00;}.fusion-tabs.fusion-tabs-1 .nav-tabs li a:hover{background-color:#ffcc00;border-top-color:#ffcc00;}.fusion-tabs.fusion-tabs-1 .tab-pane{background-color:#ffcc00;}.fusion-tabs.fusion-tabs-1 .nav,.fusion-tabs.fusion-tabs-1 .nav-tabs,.fusion-tabs.fusion-tabs-1 .tab-content .tab-pane{border-color:#ffffff;}<\/style><div class=\"nav\"><ul class=\"nav-tabs nav-justified\" role=\"tablist\"><li class=\"active\" role=\"presentation\"><a class=\"tab-link\" data-toggle=\"tab\" role=\"tab\" aria-controls=\"tab-b4e0b7d515fc543da8a\" aria-selected=\"true\" id=\"fusion-tab-willkommen\" href=\"#tab-b4e0b7d515fc543da8a\"><h4 class=\"fusion-tab-heading\">Willkommen<\/h4><\/a><\/li><li role=\"presentation\"><a class=\"tab-link\" data-toggle=\"tab\" role=\"tab\" aria-controls=\"tab-b564bc4c6ee029aba30\" aria-selected=\"false\" tabindex=\"-1\" id=\"fusion-tab-europa-haus\" href=\"#tab-b564bc4c6ee029aba30\"><h4 class=\"fusion-tab-heading\">Europa-Haus<\/h4><\/a><\/li><\/ul><\/div><div class=\"tab-content\"><div class=\"nav fusion-mobile-tab-nav\"><ul class=\"nav-tabs nav-justified\" role=\"tablist\"><li class=\"active\" role=\"presentation\"><a class=\"tab-link\" data-toggle=\"tab\" role=\"tab\" aria-controls=\"tab-b4e0b7d515fc543da8a\" aria-selected=\"true\" id=\"mobile-fusion-tab-willkommen\" href=\"#tab-b4e0b7d515fc543da8a\"><h4 class=\"fusion-tab-heading\">Willkommen<\/h4><\/a><\/li><\/ul><\/div><div class=\"tab-pane fade fusion-clearfix in active\" role=\"tabpanel\" tabindex=\"0\" aria-labelledby=\"fusion-tab-willkommen\" id=\"tab-b4e0b7d515fc543da8a\">\n<p class=\"tinymce_own01\">Herzlich willkommen bei der Europa-Union Hammelburg e.V.<\/p>\n<p>Der 1956 gegr\u00fcndete Kreisverband Hammelburg e.V. mit seinen \u00fcber 350 Mitgliedern (Stand November 2023) ist momentan immer noch der gr\u00f6\u00dfte in Deutschland. Wir freuen uns, dass Sie sich f\u00fcr unseren \u00fcberparteilichen Verband und dessen Engagement in Sachen \u201cEuropa vor Ort\u201d interessieren. Die Betonung liegt dabei ganz klar auf \u201c\u00fcberparteilich\u201d! Bei uns sollen alle zu Wort kommen und sich auch gerne einbringen k\u00f6nnen. Unsere Schwerpunkte besch\u00e4ftigen sich um die gemeinsame Sache \u2013 Europa, wobei aktuelle Themen aus Politik und Gesellschaft nicht zu kurz kommen. Selbstverst\u00e4ndlich laden wir Sie recht herzlich zu unseren Veranstaltungen ein und freuen uns auf neue Besucher. Die Teilnahme ist dabei unabh\u00e4ngig von einer Mitgliedschaft in der Europa-Union. Bei Fragen, Anregungen und W\u00fcnschen senden Sie uns einfach eine E-Mail unter europa-haus@online.de. Gerne k\u00fcmmern wir uns um Ihr Anliegen und senden Ihnen eine R\u00fcckantwort.<\/p>\n<p>Wenn wir ihr Interesse wecken konnten, informieren Sie sich weiter auf den Seiten unserer Homepage, welche \u00fcbrigens im Netzwerk der Europa-Union Bayern e.V. integriert ist. Sie gelangen somit auch auf alle Internetseiten der Verb\u00e4nde in Bayern sowie Deutschland. Viel Spa\u00df dabei und beteiligen Sie sich an unseren Aktivit\u00e4ten, Zielen und Planungen. Wir w\u00fcrden uns auch freuen, wenn wir Sie zuk\u00fcnftig als Mitglied in der Europa-Union begr\u00fc\u00dfen d\u00fcrfen!<\/p>\n<p>Ihr Vorstandsteam des EU-Kreisverbandes Hammelburg e.V.<\/p>\n<\/div><div class=\"nav fusion-mobile-tab-nav\"><ul class=\"nav-tabs nav-justified\" role=\"tablist\"><li role=\"presentation\"><a class=\"tab-link\" data-toggle=\"tab\" role=\"tab\" aria-controls=\"tab-b564bc4c6ee029aba30\" aria-selected=\"false\" tabindex=\"-1\" id=\"mobile-fusion-tab-europa-haus\" href=\"#tab-b564bc4c6ee029aba30\"><h4 class=\"fusion-tab-heading\">Europa-Haus<\/h4><\/a><\/li><\/ul><\/div><div class=\"tab-pane fade fusion-clearfix\" role=\"tabpanel\" tabindex=\"0\" aria-labelledby=\"fusion-tab-europa-haus\" id=\"tab-b564bc4c6ee029aba30\">\n<p><img class=\"aligncenter size-full wp-image-765\" src=\"https:\/\/eu-bayern.de\/kvhammelburg\/wp-content\/uploads\/sites\/10\/2019\/09\/Europa-Haus-1.jpg\" alt=\"\" width=\"396\" height=\"572\" \/><\/p>\n<p>Die Europa-Union Kreisverband Hammelburg ist seit 2000 stolzer Besitzer eines eigenen Domizils f\u00fcr Veranstaltungen und Treffen seiner Mitglieder.<\/p>\n<p>In den knapp 50 Jahren vor dem Erwerb des Europa-Hauses musste sich der Kreisverband in unterschiedliche Hammelburger Standorte einmieten, um eine Gesch\u00e4ftsstelle f\u00fcr die Verbandsarbeit zu betreiben. Die h\u00e4ufigen Umz\u00fcge f\u00f6rderten den Wunsch nach einem festen Domizil. Im Jahr 2000 erwarb der Kreisverband das Haus am Viehmarkt im Herzen der Kernstadt Hammelburg.<\/p>\n<p>In zahlreichen Arbeitsstunden wurde das Wohnhaus zu einem Treffpunkt f\u00fcr den Kreisverband umgestaltet. Der ehemalige Gew\u00f6lbekeller, ausgestattet mit Tischen und Bestuhlung, bietet Platz f\u00fcr ca. 40 Personen und kann auch f\u00fcr kleinere Feiern als Clubkeller genutzt werden. Im Erdgeschoss befinden sich der eigentliche Tagungsraum mit einer kleinen K\u00fcche. Das Gesch\u00e4ftsb\u00fcro und ein Raum f\u00fcr Informations- und Schulungsmaterial sind im 1. Geschoss untergebracht. Im 2. Obergeschoss k\u00f6nnen G\u00e4ste \u00fcbernachten wie etwa Referenten von Veranstaltungen. Dusche sowie sanit\u00e4re Einrichtungen sind selbstverst\u00e4ndlich auch in der Immobilie zu finden. Zur Durchf\u00fchrung von Veranstaltungen stehen neben Beamer &amp; Leinwand, Internetanschluss, WLAN sowie Drucker und Kopierer zur Verf\u00fcgung. Im Juli 2001 wurde das Europa-Haus er\u00f6ffnet und ist seitdem der zentrale Mittelpunkt f\u00fcr die Verbandsarbeit der Europa-Union im Kreisverband Hammelburg e.V.<\/p>\n<\/div><\/div><\/div><div class=\"fusion-clearfix\"><\/div><\/div><\/div><\/div><\/div>\n","protected":false},"excerpt":{"rendered":"","protected":false},"author":2,"featured_media":0,"parent":0,"menu_order":0,"comment_status":"closed","ping_status":"closed","template":"","meta":[],"acf":[],"_links":{"self":[{"href":"https:\/\/eu-bayern.de\/kvhammelburg\/wp-json\/wp\/v2\/pages\/766"}],"collection":[{"href":"https:\/\/eu-bayern.de\/kvhammelburg\/wp-json\/wp\/v2\/pages"}],"about":[{"href":"https:\/\/eu-bayern.de\/kvhammelburg\/wp-json\/wp\/v2\/types\/page"}],"author":[{"embeddable":true,"href":"https:\/\/eu-bayern.de\/kvhammelburg\/wp-json\/wp\/v2\/users\/2"}],"replies":[{"embeddable":true,"href":"https:\/\/eu-bayern.de\/kvhammelburg\/wp-json\/wp\/v2\/comments?post=766"}],"version-history":[{"count":2,"href":"https:\/\/eu-bayern.de\/kvhammelburg\/wp-json\/wp\/v2\/pages\/766\/revisions"}],"predecessor-version":[{"id":1741,"href":"https:\/\/eu-bayern.de\/kvhammelburg\/wp-json\/wp\/v2\/pages\/766\/revisions\/1741"}],"wp:attachment":[{"href":"https:\/\/eu-bayern.de\/kvhammelburg\/wp-json\/wp\/v2\/media?parent=766"}],"curies":[{"name":"wp","href":"https:\/\/api.w.org\/{rel}","templated":true}]}}