{"id":16,"date":"2017-12-09T12:09:42","date_gmt":"2017-12-09T11:09:42","guid":{"rendered":"https:\/\/eu-bayern.de\/tpl1\/?page_id=16"},"modified":"2019-09-24T23:18:25","modified_gmt":"2019-09-24T21:18:25","slug":"termine","status":"publish","type":"page","link":"https:\/\/eu-bayern.de\/kvhammelburg\/termine\/","title":{"rendered":"Termine"},"content":{"rendered":"<div class=\"fusion-fullwidth fullwidth-box fusion-builder-row-1 nonhundred-percent-fullwidth non-hundred-percent-height-scrolling\" style=\"background-color: rgba(255,255,255,0);background-position: center center;background-repeat: no-repeat;padding-top:0px;padding-right:0px;padding-bottom:0px;padding-left:0px;margin-bottom: 0px;margin-top: 0px;border-width: 0px 0px 0px 0px;border-color:#eae9e9;border-style:solid;\" ><div class=\"fusion-builder-row fusion-row\"><div class=\"fusion-layout-column fusion_builder_column fusion-builder-column-0 fusion_builder_column_1_1 1_1 fusion-one-full fusion-column-first fusion-column-last\" style=\"margin-top:0px;margin-bottom:20px;\"><div class=\"fusion-column-wrapper fusion-flex-column-wrapper-legacy\" style=\"background-position:left top;background-repeat:no-repeat;-webkit-background-size:cover;-moz-background-size:cover;-o-background-size:cover;background-size:cover;padding: 0px 0px 0px 0px;\"><div class=\"fusion-text fusion-text-1\"><p class=\"tinymce_own01\">Anstehende Termine<\/p>\n<\/div><div class=\"fusion-builder-row fusion-builder-row-inner fusion-row\"><div class=\"fusion-layout-column fusion_builder_column_inner fusion-builder-nested-column-0 fusion_builder_column_inner_1_3 1_3 fusion-one-third fusion-column-first\" style=\"width:30.6666%; margin-right: 4%;margin-top:0px;margin-bottom:20px;\"><div class=\"fusion-column-wrapper fusion-flex-column-wrapper-legacy\" style=\"background-position:left top;background-repeat:no-repeat;-webkit-background-size:cover;-moz-background-size:cover;-o-background-size:cover;background-size:cover;padding: 0px 0px 0px 0px;\"><style type=\"text\/css\"><\/style><div class=\"fusion-title title fusion-title-1 fusion-title-text fusion-title-size-two txti\" style=\"margin-top:0px;margin-right:0px;margin-bottom:31px;margin-left:0px;\"><h2 class=\"title-heading-left fusion-responsive-typography-calculated\" style=\"margin:0;--fontSize:18;--minFontSize:18px;line-height:1;\">Juni 2026<\/h2><span class=\"awb-title-spacer\"><\/span><div class=\"title-sep-container\"><div class=\"title-sep sep-double sep-solid\" style=\"border-color:#e0dede;\"><\/div><\/div><\/div><div class=\"fusion-clearfix\"><\/div><\/div><\/div><div class=\"fusion-layout-column fusion_builder_column_inner fusion-builder-nested-column-1 fusion_builder_column_inner_2_3 2_3 fusion-two-third fusion-column-last\" style=\"width:65.3333%;margin-top:0px;margin-bottom:20px;\"><div class=\"fusion-column-wrapper fusion-flex-column-wrapper-legacy\" style=\"background-position:left top;background-repeat:no-repeat;-webkit-background-size:cover;-moz-background-size:cover;-o-background-size:cover;background-size:cover;padding: 0px 0px 0px 0px;\"><div class=\"box3\"><div class=\"box4\">14<\/div><style type=\"text\/css\">.fusion-accordian  #accordion-16-1 .panel-title a .fa-fusion-box{ color: #ffffff;}.fusion-accordian  #accordion-16-1 .panel-title a .fa-fusion-box:before{ font-size: 14px; width: 14px;}.fusion-accordian  #accordion-16-1 .panel-title a{font-size:13px;}.fusion-accordian  #accordion-16-1 .fa-fusion-box { background-color: #2a973e;border-color: #2a973e;}.fusion-accordian  #accordion-16-1 .panel-title a:hover, #accordion-16-1 .fusion-toggle-boxed-mode:hover .panel-title a { color: #2a973e;}.fusion-accordian  #accordion-16-1 .panel-title .active .fa-fusion-box,.fusion-accordian  #accordion-16-1 .panel-title a:hover .fa-fusion-box { background-color: #2a973e!important;border-color: #2a973e!important;}<\/style><div class=\"accordian fusion-accordian box6\"><div class=\"panel-group\" id=\"accordion-16-1\"><div class=\"fusion-panel panel-default fusion-toggle-no-divider\"><div class=\"panel-heading\"><h4 class=\"panel-title toggle\"><a aria-expanded=\"false\" aria-controls=\"240f80586ecf84469\" role=\"button\" data-toggle=\"collapse\" data-parent=\"#accordion-16-1\" data-target=\"#240f80586ecf84469\" href=\"#240f80586ecf84469\"><span class=\"fusion-toggle-icon-wrapper\" aria-hidden=\"true\"><i class=\"fa-fusion-box\" aria-hidden=\"true\"><\/i><\/span><span class=\"fusion-toggle-heading\">Jubil\u00e4umskreuzfahrt nach Norwegen<\/span><\/a><\/h4><\/div><div id=\"240f80586ecf84469\" class=\"panel-collapse collapse \"><div class=\"panel-body toggle-content fusion-clearfix\"><span class=\"fs18 c_999\">14. Juni 2026<\/span><br><span class=\"fw700\"><\/span> <span><\/span><br><span class=\"blocki mt10 txti\">Im n\u00e4chsten Jahr feiern wir\u00a070 Jahre Europa Union Kreisverband Hammelburg. Neben zahlreichen Aktivit\u00e4ten sind wieder Reisen geplant. Eine davon ist eine Jubil\u00e4umskreuzfahrt nach Norwegen mit der MSC Magnifica vom 14.-21. Juni 2026.\nSie finden hier die Ausschreibung und das Anmeldeformular.\nBeachten Sie den Anmeldetermin: 30. September 2025.\nBis dahin erhalten Sie den sehr g\u00fcnstigen Jubil\u00e4ums-Fr\u00fchbucherpreis. Es ist f\u00fcr den November eine Informationsveranstaltung geplant, f\u00fcr die auch ein Vertreter der MSC-Cruises erwartet wird.\n<\/span><br><a class=\"blocki w100 txtr\" href=\"https:\/\/eu-bayern.de\/kvhammelburg\/terminarchiv\/jubilaeumskreuzfahrt-nach-norwegen\/\">Details<\/a><\/div><\/div><\/div><\/div><\/div><\/div><div class=\"fusion-sep-clear\"><\/div><div class=\"fusion-separator fusion-full-width-sep fusion-clearfix\" style=\"float:left;margin-top:5px;margin-bottom:5px;width:100%;\"><div class=\"fusion-separator-border sep-single sep-dashed\" style=\"border-color:#ccc;border-top-width:1px;\"><\/div><\/div><div class=\"fusion-sep-clear\"><\/div><div class=\"fusion-clearfix\"><\/div><\/div><\/div><\/div><div class=\"fusion-builder-row fusion-builder-row-inner fusion-row\"><div class=\"fusion-layout-column fusion_builder_column_inner fusion-builder-nested-column-2 fusion_builder_column_inner_1_3 1_3 fusion-one-third fusion-column-first\" style=\"width:30.6666%; margin-right: 4%;margin-top:0px;margin-bottom:20px;\"><div class=\"fusion-column-wrapper fusion-flex-column-wrapper-legacy\" style=\"background-position:left top;background-repeat:no-repeat;-webkit-background-size:cover;-moz-background-size:cover;-o-background-size:cover;background-size:cover;padding: 0px 0px 0px 0px;\"><style type=\"text\/css\"><\/style><div class=\"fusion-title title fusion-title-2 fusion-title-text fusion-title-size-two txti\" style=\"margin-top:0px;margin-right:0px;margin-bottom:31px;margin-left:0px;\"><h2 class=\"title-heading-left fusion-responsive-typography-calculated\" style=\"margin:0;--fontSize:18;--minFontSize:18px;line-height:1;\">Juli 2026<\/h2><span class=\"awb-title-spacer\"><\/span><div class=\"title-sep-container\"><div class=\"title-sep sep-double sep-solid\" style=\"border-color:#e0dede;\"><\/div><\/div><\/div><div class=\"fusion-clearfix\"><\/div><\/div><\/div><div class=\"fusion-layout-column fusion_builder_column_inner fusion-builder-nested-column-3 fusion_builder_column_inner_2_3 2_3 fusion-two-third fusion-column-last\" style=\"width:65.3333%;margin-top:0px;margin-bottom:20px;\"><div class=\"fusion-column-wrapper fusion-flex-column-wrapper-legacy\" style=\"background-position:left top;background-repeat:no-repeat;-webkit-background-size:cover;-moz-background-size:cover;-o-background-size:cover;background-size:cover;padding: 0px 0px 0px 0px;\"><div class=\"box3\"><div class=\"box4\">22<\/div><style type=\"text\/css\">.fusion-accordian  #accordion-16-2 .panel-title a .fa-fusion-box{ color: #ffffff;}.fusion-accordian  #accordion-16-2 .panel-title a .fa-fusion-box:before{ font-size: 14px; width: 14px;}.fusion-accordian  #accordion-16-2 .panel-title a{font-size:13px;}.fusion-accordian  #accordion-16-2 .fa-fusion-box { background-color: #2a973e;border-color: #2a973e;}.fusion-accordian  #accordion-16-2 .panel-title a:hover, #accordion-16-2 .fusion-toggle-boxed-mode:hover .panel-title a { color: #2a973e;}.fusion-accordian  #accordion-16-2 .panel-title .active .fa-fusion-box,.fusion-accordian  #accordion-16-2 .panel-title a:hover .fa-fusion-box { background-color: #2a973e!important;border-color: #2a973e!important;}<\/style><div class=\"accordian fusion-accordian box6\"><div class=\"panel-group\" id=\"accordion-16-2\"><div class=\"fusion-panel panel-default fusion-toggle-no-divider\"><div class=\"panel-heading\"><h4 class=\"panel-title toggle\"><a aria-expanded=\"false\" aria-controls=\"41f1617ce4c81c960\" role=\"button\" data-toggle=\"collapse\" data-parent=\"#accordion-16-2\" data-target=\"#41f1617ce4c81c960\" href=\"#41f1617ce4c81c960\"><span class=\"fusion-toggle-icon-wrapper\" aria-hidden=\"true\"><i class=\"fa-fusion-box\" aria-hidden=\"true\"><\/i><\/span><span class=\"fusion-toggle-heading\">Jubil\u00e4umsausflug nach Spiegelau\/Bayerischer Wald<\/span><\/a><\/h4><\/div><div id=\"41f1617ce4c81c960\" class=\"panel-collapse collapse \"><div class=\"panel-body toggle-content fusion-clearfix\"><span class=\"fs18 c_999\">22. Juli 2026<\/span><br><span class=\"fw700\"><\/span> <span><\/span><br><span class=\"blocki mt10 txti\">70 Jahre Europa Union Kreisverband Hammelburg\nJubil\u00e4umsausflug nach Spiegelau\/Bayerischer Wald\nzum Jubil\u00e4umssonderpreis \u20ac 498.&#8211;\nvon Mittwoch, 22. Juli \u2013 Sonntag, 26. Juli 2026\nLeistungen:\n\u25aa Fahrt mit einem modernen Bus der Firma GWK-Reisen Bad-Kissingen\n\u25aa Hotelarrangement Hotel Tannenhof,4 N\u00e4chte mit Halbpension\n\u25aa Tagesausflug \u00fcber Zwiesel, Bayerisch-Eisenstein zur Talstation des Gro\u00dfen Arber (1455 m.), Fahrt mit dem Sessellift. R\u00fcckfahrt \u00fcber Bodenmais ins Hotel.\n\u25aa Tagesausflug nach Passau mit Schifffahrt auf der Donau, M\u00f6glichkeit zur Stadtbesichtigung\n\u25aa Ein Tag zur freien Verf\u00fcgung. M\u00f6glichkeit zu einer Wanderung oder der Besichtigung der Glash\u00fctte Spiegelau mit Einkaufsm\u00f6glichkeit\n\u25aa Kostenlose Nutzung des Hallenbades und die Saunen\n\u25aa Trinkgeld f\u00fcr den Busfahrer\n\u25aa Reisepreissicherungsschein\n\u25aa Einzelzimmerzuschlag: 80 \u20ac\n\u25aa Nichtmitgliederzuschlag: 40 \u20ac\nVeranstalter:\nEuropa Union KV Hammelburg\nOrganisation: Edgar Hirt (0152\/52470949, edgarhirt@web.de)\nSie finden hier die Ausschreibung und das Anmeldeformular.\n<\/span><br><a class=\"blocki w100 txtr\" href=\"https:\/\/eu-bayern.de\/kvhammelburg\/terminarchiv\/jubilaeumsausflug-nach-spiegelau-bayerischer-wald\/\">Details<\/a><\/div><\/div><\/div><\/div><\/div><\/div><div class=\"fusion-sep-clear\"><\/div><div class=\"fusion-separator fusion-full-width-sep fusion-clearfix\" style=\"float:left;margin-top:5px;margin-bottom:5px;width:100%;\"><div class=\"fusion-separator-border sep-single sep-dashed\" style=\"border-color:#ccc;border-top-width:1px;\"><\/div><\/div><div class=\"fusion-sep-clear\"><\/div><div class=\"fusion-clearfix\"><\/div><\/div><\/div><\/div><div class=\"fusion-builder-row fusion-builder-row-inner fusion-row\"><div class=\"fusion-layout-column fusion_builder_column_inner fusion-builder-nested-column-4 fusion_builder_column_inner_1_3 1_3 fusion-one-third fusion-column-first\" style=\"width:30.6666%; margin-right: 4%;margin-top:0px;margin-bottom:20px;\"><div class=\"fusion-column-wrapper fusion-flex-column-wrapper-legacy\" style=\"background-position:left top;background-repeat:no-repeat;-webkit-background-size:cover;-moz-background-size:cover;-o-background-size:cover;background-size:cover;padding: 0px 0px 0px 0px;\"><style type=\"text\/css\"><\/style><div class=\"fusion-title title fusion-title-3 fusion-title-text fusion-title-size-two txti\" style=\"margin-top:0px;margin-right:0px;margin-bottom:31px;margin-left:0px;\"><h2 class=\"title-heading-left fusion-responsive-typography-calculated\" style=\"margin:0;--fontSize:18;--minFontSize:18px;line-height:1;\">August 2026<\/h2><span class=\"awb-title-spacer\"><\/span><div class=\"title-sep-container\"><div class=\"title-sep sep-double sep-solid\" style=\"border-color:#e0dede;\"><\/div><\/div><\/div><div class=\"fusion-clearfix\"><\/div><\/div><\/div><div class=\"fusion-layout-column fusion_builder_column_inner fusion-builder-nested-column-5 fusion_builder_column_inner_2_3 2_3 fusion-two-third fusion-column-last\" style=\"width:65.3333%;margin-top:0px;margin-bottom:20px;\"><div class=\"fusion-column-wrapper fusion-flex-column-wrapper-legacy\" style=\"background-position:left top;background-repeat:no-repeat;-webkit-background-size:cover;-moz-background-size:cover;-o-background-size:cover;background-size:cover;padding: 0px 0px 0px 0px;\"><div class=\"box3\"><div class=\"box4\">16<\/div><style type=\"text\/css\">.fusion-accordian  #accordion-16-3 .panel-title a .fa-fusion-box{ color: #ffffff;}.fusion-accordian  #accordion-16-3 .panel-title a .fa-fusion-box:before{ font-size: 14px; width: 14px;}.fusion-accordian  #accordion-16-3 .panel-title a{font-size:13px;}.fusion-accordian  #accordion-16-3 .fa-fusion-box { background-color: #2a973e;border-color: #2a973e;}.fusion-accordian  #accordion-16-3 .panel-title a:hover, #accordion-16-3 .fusion-toggle-boxed-mode:hover .panel-title a { color: #2a973e;}.fusion-accordian  #accordion-16-3 .panel-title .active .fa-fusion-box,.fusion-accordian  #accordion-16-3 .panel-title a:hover .fa-fusion-box { background-color: #2a973e!important;border-color: #2a973e!important;}<\/style><div class=\"accordian fusion-accordian box6\"><div class=\"panel-group\" id=\"accordion-16-3\"><div class=\"fusion-panel panel-default fusion-toggle-no-divider\"><div class=\"panel-heading\"><h4 class=\"panel-title toggle\"><a aria-expanded=\"false\" aria-controls=\"3fdcd415266f11fad\" role=\"button\" data-toggle=\"collapse\" data-parent=\"#accordion-16-3\" data-target=\"#3fdcd415266f11fad\" href=\"#3fdcd415266f11fad\"><span class=\"fusion-toggle-icon-wrapper\" aria-hidden=\"true\"><i class=\"fa-fusion-box\" aria-hidden=\"true\"><\/i><\/span><span class=\"fusion-toggle-heading\">Tagesfahrt Frankenfestspiele - Operette \u201eFRAU LUNA\u201c<\/span><\/a><\/h4><\/div><div id=\"3fdcd415266f11fad\" class=\"panel-collapse collapse \"><div class=\"panel-body toggle-content fusion-clearfix\"><span class=\"fs18 c_999\">16. August 2026<\/span><br><span class=\"fw700\"><\/span> <span><\/span><br><span class=\"blocki mt10 txti\">Tagesfahrt \u201eFrankenfestspiele\u201c\nFreilichtheater im Burghof der Burg Brattenstein\nzur Operette in zwei Akten \u201eFRAU LUNA\u201c von Paul Lincke\nam 16. August 2026\nReiseleitung: Rita Schaupp, Hannelore Bauer, Balonier-Werner Sybille\nDie kleine Weinstadt ist seit 1953 erste \u201eEuropastadt\u201c und liegt im lieblichen Taubertal. Die Europastadt R\u00f6ttingen punktet nicht nur mit herausragendem Freilichttheater in au\u00dfergew\u00f6hnlichem Ambiente, sondern auch mit Attraktionen wie dem Sonnenuhrenweg, dem Skulpturenweg, oder dem Weinbaumuseum. Besonderes Highlight ist die in Deutschland einzigartige Tr\u00fcffel-Besichtigungsplantage.\nDas Theater liegt unter freiem Himmel vor der wundersch\u00f6nen Kulisse im Burghof der Burg Brattenstein. Dieser Spirit von R\u00f6ttingen ist \u00fcber die kommunalen Grenzen hinaus bekannt. Besonderheit bei den Festspielen ist die Bestuhlung im Burghof mit Tischen. Die Sitzpl\u00e4tze auf der \u00fcberdachten Trib\u00fcne verf\u00fcgen \u00fcber kleine Abstellfl\u00e4chen, sodass auch w\u00e4hrend der Vorstellung ein \u201eSch\u00f6ppchen\u201c zu genie\u00dfen ist.\nIn einer vom musikalischen Leiter der Frankenfestspiele \u00fcberarbeiteten \u201eR\u00f6ttinger Fassung\u201c kann man die wundersame, h\u00f6chst vergn\u00fcgliche Fahrt zum Mond neu erleben. Mit Hits wie \u201eDas ist die Berliner Luft, Luft, Luft\u201c, \u201eSchenk mir doch ein kleines bisschen Liebe\u201c oder \u201eSchl\u00f6sser, die im Monde liegen\u201c wird jeder seinen Spa\u00df an der herrlichen Geschichte haben. Der Mechaniker Fritze Steppke ist sehr interessiert an der Fliegerei und an Au\u00dferirdischem. Daher bastelt er einen Ballon f\u00fcr die gro\u00dfe Mondfahrt. Nach tats\u00e4chlich gegl\u00fcckter Reise mit seinen besten Freunden und seiner Vermieterin stellen die Reisenden fest, dass der Mond ein reiner Vergn\u00fcgungspark zu sein scheint. Bei rauschenden Festen der erstaunlichen Mondgesellschaft gibt es dort jede Menge amour\u00f6se Verstrickungen. Dann platzt der Ballon und eine ersehnte R\u00fcckreise scheint unm\u00f6glich \u2026\nGeplanter Reiseverlauf:\nSonntag 16. August 2026\n13.00 Uhr Abfahrt in Bad Kissingen, Geschwister-Scholl-Platz 1, (JUZ\/Kino)\n13:15 Uhr Abfahrt in Bad Kissingen Berliner Platz\n14.00 Uhr Abfahrt in Hammelburg, Bushaltestelle Weihertorplatz\n15.30 Uhr ca. Ankunft in R\u00f6ttingen\n15.30 \u2013 17.00 Uhr Stadtf\u00fchrung in 2 Gruppen\n17.00 \u2013 19.00 Uhr Einkehr bei der Winzerfamilie Fries (nicht includiert)\n19.00 Uhr Fu\u00dfweg zur Burg Brattenstein (10 Min.)\n19.30 Uhr Beginn der Operette \u201eFrau Luna\u201c\nca. 22.15 Uhr R\u00fcckfahrt nach Hammelburg und Bad Kissingen\nLeistungspaket:\n&#8211; Fahrt im GWK-Komfort-Reisebus\n&#8211; Stadtf\u00fchrung\n&#8211; Reservierter Sitzplatz auf der \u00fcberdachten Trib\u00fcne\n&#8211; Trinkgeld (Stadtf\u00fchrung und Fahrer)\nPreis p. P. f\u00fcr Mitglieder. \u20ac 80,00\nPreis p. P. f\u00fcr Nichtmitglieder \u20ac 85,00\nHier finden Sie die Ausschreibung sowie das Anmeldeformular.\n<\/span><br><a class=\"blocki w100 txtr\" href=\"https:\/\/eu-bayern.de\/kvhammelburg\/terminarchiv\/tagesfahrt-frankenfestspiele\/\">Details<\/a><\/div><\/div><\/div><\/div><\/div><\/div><div class=\"fusion-sep-clear\"><\/div><div class=\"fusion-separator fusion-full-width-sep fusion-clearfix\" style=\"float:left;margin-top:5px;margin-bottom:5px;width:100%;\"><div class=\"fusion-separator-border sep-single sep-dashed\" style=\"border-color:#ccc;border-top-width:1px;\"><\/div><\/div><div class=\"fusion-sep-clear\"><\/div><div class=\"fusion-clearfix\"><\/div><\/div><\/div><\/div><div class=\"fusion-alignright\"><style>.fusion-button.button-1{border-radius:0px 0px 0px 0px;}<\/style><a class=\"fusion-button button-flat fusion-button-default-size button-default button-1 fusion-button-default-span fusion-button-default-type\" target=\"_self\" href=\"https:\/\/eu-bayern.de\/kvhammelburg\/terminarchiv\"><span class=\"fusion-button-text\">TERMINARCHIV ANZEIGEN<\/span><\/a><\/div><div class=\"fusion-clearfix\"><\/div><\/div><\/div><\/div><\/div>\n","protected":false},"excerpt":{"rendered":"","protected":false},"author":1,"featured_media":0,"parent":0,"menu_order":0,"comment_status":"closed","ping_status":"closed","template":"","meta":[],"acf":[],"_links":{"self":[{"href":"https:\/\/eu-bayern.de\/kvhammelburg\/wp-json\/wp\/v2\/pages\/16"}],"collection":[{"href":"https:\/\/eu-bayern.de\/kvhammelburg\/wp-json\/wp\/v2\/pages"}],"about":[{"href":"https:\/\/eu-bayern.de\/kvhammelburg\/wp-json\/wp\/v2\/types\/page"}],"author":[{"embeddable":true,"href":"https:\/\/eu-bayern.de\/kvhammelburg\/wp-json\/wp\/v2\/users\/1"}],"replies":[{"embeddable":true,"href":"https:\/\/eu-bayern.de\/kvhammelburg\/wp-json\/wp\/v2\/comments?post=16"}],"version-history":[{"count":2,"href":"https:\/\/eu-bayern.de\/kvhammelburg\/wp-json\/wp\/v2\/pages\/16\/revisions"}],"predecessor-version":[{"id":905,"href":"https:\/\/eu-bayern.de\/kvhammelburg\/wp-json\/wp\/v2\/pages\/16\/revisions\/905"}],"wp:attachment":[{"href":"https:\/\/eu-bayern.de\/kvhammelburg\/wp-json\/wp\/v2\/media?parent=16"}],"curies":[{"name":"wp","href":"https:\/\/api.w.org\/{rel}","templated":true}]}}