{"id":321,"date":"2018-05-05T01:09:34","date_gmt":"2018-05-04T23:09:34","guid":{"rendered":"https:\/\/eu-bayern.de\/kv-rosenheim\/?page_id=321"},"modified":"2018-05-05T01:57:25","modified_gmt":"2018-05-04T23:57:25","slug":"programm-ziele","status":"publish","type":"page","link":"https:\/\/eu-bayern.de\/kv-rosenheim\/programm-ziele\/","title":{"rendered":"Programm &#038; Ziele"},"content":{"rendered":"<div class=\"fusion-fullwidth fullwidth-box fusion-builder-row-1 nonhundred-percent-fullwidth non-hundred-percent-height-scrolling\" style=\"background-color: rgba(255,255,255,0);background-position: center center;background-repeat: no-repeat;padding-top:0px;padding-right:0px;padding-bottom:0px;padding-left:0px;margin-bottom: 0px;margin-top: 0px;border-width: 0px 0px 0px 0px;border-color:#eae9e9;border-style:solid;\" ><div class=\"fusion-builder-row fusion-row\"><div class=\"fusion-layout-column fusion_builder_column fusion-builder-column-0 fusion_builder_column_1_1 1_1 fusion-one-full fusion-column-first fusion-column-last\" style=\"margin-top:0px;margin-bottom:20px;\"><div class=\"fusion-column-wrapper fusion-flex-column-wrapper-legacy\" style=\"background-position:left top;background-repeat:no-repeat;-webkit-background-size:cover;-moz-background-size:cover;-o-background-size:cover;background-size:cover;padding: 0px 0px 0px 0px;\"><div class=\"fusion-tabs fusion-tabs-1 clean horizontal-tabs icon-position-left\"><style type=\"text\/css\">#wrapper .fusion-tabs.fusion-tabs-1.clean .nav-tabs li a.tab-link{border-color:#ffffff;}.fusion-tabs.fusion-tabs-1 .nav-tabs li a.tab-link{background-color:#eeeeee;}.fusion-tabs.fusion-tabs-1 .nav-tabs li.active a.tab-link,.fusion-tabs.fusion-tabs-1 .nav-tabs li.active a.tab-link:hover,.fusion-tabs.fusion-tabs-1 .nav-tabs li.active a.tab-link:focus{background-color:#ffcc00;}.fusion-tabs.fusion-tabs-1 .nav-tabs li a:hover{background-color:#ffcc00;border-top-color:#ffcc00;}.fusion-tabs.fusion-tabs-1 .tab-pane{background-color:#ffcc00;}.fusion-tabs.fusion-tabs-1 .nav,.fusion-tabs.fusion-tabs-1 .nav-tabs,.fusion-tabs.fusion-tabs-1 .tab-content .tab-pane{border-color:#ffffff;}<\/style><div class=\"nav\"><ul class=\"nav-tabs nav-justified\" role=\"tablist\"><li class=\"active\" role=\"presentation\"><a class=\"tab-link\" data-toggle=\"tab\" role=\"tab\" aria-controls=\"tab-08d9830c4fabf7d9c15\" aria-selected=\"true\" id=\"fusion-tab-ziele\" href=\"#tab-08d9830c4fabf7d9c15\"><h4 class=\"fusion-tab-heading\">Ziele<\/h4><\/a><\/li><li role=\"presentation\"><a class=\"tab-link\" data-toggle=\"tab\" role=\"tab\" aria-controls=\"tab-07c1b6f88b0f440d285\" aria-selected=\"false\" tabindex=\"-1\" id=\"fusion-tab-arbeitsgebiete\" href=\"#tab-07c1b6f88b0f440d285\"><h4 class=\"fusion-tab-heading\"> Arbeitsgebiete<\/h4><\/a><\/li><\/ul><\/div><div class=\"tab-content\"><div class=\"nav fusion-mobile-tab-nav\"><ul class=\"nav-tabs nav-justified\" role=\"tablist\"><li class=\"active\" role=\"presentation\"><a class=\"tab-link\" data-toggle=\"tab\" role=\"tab\" aria-controls=\"tab-08d9830c4fabf7d9c15\" aria-selected=\"true\" id=\"mobile-fusion-tab-ziele\" href=\"#tab-08d9830c4fabf7d9c15\"><h4 class=\"fusion-tab-heading\">Ziele<\/h4><\/a><\/li><\/ul><\/div><div class=\"tab-pane fade fusion-clearfix in active\" role=\"tabpanel\" tabindex=\"0\" aria-labelledby=\"fusion-tab-ziele\" id=\"tab-08d9830c4fabf7d9c15\">\n<ul>\n<li>Wir wollen Europa dem B\u00fcrger n\u00e4her bringen.<\/li>\n<\/ul>\n<ul>\n<li>Wir m\u00f6chten \u00fcber Europa sprechen und dem B\u00fcrger ein positives Europa vermitteln<\/li>\n<\/ul>\n<ul>\n<li>Wir wollen herausstellen, dass Europa auch hier bei uns in Rosenheim und im Landkreis vorhanden ist und nicht nur in Br\u00fcssel und Stra\u00dfburg.<\/li>\n<\/ul>\n<ul>\n<li>Wir m\u00f6chten der \u00d6ffentlichkeit aufzeigen, Wie und Was Europa hier in unserer Heimat bewirkt.<\/li>\n<\/ul>\n<ul>\n<li>Wir wollen besonders den jungen Menschen die friedenssichernde Wirkung Europas darstellen.<\/li>\n<\/ul>\n<ul>\n<li>Wir m\u00f6chten f\u00fcr alle Teile der Bev\u00f6lkerung die wirtschaftlichen, sozialen und umweltpolitischen Aspekte eines starken Europas darstellen.<\/li>\n<\/ul>\n<ul>\n<li>Wir wollen die Europa-F\u00f6rderpolitik visualisieren.<\/li>\n<\/ul>\n<ul>\n<li>Wir m\u00f6chten dazu beitragen, ein starkes Europa zu gestalten: F\u00fcr unsere Kinder und Kindeskinder.<\/li>\n<\/ul>\n<ul>\n<li>Wir wollen ein Europa f\u00f6rdern und unterst\u00fctzen zum Wohle aller Bev\u00f6lkerungsschichten.<\/li>\n<\/ul>\n<ul>\n<li>Eine wichtige Zielgruppe f\u00fcr unsere Arbeit sind die jungen Europ\u00e4er, unsere Kinder und Jugendliche: F\u00fcr sie ist das bestehende Europa eine Selbstverst\u00e4ndlichkeit. Dass dies aber nicht immer so war und in vielen Jahren hart erarbeitet werden musste, dass wollen wir unseren Kindern im Rahmen von Begegnungen und Gespr\u00e4chen vermitteln und sie f\u00fcr eine Mitarbeit an unserem Europa begeistern.<\/li>\n<\/ul>\n<\/div><div class=\"nav fusion-mobile-tab-nav\"><ul class=\"nav-tabs nav-justified\" role=\"tablist\"><li role=\"presentation\"><a class=\"tab-link\" data-toggle=\"tab\" role=\"tab\" aria-controls=\"tab-07c1b6f88b0f440d285\" aria-selected=\"false\" tabindex=\"-1\" id=\"mobile-fusion-tab-arbeitsgebiete\" href=\"#tab-07c1b6f88b0f440d285\"><h4 class=\"fusion-tab-heading\"> Arbeitsgebiete<\/h4><\/a><\/li><\/ul><\/div><div class=\"tab-pane fade fusion-clearfix\" role=\"tabpanel\" tabindex=\"0\" aria-labelledby=\"fusion-tab-arbeitsgebiete\" id=\"tab-07c1b6f88b0f440d285\">\n<p><strong>Menschenrechte f\u00fcr alle<\/strong><br \/>\nMenschenrecht wahren, sie immer und \u00fcberall besser sch\u00e4tzen, darin sieht der Europarat seine wichtigste Aufgabe.<\/p>\n<p><strong>Schaffung demokratischer Einrichtungen<\/strong><br \/>\nDemokratie an der Basis errichten &#8211; der Europarat vereint die europ\u00e4ischen Demokratien<\/p>\n<p><strong>Sozialer Zusammenhalt und soziale Rechte<\/strong><br \/>\nDie Lebensbedingungen und soziale Gerechtigkeit verbessern<\/p>\n<p><strong>Die Sicherheit der Bev\u00f6lkerung<\/strong><br \/>\nBek\u00e4mpfung des Terrorismus und Schutz vor Datenkriminalit\u00e4t<\/p>\n<p><strong>Erziehung<\/strong><br \/>\nVerschiedene Sprachen und Kulturen verstehen<\/p>\n<p><strong>Jugend<\/strong><br \/>\nEin Forum f\u00fcr die Gestaltung der Zukunft bilden<\/p>\n<p><strong>Kultur<\/strong><br \/>\nDas mannigfaltige Erbe Europas bewahren und f\u00f6rdern<\/p>\n<p><strong>Natur und Umwelt<\/strong><br \/>\nDen B\u00fcrgern Europas die Natur und ihre Bewahrung n\u00e4her bringen<\/p>\n<\/div><\/div><\/div><div class=\"fusion-clearfix\"><\/div><\/div><\/div><\/div><\/div>\n","protected":false},"excerpt":{"rendered":"","protected":false},"author":2,"featured_media":0,"parent":0,"menu_order":0,"comment_status":"closed","ping_status":"closed","template":"","meta":[],"acf":[],"_links":{"self":[{"href":"https:\/\/eu-bayern.de\/kv-rosenheim\/wp-json\/wp\/v2\/pages\/321"}],"collection":[{"href":"https:\/\/eu-bayern.de\/kv-rosenheim\/wp-json\/wp\/v2\/pages"}],"about":[{"href":"https:\/\/eu-bayern.de\/kv-rosenheim\/wp-json\/wp\/v2\/types\/page"}],"author":[{"embeddable":true,"href":"https:\/\/eu-bayern.de\/kv-rosenheim\/wp-json\/wp\/v2\/users\/2"}],"replies":[{"embeddable":true,"href":"https:\/\/eu-bayern.de\/kv-rosenheim\/wp-json\/wp\/v2\/comments?post=321"}],"version-history":[{"count":0,"href":"https:\/\/eu-bayern.de\/kv-rosenheim\/wp-json\/wp\/v2\/pages\/321\/revisions"}],"wp:attachment":[{"href":"https:\/\/eu-bayern.de\/kv-rosenheim\/wp-json\/wp\/v2\/media?parent=321"}],"curies":[{"name":"wp","href":"https:\/\/api.w.org\/{rel}","templated":true}]}}