{"id":318,"date":"2018-05-05T00:59:20","date_gmt":"2018-05-04T22:59:20","guid":{"rendered":"https:\/\/eu-bayern.de\/kv-rosenheim\/?page_id=318"},"modified":"2018-05-05T00:59:20","modified_gmt":"2018-05-04T22:59:20","slug":"herzlich-willkommen","status":"publish","type":"page","link":"https:\/\/eu-bayern.de\/kv-rosenheim\/herzlich-willkommen\/","title":{"rendered":"Herzlich willkommen"},"content":{"rendered":"<div class=\"fusion-fullwidth fullwidth-box fusion-builder-row-1 nonhundred-percent-fullwidth non-hundred-percent-height-scrolling\" style=\"background-color: rgba(255,255,255,0);background-position: center center;background-repeat: no-repeat;padding-top:0px;padding-right:0px;padding-bottom:0px;padding-left:0px;margin-bottom: 0px;margin-top: 0px;border-width: 0px 0px 0px 0px;border-color:#eae9e9;border-style:solid;\" ><div class=\"fusion-builder-row fusion-row\"><div class=\"fusion-layout-column fusion_builder_column fusion-builder-column-0 fusion_builder_column_2_3 2_3 fusion-two-third fusion-column-first\" style=\"width:66.666666666667%;width:calc(66.666666666667% - ( ( 4% ) * 0.66666666666667 ) );margin-right: 4%;margin-top:0px;margin-bottom:20px;\"><div class=\"fusion-column-wrapper fusion-flex-column-wrapper-legacy\" style=\"background-position:left top;background-repeat:no-repeat;-webkit-background-size:cover;-moz-background-size:cover;-o-background-size:cover;background-size:cover;\"><div class=\"fusion-text fusion-text-1\"><p>Die Europa-Union ist eine \u00fcberparteiliche Organisation, die sich f\u00fcr die europ\u00e4ische Integration einsetzt.<br \/>\nSie wurde 1946 gegr\u00fcndet und umfasst in Deutschland ca. 20.000 Mitglieder.<\/p>\n<p>Wir sind ein Zusammenschluss von B\u00fcrgern aus Rosenheim Stadt und Land, der sich f\u00fcr ein vereintes Europa engagiert. Hierf\u00fcr wollen wir Menschen aus allen politischen und gesellschaftlichen Gruppierungen gewinnen.<\/p>\n<\/div><div class=\"fusion-clearfix\"><\/div><\/div><\/div><div class=\"fusion-layout-column fusion_builder_column fusion-builder-column-1 fusion_builder_column_1_3 1_3 fusion-one-third fusion-column-last\" style=\"width:33.333333333333%;width:calc(33.333333333333% - ( ( 4% ) * 0.33333333333333 ) );margin-top:0px;margin-bottom:20px;\"><div class=\"fusion-column-wrapper fusion-flex-column-wrapper-legacy\" style=\"background-position:left top;background-repeat:no-repeat;-webkit-background-size:cover;-moz-background-size:cover;-o-background-size:cover;background-size:cover;\"><span class=\" fusion-imageframe imageframe-none imageframe-1 hover-type-none\"><\/span><div class=\"fusion-text fusion-text-2\"><p>Johanna Math\u00e4ser<br \/>\nKreisvorsitzende der Europa-Union Rosenheim<br \/>\nRechtsanw\u00e4ltin<\/p>\n<\/div><div class=\"fusion-clearfix\"><\/div><\/div><\/div><\/div><\/div>\n","protected":false},"excerpt":{"rendered":"","protected":false},"author":2,"featured_media":0,"parent":0,"menu_order":0,"comment_status":"closed","ping_status":"closed","template":"","meta":[],"acf":[],"_links":{"self":[{"href":"https:\/\/eu-bayern.de\/kv-rosenheim\/wp-json\/wp\/v2\/pages\/318"}],"collection":[{"href":"https:\/\/eu-bayern.de\/kv-rosenheim\/wp-json\/wp\/v2\/pages"}],"about":[{"href":"https:\/\/eu-bayern.de\/kv-rosenheim\/wp-json\/wp\/v2\/types\/page"}],"author":[{"embeddable":true,"href":"https:\/\/eu-bayern.de\/kv-rosenheim\/wp-json\/wp\/v2\/users\/2"}],"replies":[{"embeddable":true,"href":"https:\/\/eu-bayern.de\/kv-rosenheim\/wp-json\/wp\/v2\/comments?post=318"}],"version-history":[{"count":0,"href":"https:\/\/eu-bayern.de\/kv-rosenheim\/wp-json\/wp\/v2\/pages\/318\/revisions"}],"wp:attachment":[{"href":"https:\/\/eu-bayern.de\/kv-rosenheim\/wp-json\/wp\/v2\/media?parent=318"}],"curies":[{"name":"wp","href":"https:\/\/api.w.org\/{rel}","templated":true}]}}