{"id":16,"date":"2017-12-09T12:09:42","date_gmt":"2017-12-09T11:09:42","guid":{"rendered":"https:\/\/eu-bayern.de\/tpl1\/?page_id=16"},"modified":"2017-12-09T12:09:42","modified_gmt":"2017-12-09T11:09:42","slug":"termine","status":"publish","type":"page","link":"https:\/\/eu-bayern.de\/kv-rosenheim\/termine\/","title":{"rendered":"Termine"},"content":{"rendered":"<div class=\"fusion-fullwidth fullwidth-box fusion-builder-row-1 nonhundred-percent-fullwidth non-hundred-percent-height-scrolling\" style=\"background-color: rgba(255,255,255,0);background-position: center center;background-repeat: no-repeat;padding-top:0px;padding-right:0px;padding-bottom:0px;padding-left:0px;margin-bottom: 0px;margin-top: 0px;border-width: 0px 0px 0px 0px;border-color:#eae9e9;border-style:solid;\" ><div class=\"fusion-builder-row fusion-row\"><div class=\"fusion-layout-column fusion_builder_column fusion-builder-column-0 fusion_builder_column_1_1 1_1 fusion-one-full fusion-column-first fusion-column-last\" style=\"margin-top:0px;margin-bottom:20px;\"><div class=\"fusion-column-wrapper fusion-flex-column-wrapper-legacy\" style=\"background-position:left top;background-repeat:no-repeat;-webkit-background-size:cover;-moz-background-size:cover;-o-background-size:cover;background-size:cover;padding: 0px 0px 0px 0px;\"><div class=\"fusion-text fusion-text-1\"><p class=\"tinymce_own01\">Anstehende Termine<\/p>\n<\/div><div class=\"fusion-builder-row fusion-builder-row-inner fusion-row\"><div class=\"fusion-layout-column fusion_builder_column_inner fusion-builder-nested-column-0 fusion_builder_column_inner_1_3 1_3 fusion-one-third fusion-column-first\" style=\"width:30.6666%; margin-right: 4%;margin-top:0px;margin-bottom:20px;\"><div class=\"fusion-column-wrapper fusion-flex-column-wrapper-legacy\" style=\"background-position:left top;background-repeat:no-repeat;-webkit-background-size:cover;-moz-background-size:cover;-o-background-size:cover;background-size:cover;padding: 0px 0px 0px 0px;\"><style type=\"text\/css\"><\/style><div class=\"fusion-title title fusion-title-1 fusion-title-text fusion-title-size-two txti\" style=\"margin-top:0px;margin-right:0px;margin-bottom:31px;margin-left:0px;\"><h2 class=\"title-heading-left fusion-responsive-typography-calculated\" style=\"margin:0;--fontSize:18;--minFontSize:18px;line-height:1;\">Mai 2026<\/h2><span class=\"awb-title-spacer\"><\/span><div class=\"title-sep-container\"><div class=\"title-sep sep-double sep-solid\" style=\"border-color:#e0dede;\"><\/div><\/div><\/div><div class=\"fusion-clearfix\"><\/div><\/div><\/div><div class=\"fusion-layout-column fusion_builder_column_inner fusion-builder-nested-column-1 fusion_builder_column_inner_2_3 2_3 fusion-two-third fusion-column-last\" style=\"width:65.3333%;margin-top:0px;margin-bottom:20px;\"><div class=\"fusion-column-wrapper fusion-flex-column-wrapper-legacy\" style=\"background-position:left top;background-repeat:no-repeat;-webkit-background-size:cover;-moz-background-size:cover;-o-background-size:cover;background-size:cover;padding: 0px 0px 0px 0px;\"><div class=\"box3\"><div class=\"box4\">09<\/div><style type=\"text\/css\">.fusion-accordian  #accordion-16-1 .panel-title a .fa-fusion-box{ color: #ffffff;}.fusion-accordian  #accordion-16-1 .panel-title a .fa-fusion-box:before{ font-size: 14px; width: 14px;}.fusion-accordian  #accordion-16-1 .panel-title a{font-size:13px;}.fusion-accordian  #accordion-16-1 .fa-fusion-box { background-color: #2a973e;border-color: #2a973e;}.fusion-accordian  #accordion-16-1 .panel-title a:hover, #accordion-16-1 .fusion-toggle-boxed-mode:hover .panel-title a { color: #2a973e;}.fusion-accordian  #accordion-16-1 .panel-title .active .fa-fusion-box,.fusion-accordian  #accordion-16-1 .panel-title a:hover .fa-fusion-box { background-color: #2a973e!important;border-color: #2a973e!important;}<\/style><div class=\"accordian fusion-accordian box6\"><div class=\"panel-group\" id=\"accordion-16-1\"><div class=\"fusion-panel panel-default fusion-toggle-no-divider\"><div class=\"panel-heading\"><h4 class=\"panel-title toggle\"><a aria-expanded=\"false\" aria-controls=\"240f80586ecf84469\" role=\"button\" data-toggle=\"collapse\" data-parent=\"#accordion-16-1\" data-target=\"#240f80586ecf84469\" href=\"#240f80586ecf84469\"><span class=\"fusion-toggle-icon-wrapper\" aria-hidden=\"true\"><i class=\"fa-fusion-box\" aria-hidden=\"true\"><\/i><\/span><span class=\"fusion-toggle-heading\">Zweites bayerisch-tiroler Europafest \u00b426 am Europatag-Wochenende in Kufstein<\/span><\/a><\/h4><\/div><div id=\"240f80586ecf84469\" class=\"panel-collapse collapse \"><div class=\"panel-body toggle-content fusion-clearfix\"><span class=\"fs18 c_999\">9. Mai 2026<\/span><br><span class=\"fw700\"><\/span> <span><\/span><br><span class=\"blocki mt10 txti\">Die Europa Union Rosenheim beteiligt sich auch in diesem Jahr wieder mit einem Infostand\nund kreativen Beitr\u00e4gen am gro\u00dfen bayerisch-tiroler Europafest in der Grenzstadt Kufstein.\nProgramm\n9. Mai; ab 11 &#8211; 18 Uhr Infos, Spa\u00df, Kreativit\u00e4t &amp; Networking auf dem Unteren Stadtplatz in Kufstein\n9. Mai; 19 Uhr Europa-Kulturabend u.a. mit der Impro-Theatergruppe &#8222;Endorphine&#8220; aus Innsbruck\n10. Mai: 11- 13 Uhr Filmmatinee mit Podiumsdiskussion zum Film &#8222;Scars of Growth&#8220; in Kooperation mit der Universit\u00e4t Innsbruck\nAusf\u00fchrliches Programm \/ Veranstaltungsorte im Detail &amp; Links folgen !\nKlingt spannend? Wird es auch! p.s.: Der Organisator &#8222;Europ\u00e4ische Akademie Inntal&#8222;, sowie auch wir w\u00fcrden uns auch noch \u00fcber weitere helfende H\u00e4nde und Betreuer:innen f\u00fcr kreative Aktivit\u00e4ten freuen! Auch weitere Ausstellende und Anbieter von Europa-Aktivit\u00e4ten oder kreativer Musik, Literatur o.\u00e4. Performances k\u00f6nnen unter Umst\u00e4nden noch bis Mitte April ber\u00fccksichtigt werden. -&gt; Info und Input gerne an uns kv-rosenheim@eu-bayern.eu\n&nbsp;\n<\/span><br><a class=\"blocki w100 txtr\" href=\"https:\/\/eu-bayern.de\/kv-rosenheim\/terminarchiv\/grosses-europafest-26-am-europatag-in-kufstein\/\">Details<\/a><\/div><\/div><\/div><\/div><\/div><\/div><div class=\"fusion-sep-clear\"><\/div><div class=\"fusion-separator fusion-full-width-sep fusion-clearfix\" style=\"float:left;margin-top:5px;margin-bottom:5px;width:100%;\"><div class=\"fusion-separator-border sep-single sep-dashed\" style=\"border-color:#ccc;border-top-width:1px;\"><\/div><\/div><div class=\"fusion-sep-clear\"><\/div><div class=\"fusion-clearfix\"><\/div><\/div><\/div><\/div><div class=\"fusion-alignright\"><style>.fusion-button.button-1{border-radius:0px 0px 0px 0px;}<\/style><a class=\"fusion-button button-flat fusion-button-default-size button-default button-1 fusion-button-default-span fusion-button-default-type\" target=\"_self\" href=\"https:\/\/eu-bayern.de\/kv-rosenheim\/terminarchiv\"><span class=\"fusion-button-text\">TERMINARCHIV ANZEIGEN<\/span><\/a><\/div><div class=\"fusion-clearfix\"><\/div><\/div><\/div><\/div><\/div>\n","protected":false},"excerpt":{"rendered":"","protected":false},"author":1,"featured_media":0,"parent":0,"menu_order":0,"comment_status":"closed","ping_status":"closed","template":"","meta":[],"acf":[],"_links":{"self":[{"href":"https:\/\/eu-bayern.de\/kv-rosenheim\/wp-json\/wp\/v2\/pages\/16"}],"collection":[{"href":"https:\/\/eu-bayern.de\/kv-rosenheim\/wp-json\/wp\/v2\/pages"}],"about":[{"href":"https:\/\/eu-bayern.de\/kv-rosenheim\/wp-json\/wp\/v2\/types\/page"}],"author":[{"embeddable":true,"href":"https:\/\/eu-bayern.de\/kv-rosenheim\/wp-json\/wp\/v2\/users\/1"}],"replies":[{"embeddable":true,"href":"https:\/\/eu-bayern.de\/kv-rosenheim\/wp-json\/wp\/v2\/comments?post=16"}],"version-history":[{"count":0,"href":"https:\/\/eu-bayern.de\/kv-rosenheim\/wp-json\/wp\/v2\/pages\/16\/revisions"}],"wp:attachment":[{"href":"https:\/\/eu-bayern.de\/kv-rosenheim\/wp-json\/wp\/v2\/media?parent=16"}],"curies":[{"name":"wp","href":"https:\/\/api.w.org\/{rel}","templated":true}]}}