{"id":10,"date":"2017-12-09T10:30:16","date_gmt":"2017-12-09T09:30:16","guid":{"rendered":"https:\/\/eu-bayern.de\/tpl2\/?page_id=10"},"modified":"2025-08-08T15:37:30","modified_gmt":"2025-08-08T13:37:30","slug":"kontakt","status":"publish","type":"page","link":"https:\/\/eu-bayern.de\/kv-passau\/kontakt\/","title":{"rendered":"Kontakt"},"content":{"rendered":"<div class=\"fusion-fullwidth fullwidth-box fusion-builder-row-1 nonhundred-percent-fullwidth non-hundred-percent-height-scrolling fusion-equal-height-columns\" style=\"background-color: rgba(255,255,255,0);background-position: center center;background-repeat: no-repeat;padding-top:0px;padding-right:0px;padding-bottom:0px;padding-left:0px;margin-bottom: 0px;margin-top: 0px;border-width: 0px 0px 0px 0px;border-color:#eae9e9;border-style:solid;\" ><div class=\"fusion-builder-row fusion-row\"><div class=\"fusion-layout-column fusion_builder_column fusion-builder-column-0 fusion_builder_column_1_1 1_1 fusion-one-full fusion-column-first fusion-column-last\" style=\"margin-top:0px;margin-bottom:20px;\"><div class=\"fusion-column-wrapper fusion-flex-column-wrapper-legacy\" style=\"background-position:left top;background-repeat:no-repeat;-webkit-background-size:cover;-moz-background-size:cover;-o-background-size:cover;background-size:cover;padding: 0px 0px 0px 0px;\"><div class=\"mb20\"><style type=\"text\/css\"><\/style><div class=\"fusion-title title fusion-title-1 fusion-sep-none fusion-title-text fusion-title-size-four widget-title\" style=\"margin-top:0px;margin-right:0px;margin-bottom:0px;margin-left:0px;\"><h4 class=\"title-heading-left fusion-responsive-typography-calculated\" style=\"margin:0;--fontSize:13;--minFontSize:13px;line-height:1.5;\">VORSITZ<\/h4><\/div><span class=\"blocki w100 fw700 fs14 lh14 c_111\">Raimund Kneidinger<\/span><span class=\"blocki w100 fs12 lh12 txti c_999\">1. Vorsitzende<\/span><span class=\"blocki w100 mt5 fs11\"><i class=\"fb-icon-element-1 fb-icon-element fontawesome-icon fa fa-envelope-o circle-no fusion-text-flow\" style=\"font-size:16px;margin-right:8px;\"><\/i><style>i.fb-icon-element.fontawesome-icon.fb-icon-element-1{ color: #2A973E;}i.fb-icon-element.fontawesome-icon.fb-icon-element-1:hover { color: #2A973E;}<\/style>info@raimund-kneidinger.de<\/span><span class=\"blocki w100 mt5 pt5 pb5 fs11 lh13 boto1 bobo1\"><i class=\"fb-icon-element-2 fb-icon-element fontawesome-icon fa fa-envelope circle-no fusion-text-flow\" style=\"font-size:24px;margin-right:12px;\"><\/i><style>i.fb-icon-element.fontawesome-icon.fb-icon-element-2{ color: #2A973E;}i.fb-icon-element.fontawesome-icon.fb-icon-element-2:hover { color: #2A973E;}<\/style>Frankldorfer Str. 12a<br>94121 Salzweg<\/span><\/div><div class=\"fusion-builder-row fusion-builder-row-inner fusion-row\"><div class=\"fusion-layout-column fusion_builder_column_inner fusion-builder-nested-column-0 fusion_builder_column_inner_1_3 1_3 fusion-one-third fusion-column-first\" style=\"width:30.6666%; margin-right: 4%;margin-top:0px;margin-bottom:20px;\"><div class=\"fusion-column-wrapper fusion-flex-column-wrapper-legacy\" style=\"background-position:left top;background-repeat:no-repeat;-webkit-background-size:cover;-moz-background-size:cover;-o-background-size:cover;background-size:cover;padding: 0px 0px 0px 0px;\"><style type=\"text\/css\"><\/style><div class=\"fusion-title title fusion-title-2 fusion-title-text fusion-title-size-two mb5 txti\" style=\"margin-top:0px;margin-right:0px;margin-bottom:31px;margin-left:0px;\"><h2 class=\"title-heading-left fusion-responsive-typography-calculated\" style=\"margin:0;--fontSize:18;--minFontSize:18px;line-height:1;\">Vorsitz<\/h2><span class=\"awb-title-spacer\"><\/span><div class=\"title-sep-container\"><div class=\"title-sep sep-double sep-solid\" style=\"border-color:#e0dede;\"><\/div><\/div><\/div><div class=\"fusion-text fusion-text-1\"><p><span class=\"fs14 lh14 txti c_999\">Kreisverband Passau<\/span><br><span class=\"fs12 lh14 txti c_999\"><\/span><\/p>\n<\/div><div class=\"fusion-clearfix\"><\/div><\/div><\/div><div class=\"fusion-layout-column fusion_builder_column_inner fusion-builder-nested-column-1 fusion_builder_column_inner_2_3 2_3 fusion-two-third fusion-column-last\" style=\"width:65.3333%;margin-top:0px;margin-bottom:20px;\"><div class=\"fusion-column-wrapper fusion-flex-column-wrapper-legacy\" style=\"background-position:left top;background-repeat:no-repeat;-webkit-background-size:cover;-moz-background-size:cover;-o-background-size:cover;background-size:cover;padding: 0px 0px 0px 0px;\"><div class=\"table-1\"><table width=\"100%\"><tbody><tr><td align=\"left\"><b>Raimund Kneidinger<\/b><br><i>1. Vorsitzender<\/i><\/td><td align=\"left\"><\/td><td align=\"left\"><b>E-Mail:<\/b><br>info@raimund-kneidinger.de<\/td><\/tr><\/tbody><\/table><\/div><div class=\"fusion-clearfix\"><\/div><\/div><\/div><\/div><div class=\"fusion-builder-row fusion-builder-row-inner fusion-row\"><div class=\"fusion-layout-column fusion_builder_column_inner fusion-builder-nested-column-2 fusion_builder_column_inner_1_3 1_3 fusion-one-third fusion-column-first\" style=\"width:30.6666%; margin-right: 4%;margin-top:0px;margin-bottom:20px;\"><div class=\"fusion-column-wrapper fusion-flex-column-wrapper-legacy\" style=\"background-position:left top;background-repeat:no-repeat;-webkit-background-size:cover;-moz-background-size:cover;-o-background-size:cover;background-size:cover;padding: 0px 0px 0px 0px;\"><style type=\"text\/css\"><\/style><div class=\"fusion-title title fusion-title-3 fusion-title-text fusion-title-size-two mb5 txti\" style=\"margin-top:0px;margin-right:0px;margin-bottom:31px;margin-left:0px;\"><h2 class=\"title-heading-left fusion-responsive-typography-calculated\" style=\"margin:0;--fontSize:18;--minFontSize:18px;line-height:1;\">stv. Vorsitzender<\/h2><span class=\"awb-title-spacer\"><\/span><div class=\"title-sep-container\"><div class=\"title-sep sep-double sep-solid\" style=\"border-color:#e0dede;\"><\/div><\/div><\/div><div class=\"fusion-text fusion-text-2\"><p><span class=\"fs14 lh14 txti c_999\">Kreisverband Passau<\/span><br><span class=\"fs12 lh14 txti c_999\"><\/span><\/p>\n<\/div><div class=\"fusion-clearfix\"><\/div><\/div><\/div><div class=\"fusion-layout-column fusion_builder_column_inner fusion-builder-nested-column-3 fusion_builder_column_inner_2_3 2_3 fusion-two-third fusion-column-last\" style=\"width:65.3333%;margin-top:0px;margin-bottom:20px;\"><div class=\"fusion-column-wrapper fusion-flex-column-wrapper-legacy\" style=\"background-position:left top;background-repeat:no-repeat;-webkit-background-size:cover;-moz-background-size:cover;-o-background-size:cover;background-size:cover;padding: 0px 0px 0px 0px;\"><div class=\"table-1\"><table width=\"100%\"><tbody><tr><td align=\"left\"><b>Caroline Schmitt<\/b><br><i>Stellvertretende Vorsitzende<\/i><\/td><td align=\"left\"><b>Telefon:<\/b><br>(+49) 0171 6929696<\/td><td align=\"left\"><b>E-Mail:<\/b><br>schmitt@vinovitalis.de<\/td><\/tr><tr><td align=\"left\"><b>Rudolf M\u00fcller<\/b><br><i>Stellvertretender Vorsitzender<\/i><\/td><td align=\"left\"><\/td><td align=\"left\"><b>E-Mail:<\/b><br>rudolfkmueller@web.de<\/td><\/tr><tr><td align=\"left\"><b>Stephan Dorn<\/b><br><i>Stellvertretender Vorsitzender<\/i><\/td><td align=\"left\"><\/td><td align=\"left\"><b>E-Mail:<\/b><br>mail@stephan-dorn.de<\/td><\/tr><\/tbody><\/table><\/div><div class=\"fusion-clearfix\"><\/div><\/div><\/div><\/div><div class=\"fusion-builder-row fusion-builder-row-inner fusion-row\"><div class=\"fusion-layout-column fusion_builder_column_inner fusion-builder-nested-column-4 fusion_builder_column_inner_1_3 1_3 fusion-one-third fusion-column-first\" style=\"width:30.6666%; margin-right: 4%;margin-top:0px;margin-bottom:20px;\"><div class=\"fusion-column-wrapper fusion-flex-column-wrapper-legacy\" style=\"background-position:left top;background-repeat:no-repeat;-webkit-background-size:cover;-moz-background-size:cover;-o-background-size:cover;background-size:cover;padding: 0px 0px 0px 0px;\"><style type=\"text\/css\"><\/style><div class=\"fusion-title title fusion-title-4 fusion-title-text fusion-title-size-two mb5 txti\" style=\"margin-top:0px;margin-right:0px;margin-bottom:31px;margin-left:0px;\"><h2 class=\"title-heading-left fusion-responsive-typography-calculated\" style=\"margin:0;--fontSize:18;--minFontSize:18px;line-height:1;\">Schatzmeister<\/h2><span class=\"awb-title-spacer\"><\/span><div class=\"title-sep-container\"><div class=\"title-sep sep-double sep-solid\" style=\"border-color:#e0dede;\"><\/div><\/div><\/div><div class=\"fusion-text fusion-text-3\"><p><span class=\"fs14 lh14 txti c_999\">Kreisverband Passau<\/span><br><span class=\"fs12 lh14 txti c_999\">Eine optionale Beschreibung dieser Kategorie<\/span><\/p>\n<\/div><div class=\"fusion-clearfix\"><\/div><\/div><\/div><div class=\"fusion-layout-column fusion_builder_column_inner fusion-builder-nested-column-5 fusion_builder_column_inner_2_3 2_3 fusion-two-third fusion-column-last\" style=\"width:65.3333%;margin-top:0px;margin-bottom:20px;\"><div class=\"fusion-column-wrapper fusion-flex-column-wrapper-legacy\" style=\"background-position:left top;background-repeat:no-repeat;-webkit-background-size:cover;-moz-background-size:cover;-o-background-size:cover;background-size:cover;padding: 0px 0px 0px 0px;\"><div class=\"table-1\"><table width=\"100%\"><tbody><tr><td align=\"left\"><b>Rudolf M\u00fcller<\/b><br><i>Stellvertretender Vorsitzender<\/i><\/td><td align=\"left\"><\/td><td align=\"left\"><b>E-Mail:<\/b><br>rudolfkmueller@web.de<\/td><\/tr><\/tbody><\/table><\/div><div class=\"fusion-clearfix\"><\/div><\/div><\/div><\/div><style type=\"text\/css\"><\/style><div class=\"fusion-title title fusion-title-5 fusion-title-center fusion-title-text fusion-title-size-two mb10 lh24\" style=\"margin-top:0px;margin-right:0px;margin-bottom:31px;margin-left:0px;\"><div class=\"title-sep-container title-sep-container-left\"><div class=\"title-sep sep-double sep-solid\" style=\"border-color:#e0dede;\"><\/div><\/div><span class=\"awb-title-spacer\"><\/span><h2 class=\"title-heading-center fusion-responsive-typography-calculated\" style=\"margin:0;--fontSize:18;--minFontSize:18px;line-height:1;\">Mitglied werden!<\/h2><span class=\"awb-title-spacer\"><\/span><div class=\"title-sep-container title-sep-container-right\"><div class=\"title-sep sep-double sep-solid\" style=\"border-color:#e0dede;\"><\/div><\/div><\/div><div class=\"fusion-text fusion-text-4\"><p><span class=\"blocki c_111 txtc\">Sie interessieren sich f\u00fcr eine Mitgliedschaft? Weitere informationen sowie den Mitgliedsantrag zum herunterladen:<\/span><\/p>\n<\/div><div class=\"fusion-aligncenter\"><style>.fusion-button.button-1{border-radius:0px 0px 0px 0px;}<\/style><a class=\"fusion-button button-flat fusion-button-default-size button-default button-1 fusion-button-default-span fusion-button-default-type\" target=\"_blank\" rel=\"noopener noreferrer\" href=\"http:\/\/eu-bayern.de\/mitmachen\/\"><span class=\"fusion-button-text\">MITGLIEDSCHAFT BEANTRAGEN<\/span><\/a><\/div><div class=\"fusion-text fusion-text-5\"><p><span class=\"box1\">Sie k\u00f6nnen den ausgef\u00fcllten Migliedsantrag per Post, per Fax oder auch gerne pers\u00f6nlich bei\u00a0unserer Landesgesch\u00e4ftsstelle in M\u00fcnchen einreichen.<\/span><\/p>\n<\/div><div class=\"fusion-clearfix\"><\/div><\/div><\/div><\/div><\/div>\n","protected":false},"excerpt":{"rendered":"","protected":false},"author":1,"featured_media":0,"parent":0,"menu_order":0,"comment_status":"closed","ping_status":"closed","template":"","meta":[],"acf":[],"_links":{"self":[{"href":"https:\/\/eu-bayern.de\/kv-passau\/wp-json\/wp\/v2\/pages\/10"}],"collection":[{"href":"https:\/\/eu-bayern.de\/kv-passau\/wp-json\/wp\/v2\/pages"}],"about":[{"href":"https:\/\/eu-bayern.de\/kv-passau\/wp-json\/wp\/v2\/types\/page"}],"author":[{"embeddable":true,"href":"https:\/\/eu-bayern.de\/kv-passau\/wp-json\/wp\/v2\/users\/1"}],"replies":[{"embeddable":true,"href":"https:\/\/eu-bayern.de\/kv-passau\/wp-json\/wp\/v2\/comments?post=10"}],"version-history":[{"count":2,"href":"https:\/\/eu-bayern.de\/kv-passau\/wp-json\/wp\/v2\/pages\/10\/revisions"}],"predecessor-version":[{"id":780,"href":"https:\/\/eu-bayern.de\/kv-passau\/wp-json\/wp\/v2\/pages\/10\/revisions\/780"}],"wp:attachment":[{"href":"https:\/\/eu-bayern.de\/kv-passau\/wp-json\/wp\/v2\/media?parent=10"}],"curies":[{"name":"wp","href":"https:\/\/api.w.org\/{rel}","templated":true}]}}