{"id":97,"date":"2017-12-09T15:05:32","date_gmt":"2017-12-09T14:05:32","guid":{"rendered":"https:\/\/eu-bayern.de\/kv-fuerstenfeldbruck\/?page_id=97"},"modified":"2018-04-10T19:30:32","modified_gmt":"2018-04-10T17:30:32","slug":"aktuelles","status":"publish","type":"page","link":"https:\/\/eu-bayern.de\/kv-fuerstenfeldbruck\/aktuelles\/","title":{"rendered":"Aktuelles"},"content":{"rendered":"<div class=\"fusion-fullwidth fullwidth-box fusion-builder-row-1 nonhundred-percent-fullwidth non-hundred-percent-height-scrolling\" style=\"background-color: rgba(255,255,255,0);background-position: center center;background-repeat: no-repeat;padding-top:0px;padding-right:0px;padding-bottom:0px;padding-left:0px;margin-bottom: 0px;margin-top: 0px;border-width: 0px 0px 0px 0px;border-color:#eae9e9;border-style:solid;\" ><div class=\"fusion-builder-row fusion-row\"><div class=\"fusion-layout-column fusion_builder_column fusion-builder-column-0 fusion_builder_column_1_1 1_1 fusion-one-full fusion-column-first fusion-column-last\" style=\"margin-top:0px;margin-bottom:20px;\"><div class=\"fusion-column-wrapper fusion-flex-column-wrapper-legacy\" style=\"background-position:left top;background-repeat:no-repeat;-webkit-background-size:cover;-moz-background-size:cover;-o-background-size:cover;background-size:cover;padding: 0px 0px 0px 0px;\"><div class=\"fusion-blog-shortcode fusion-blog-shortcode-1 fusion-blog-archive fusion-blog-layout-medium fusion-blog-pagination\"><div class=\"fusion-posts-container fusion-posts-container-pagination\" data-pages=\"1\"><article id=\"blog-1-post-295\" class=\"fusion-post-medium post-295 post type-post status-publish format-standard has-post-thumbnail hentry category-allgemein\">\n\t<style type=\"text\/css\">\n\t\t\n\t\t\n\t\t\n\t\t\n\t\t\t<\/style>\n\n\n\t\t\t<div class=\"fusion-flexslider flexslider fusion-flexslider-loading fusion-post-slideshow\" style=\"\">\n\t\t<ul class=\"slides\">\n\t\t\t\n\t\t\t\t\t\t\t\t\t\t\t\t\t\t<li><div  class=\"fusion-image-wrapper fusion-image-size-fixed\" aria-haspopup=\"true\">\n\t\t\t\t\t\t\t<a href=\"https:\/\/eu-bayern.de\/kv-fuerstenfeldbruck\/werteweg-puchheim-202203011\/\" aria-label=\"Europas Werte-Wanderweg im Landkreis F\u00fcrstenfeldbruck\">\n\t\t\t\t\t\t\t<img width=\"800\" height=\"586\" src=\"https:\/\/eu-bayern.de\/kv-fuerstenfeldbruck\/wp-content\/uploads\/sites\/65\/2017\/12\/EUWWW-mit-Fahne-1.jpg\" class=\"attachment-blog-medium size-blog-medium wp-post-image\" alt=\"\" \/>\t\t\t<\/a>\n\t\t\t\t\t\t\t<\/div>\n<\/li>\n\t\t\t\n\t\t\t\n\t\t\t\t\t\t\t\t<\/ul>\n\t<\/div>\n\t<div class=\"fusion-post-content post-content\"><h2 class=\"blog-shortcode-post-title entry-title\"><a href=\"https:\/\/eu-bayern.de\/kv-fuerstenfeldbruck\/werteweg-puchheim-202203011\/\">Europas Werte-Wanderweg im Landkreis F\u00fcrstenfeldbruck<\/a><\/h2><div class=\"fusion-post-content-container\"><p>Outdoor-Lehrpfad der Europa-Union Bayern zu Gast in Puchheim-Bahnhof<\/p><\/div><\/div><div class=\"fusion-clearfix\"><\/div><div class=\"fusion-meta-info\"><div class=\"fusion-alignleft\"><span class=\"updated\" style=\"display:none;\">2022-04-15T17:52:26+02:00<\/span><span>15. April, 2022<\/span><span class=\"fusion-inline-sep\">|<\/span><a href=\"https:\/\/eu-bayern.de\/kv-fuerstenfeldbruck\/c\/allgemein\/\" rel=\"category tag\">Allgemein<\/a><span class=\"fusion-inline-sep\">|<\/span><\/div><\/div><\/article>\n<article id=\"blog-1-post-117\" class=\"fusion-post-medium post-117 post type-post status-publish format-standard has-post-thumbnail hentry category-allgemein\">\n\t<style type=\"text\/css\">\n\t\t\n\t\t\n\t\t\n\t\t\n\t\t\t<\/style>\n\n\n\t\t\t<div class=\"fusion-flexslider flexslider fusion-flexslider-loading fusion-post-slideshow\" style=\"\">\n\t\t<ul class=\"slides\">\n\t\t\t\n\t\t\t\t\t\t\t\t\t\t\t\t\t\t<li><div  class=\"fusion-image-wrapper fusion-image-size-fixed\" aria-haspopup=\"true\">\n\t\t\t\t\t\t\t<a href=\"https:\/\/eu-bayern.de\/kv-fuerstenfeldbruck\/muster-artikel2\/\" aria-label=\"Europa-Empfang am 6. Mai 2022\">\n\t\t\t\t\t\t\t<img width=\"734\" height=\"372\" src=\"https:\/\/eu-bayern.de\/kv-fuerstenfeldbruck\/wp-content\/uploads\/sites\/65\/2017\/12\/Einladung-Europa-Empfang-2022.png\" class=\"attachment-blog-medium size-blog-medium wp-post-image\" alt=\"\" \/>\t\t\t<\/a>\n\t\t\t\t\t\t\t<\/div>\n<\/li>\n\t\t\t\n\t\t\t\n\t\t\t\t\t\t\t\t<\/ul>\n\t<\/div>\n\t<div class=\"fusion-post-content post-content\"><h2 class=\"blog-shortcode-post-title entry-title\"><a href=\"https:\/\/eu-bayern.de\/kv-fuerstenfeldbruck\/muster-artikel2\/\">Europa-Empfang am 6. Mai 2022<\/a><\/h2><div class=\"fusion-post-content-container\"><p>Anl\u00e4sslich der Europa-Woche 2022 l\u00e4dt der Kreisverband F\u00fcrstenfeldbruck der Europa-Union Bayern e.V. am Freitag, den 6. Mai 2022 um 18 Uhr zu einem Empfang in den Rathaussaal der Stadt Puchheim ein.<\/p><\/div><\/div><div class=\"fusion-clearfix\"><\/div><div class=\"fusion-meta-info\"><div class=\"fusion-alignleft\"><span class=\"updated\" style=\"display:none;\">2022-04-15T17:02:27+02:00<\/span><span>9. Dezember, 2017<\/span><span class=\"fusion-inline-sep\">|<\/span><a href=\"https:\/\/eu-bayern.de\/kv-fuerstenfeldbruck\/c\/allgemein\/\" rel=\"category tag\">Allgemein<\/a><span class=\"fusion-inline-sep\">|<\/span><\/div><\/div><\/article>\n<\/div><\/div><div class=\"fusion-clearfix\"><\/div><\/div><\/div><\/div><\/div>\n","protected":false},"excerpt":{"rendered":"","protected":false},"author":1,"featured_media":0,"parent":0,"menu_order":0,"comment_status":"closed","ping_status":"closed","template":"","meta":[],"acf":[],"_links":{"self":[{"href":"https:\/\/eu-bayern.de\/kv-fuerstenfeldbruck\/wp-json\/wp\/v2\/pages\/97"}],"collection":[{"href":"https:\/\/eu-bayern.de\/kv-fuerstenfeldbruck\/wp-json\/wp\/v2\/pages"}],"about":[{"href":"https:\/\/eu-bayern.de\/kv-fuerstenfeldbruck\/wp-json\/wp\/v2\/types\/page"}],"author":[{"embeddable":true,"href":"https:\/\/eu-bayern.de\/kv-fuerstenfeldbruck\/wp-json\/wp\/v2\/users\/1"}],"replies":[{"embeddable":true,"href":"https:\/\/eu-bayern.de\/kv-fuerstenfeldbruck\/wp-json\/wp\/v2\/comments?post=97"}],"version-history":[{"count":0,"href":"https:\/\/eu-bayern.de\/kv-fuerstenfeldbruck\/wp-json\/wp\/v2\/pages\/97\/revisions"}],"wp:attachment":[{"href":"https:\/\/eu-bayern.de\/kv-fuerstenfeldbruck\/wp-json\/wp\/v2\/media?parent=97"}],"curies":[{"name":"wp","href":"https:\/\/api.w.org\/{rel}","templated":true}]}}