{"id":2,"date":"2017-12-09T09:59:38","date_gmt":"2017-12-09T08:59:38","guid":{"rendered":"https:\/\/eu-bayern.de\/kv-bad-toelz-wolfratshausen-2\/?page_id=2"},"modified":"2025-07-21T19:10:51","modified_gmt":"2025-07-21T17:10:51","slug":"idx","status":"publish","type":"page","link":"https:\/\/eu-bayern.de\/kv-bad-toelz-wolfratshausen\/","title":{"rendered":"Hauptseite"},"content":{"rendered":"<p><div class=\"fusion-fullwidth fullwidth-box fusion-builder-row-1 nonhundred-percent-fullwidth non-hundred-percent-height-scrolling\" style=\"background-color: rgba(255,255,255,0);background-position: center center;background-repeat: no-repeat;padding-top:0px;padding-right:0px;padding-bottom:0px;padding-left:0px;margin-bottom: 0px;margin-top: 0px;border-width: 0px 0px 0px 0px;border-color:#eae9e9;border-style:solid;\" ><div class=\"fusion-builder-row fusion-row\"><div class=\"fusion-layout-column fusion_builder_column fusion-builder-column-0 fusion_builder_column_1_1 1_1 fusion-one-full fusion-column-first fusion-column-last\" style=\"margin-top:0px;margin-bottom:20px;\"><div class=\"fusion-column-wrapper fusion-flex-column-wrapper-legacy\" style=\"background-position:left top;background-repeat:no-repeat;-webkit-background-size:cover;-moz-background-size:cover;-o-background-size:cover;background-size:cover;padding: 0px 0px 0px 0px;\"><style type=\"text\/css\"><\/style><div class=\"fusion-title title fusion-title-1 fusion-title-center fusion-title-text fusion-title-size-two\" style=\"margin-top:0px;margin-right:0px;margin-bottom:31px;margin-left:0px;\"><div class=\"title-sep-container title-sep-container-left\"><div class=\"title-sep sep-double sep-solid\" style=\"border-color:#e0dede;\"><\/div><\/div><span class=\"awb-title-spacer\"><\/span><h2 class=\"title-heading-center fusion-responsive-typography-calculated\" style=\"margin:0;--fontSize:18;--minFontSize:18px;line-height:1;\"><p class=\"tinymce_own01\"><strong>Willkommen beim Kreisverband Bad T\u00f6lz-Wolfratshausen!<\/strong><\/p><\/h2><span class=\"awb-title-spacer\"><\/span><div class=\"title-sep-container title-sep-container-right\"><div class=\"title-sep sep-double sep-solid\" style=\"border-color:#e0dede;\"><\/div><\/div><\/div><div class=\"fusion-clearfix\"><\/div><\/div><\/div><div class=\"fusion-layout-column fusion_builder_column fusion-builder-column-1 fusion_builder_column_2_3 2_3 fusion-two-third fusion-column-first\" style=\"width:66.666666666667%;width:calc(66.666666666667% - ( ( 4% ) * 0.66666666666667 ) );margin-right: 4%;margin-top:0px;margin-bottom:20px;\"><div class=\"fusion-column-wrapper fusion-flex-column-wrapper-legacy\" style=\"background-position:left top;background-repeat:no-repeat;-webkit-background-size:cover;-moz-background-size:cover;-o-background-size:cover;background-size:cover;padding: 0px 0px 0px 0px;\"><div class=\"fusion-text fusion-text-1\"><p>Der Kreisverband Bad T\u00f6lz-Wolfratshausen wurde am 26. September 1953 gegr\u00fcndet, und derzeit z\u00e4hlen wir ca. 70 Mitglieder.<\/p>\n<p><strong>Unser aktueller Kreisvorstand:<\/strong><\/p>\n<ul>\n<li>Alexander Lippert, Kreisvorsitzender<\/li>\n<li>Dr. Daniela McLoughlin, Stellvertr. Kreisvorsitzende<\/li>\n<li>H.-J\u00fcrgen G\u00f6bel, Ehrenvorsitzender<\/li>\n<li>G\u00fcnter Lang-Lendorff, Schatzmeister<\/li>\n<li>Sabine Nie\u00dfen, Schriftf\u00fchrerin<\/li>\n<li>Eberhard Hahn, Beisitzer<\/li>\n<li>Alexander Kohler, Beisitzer<\/li>\n<li>Dr. Ulrike Krischke, Beisitzerin<\/li>\n<\/ul>\n<p>Besuchen Sie uns auch auf Facebook unter <a href=\"http:\/\/facebook.com\/eu-toel-wor\" target=\"_blank\" rel=\"noopener noreferrer\">facebook.com\/eu-toel-wor<\/a>.<\/p>\n<\/div><div class=\"fusion-text fusion-text-2\"><p><strong>Bankverbindung:<\/strong><br \/>\nSparkasse Bad T\u00f6lz-Wolfratshausen<br \/>\nIBAN: DE89 7005 4306 0570 0283 08<br \/>\nBIC: BYLADEM1WOR<\/p>\n<\/div><div class=\"fusion-clearfix\"><\/div><\/div><\/div><div class=\"fusion-layout-column fusion_builder_column fusion-builder-column-2 fusion_builder_column_1_3 1_3 fusion-one-third fusion-column-last\" style=\"width:33.333333333333%;width:calc(33.333333333333% - ( ( 4% ) * 0.33333333333333 ) );margin-top:0px;margin-bottom:20px;\"><div class=\"fusion-column-wrapper fusion-flex-column-wrapper-legacy\" style=\"background-position:left top;background-repeat:no-repeat;-webkit-background-size:cover;-moz-background-size:cover;-o-background-size:cover;background-size:cover;padding: 0px 0px 0px 0px;\"><span class=\" fusion-imageframe imageframe-none imageframe-1 hover-type-none\"><img width=\"480\" height=\"640\" title=\"Normandiereise-A\u0308ltestes-Restaurant_web\" src=\"https:\/\/eu-bayern.de\/kv-bad-toelz-wolfratshausen\/wp-content\/uploads\/sites\/60\/2020\/05\/Normandiereise-A\u0308ltestes-Restaurant_web.jpg\" alt class=\"img-responsive wp-image-452\"\/><\/span><div class=\"fusion-clearfix\"><\/div><\/div><\/div><\/div><\/div><div class=\"fusion-fullwidth fullwidth-box fusion-builder-row-2 nonhundred-percent-fullwidth non-hundred-percent-height-scrolling\" style=\"background-color: rgba(255,255,255,0);background-position: center center;background-repeat: no-repeat;padding-top:0px;padding-right:0px;padding-bottom:0px;padding-left:0px;margin-bottom: 0px;margin-top: 0px;border-width: 0px 0px 0px 0px;border-color:#eae9e9;border-style:solid;\" ><div class=\"fusion-builder-row fusion-row\"><div class=\"fusion-layout-column fusion_builder_column fusion-builder-column-3 fusion_builder_column_1_1 1_1 fusion-one-full fusion-column-first fusion-column-last\" style=\"margin-top:0px;margin-bottom:20px;\"><div class=\"fusion-column-wrapper fusion-flex-column-wrapper-legacy\" style=\"background-position:left top;background-repeat:no-repeat;-webkit-background-size:cover;-moz-background-size:cover;-o-background-size:cover;background-size:cover;padding: 0px 0px 0px 0px;\"><style type=\"text\/css\"><\/style><div class=\"fusion-title title fusion-title-2 fusion-title-text fusion-title-size-two pall10 c_111 bg_eee\" style=\"margin-top:0px;margin-right:0px;margin-bottom:20px;margin-left:0px;\"><h2 class=\"title-heading-left fusion-responsive-typography-calculated\" style=\"margin:0;--fontSize:18;--minFontSize:18px;line-height:1;\">Anstehende Termine<\/h2><span class=\"awb-title-spacer\"><\/span><div class=\"title-sep-container\"><div class=\"title-sep sep-double sep-solid\" style=\"border-color:#e0dede;\"><\/div><\/div><\/div>Momentan keine Termine eingetragen<div class=\"fusion-alignright\"><style>.fusion-button.button-1{border-radius:0px 0px 0px 0px;}<\/style><a class=\"fusion-button button-flat fusion-button-default-size button-default button-1 fusion-button-default-span fusion-button-default-type\" target=\"_self\" href=\"https:\/\/eu-bayern.de\/kv-bad-toelz-wolfratshausen\/terminarchiv\"><span class=\"fusion-button-text\">TERMINARCHIV ANZEIGEN<\/span><\/a><\/div><div class=\"fusion-clearfix\"><\/div><\/div><\/div><\/div><\/div><div class=\"fusion-fullwidth fullwidth-box fusion-builder-row-3 nonhundred-percent-fullwidth non-hundred-percent-height-scrolling\" style=\"background-color: rgba(255,255,255,0);background-position: center center;background-repeat: no-repeat;padding-top:0px;padding-right:0px;padding-bottom:0px;padding-left:0px;margin-bottom: 0px;margin-top: 0px;border-width: 0px 0px 0px 0px;border-color:#eae9e9;border-style:solid;\" id=\"idx_featarticle_wrapper\" ><div class=\"fusion-builder-row fusion-row\"><div class=\"fusion-layout-column fusion_builder_column fusion-builder-column-4 fusion_builder_column_1_1 1_1 fusion-one-full fusion-column-first fusion-column-last\" style=\"margin-top:0px;margin-bottom:0px;\"><div class=\"fusion-column-wrapper fusion-flex-column-wrapper-legacy\" style=\"background-position:left top;background-repeat:no-repeat;-webkit-background-size:cover;-moz-background-size:cover;-o-background-size:cover;background-size:cover;padding: 0px 0px 0px 0px;\"><style type=\"text\/css\"><\/style><div class=\"fusion-title title fusion-title-3 fusion-title-text fusion-title-size-two pall10 c_111 bg_eee\" style=\"margin-top:0px;margin-right:0px;margin-bottom:20px;margin-left:0px;\"><h2 class=\"title-heading-left fusion-responsive-typography-calculated\" style=\"margin:0;--fontSize:18;--minFontSize:18px;line-height:1;\">Aktuelle Artikel<\/h2><span class=\"awb-title-spacer\"><\/span><div class=\"title-sep-container\"><div class=\"title-sep sep-double sep-solid\" style=\"border-color:#e0dede;\"><\/div><\/div><\/div><div class=\"fusion-fullwidth fullwidth-box fusion-builder-row-3-1 featart featart6 nonhundred-percent-fullwidth non-hundred-percent-height-scrolling\" style=\"background-color: #2a973e;background-position: center center;background-repeat: no-repeat;padding-top:0px;padding-right:0px;padding-bottom:0px;padding-left:0px;margin-bottom: 0px;margin-top: 0px;border-width: 0px 0px 0px 0px;border-color:#eae9e9;border-style:solid;\" ><div class=\"fusion-builder-row fusion-row\"><div class=\"fusion-layout-column fusion_builder_column fusion-builder-column-5 fusion_builder_column_1_1 1_1 fusion-one-full fusion-column-first fusion-column-last\" style=\"margin-top:0px;margin-bottom:20px;\"><div class=\"fusion-column-wrapper fusion-flex-column-wrapper-legacy\" style=\"background-position:left top;background-repeat:no-repeat;-webkit-background-size:cover;-moz-background-size:cover;-o-background-size:cover;background-size:cover;padding: 0px 0px 0px 0px;\"><div class=\"fusion-text fusion-text-3\"><p><span class=\"pdate\">29. Januar 2026<\/span><\/p>\n<h2><a class=\"c_fff\" href=\"https:\/\/eu-bayern.de\/kv-bad-toelz-wolfratshausen\/europa-im-fokus-hochkaraetiger-diskurs-mit-prof-weidenfeld-und-edmund-stoiber-in-wolfratshausen\/\">Europa im Fokus: Hochkar\u00e4tiger Diskurs mit Prof. Weidenfeld und Edmund Stoiber in Wolfratshausen<\/a><\/h2>\n<p><span class=\"pexcerpt\"> <a class=\"fw700\" href=\"https:\/\/eu-bayern.de\/kv-bad-toelz-wolfratshausen\/europa-im-fokus-hochkaraetiger-diskurs-mit-prof-weidenfeld-und-edmund-stoiber-in-wolfratshausen\/\">Weiterlesen &raquo;<\/a><\/span><\/p>\n<\/div><div class=\"fusion-clearfix\"><\/div><\/div><\/div><\/div><\/div><div class=\"fusion-clearfix\"><\/div><\/div><\/div><\/div><\/div><div class=\"fusion-fullwidth fullwidth-box fusion-builder-row-4 nonhundred-percent-fullwidth non-hundred-percent-height-scrolling\" style=\"background-color: rgba(255,255,255,0);background-position: center center;background-repeat: no-repeat;padding-top:0px;padding-right:0px;padding-bottom:0px;padding-left:0px;margin-bottom: 0px;margin-top: 0px;border-width: 0px 0px 0px 0px;border-color:#eae9e9;border-style:solid;\" id=\"idx_articlelist_wrapper\" ><div class=\"fusion-builder-row fusion-row\"><div class=\"fusion-layout-column fusion_builder_column fusion-builder-column-6 fusion_builder_column_1_1 1_1 fusion-one-full fusion-column-first fusion-column-last\" style=\"margin-top:0px;margin-bottom:20px;\"><div class=\"fusion-column-wrapper fusion-flex-column-wrapper-legacy\" style=\"background-position:left top;background-repeat:no-repeat;-webkit-background-size:cover;-moz-background-size:cover;-o-background-size:cover;background-size:cover;padding: 0px 0px 0px 0px;\"><div class=\"fusion-fullwidth fullwidth-box fusion-builder-row-4-1 nonhundred-percent-fullwidth non-hundred-percent-height-scrolling\" style=\"background-color: rgba(255,255,255,0);background-position: center center;background-repeat: no-repeat;padding-top:0px;padding-right:0px;padding-bottom:0px;padding-left:0px;margin-bottom: 0px;margin-top: 0px;border-width: 0px 0px 0px 0px;border-color:#eae9e9;border-style:solid;\" ><div class=\"fusion-builder-row fusion-row\"><div class=\"fusion-layout-column fusion_builder_column fusion-builder-column-7 fusion_builder_column_1_1 1_1 fusion-one-full fusion-column-first fusion-column-last\" style=\"margin-top:0px;margin-bottom:20px;\"><div class=\"fusion-column-wrapper fusion-flex-column-wrapper-legacy\" style=\"background-position:left top;background-repeat:no-repeat;-webkit-background-size:cover;-moz-background-size:cover;-o-background-size:cover;background-size:cover;padding: 0px 0px 0px 0px;\"><div class=\"fusion-blog-shortcode fusion-blog-shortcode-1 fusion-blog-archive fusion-blog-layout-grid-wrapper fusion-blog-no\"><style type=\"text\/css\">.fusion-blog-shortcode-1 .fusion-blog-layout-grid .fusion-post-grid{padding:5px;}.fusion-blog-shortcode-1 .fusion-posts-container{margin-left: -5px !important; margin-right:-5px !important;}<\/style><div class=\"fusion-posts-container fusion-posts-container-no fusion-blog-layout-grid fusion-blog-layout-grid-3 isotope\" data-pages=\"10\" data-grid-col-space=\"10\" style=\"margin: -5px -5px 0;min-height:500px;\"><article id=\"blog-1-post-832\" class=\"fusion-post-grid post-832 post type-post status-publish format-standard hentry category-allgemein\">\n<div class=\"fusion-post-wrapper\" style=\"background-color:rgba(255,255,255,0);border:1px solid #ebeaea;border-bottom-width:3px;\">\n\n<div class=\"fusion-post-content-wrapper\" style=\"padding:30px 25px 20px 25px;\"><div class=\"fusion-post-content post-content\"><h2 class=\"blog-shortcode-post-title entry-title\"><a href=\"https:\/\/eu-bayern.de\/kv-bad-toelz-wolfratshausen\/studienreise-der-europa-union-deutschland-nach-suedtirol-vom-21-28-oktober-2024\/\">Studienreise der Europa-Union Deutschland nach S\u00fcdtirol vom 21.-28. Oktober 2024<\/a><\/h2><p class=\"fusion-single-line-meta\"><span class=\"updated\" style=\"display:none;\">2024-11-13T19:53:07+01:00<\/span><span>13. November, 2024<\/span><span class=\"fusion-inline-sep\">|<\/span><a href=\"https:\/\/eu-bayern.de\/kv-bad-toelz-wolfratshausen\/c\/allgemein\/\" rel=\"category tag\">Allgemein<\/a><span class=\"fusion-inline-sep\">|<\/span><\/p><div class=\"fusion-content-sep sep-double sep-solid\" style=\"border-color:#ebeaea;\"><\/div><div class=\"fusion-post-content-container\">\n<p class=\"tinymce_own02\">Auf Initiative der Europa-Union Leverkusen fand eine Reise mit Teilnehmern aus Bonn, Haan und Leverkusen zun\u00e4chst nach Bernried an den [\u2026]<\/p>\n<\/div><\/div><\/div><div class=\"fusion-clearfix\"><\/div><\/div>\n<\/article>\n<article id=\"blog-1-post-830\" class=\"fusion-post-grid post-830 post type-post status-publish format-standard hentry category-allgemein\">\n<div class=\"fusion-post-wrapper\" style=\"background-color:rgba(255,255,255,0);border:1px solid #ebeaea;border-bottom-width:3px;\">\n\n<div class=\"fusion-post-content-wrapper\" style=\"padding:30px 25px 20px 25px;\"><div class=\"fusion-post-content post-content\"><h2 class=\"blog-shortcode-post-title entry-title\"><a href=\"https:\/\/eu-bayern.de\/kv-bad-toelz-wolfratshausen\/stellungnahme-im-muenchner-merkur-anlaesslich-der-wahl-von-donald-trump-zum-47-praesidenten-der-usa\/\">Stellungnahme im M\u00fcnchner Merkur anl\u00e4sslich der Wahl von Donald Trump zum 47. Pr\u00e4sidenten der USA<\/a><\/h2><p class=\"fusion-single-line-meta\"><span class=\"updated\" style=\"display:none;\">2024-11-13T19:43:36+01:00<\/span><span>13. November, 2024<\/span><span class=\"fusion-inline-sep\">|<\/span><a href=\"https:\/\/eu-bayern.de\/kv-bad-toelz-wolfratshausen\/c\/allgemein\/\" rel=\"category tag\">Allgemein<\/a><span class=\"fusion-inline-sep\">|<\/span><\/p><div class=\"fusion-content-sep sep-double sep-solid\" style=\"border-color:#ebeaea;\"><\/div><div class=\"fusion-post-content-container\">\n<p>Aus dem <a href=\"https:\/\/www.merkur.de\/lokales\/bad-toelz\/bad-toelz-ort28297\/wahl-von-donald-trump-vielleicht-kommen-die-reformen-schneller-93399175.html\">M\u00fcnchner Merkur<\/a>, 8. November 2024<\/p>\n<p>\u201eDie Wahrscheinlichkeit, dass es zu diesem Wahlergebnis kommt, war relativ hoch. Gehofft haben wir [\u2026]<\/p>\n<\/div><\/div><\/div><div class=\"fusion-clearfix\"><\/div><\/div>\n<\/article>\n<article id=\"blog-1-post-823\" class=\"fusion-post-grid post-823 post type-post status-publish format-standard has-post-thumbnail hentry category-allgemein\">\n<div class=\"fusion-post-wrapper\" style=\"background-color:rgba(255,255,255,0);border:1px solid #ebeaea;border-bottom-width:3px;\">\n\n\t\t\t<div class=\"fusion-flexslider flexslider fusion-flexslider-loading fusion-post-slideshow\" style=\"border-color:#ebeaea;\">\n\t\t<ul class=\"slides\">\n\t\t\t\n\t\t\t\t\t\t\t\t\t\t\t\t\t\t<li><div  class=\"fusion-image-wrapper\" aria-haspopup=\"true\">\n\t\t\t\t\t\t\t<a href=\"https:\/\/eu-bayern.de\/zusammenhalt-stuttgarter-signal-und-mehr-beim-eud-bundeskongress-2024\/\" aria-label=\"Zusammenhalt, \u201eStuttgarter Signal\u201c und mehr beim Bundeskongress 2024 der Europa-Union Deutschland\">\n\t\t\t\t\t\t\t<img width=\"800\" height=\"361\" src=\"https:\/\/eu-bayern.de\/kv-bad-toelz-wolfratshausen\/wp-content\/uploads\/sites\/60\/2024\/10\/20241019_134528_4237922.jpg\" class=\"attachment-full size-full wp-post-image\" alt=\"Europa-Union Bayern auf dem Bundeskongress 2024\" \/>\t\t\t<\/a>\n\t\t\t\t\t\t\t<\/div>\n<\/li>\n\t\t\t\n\t\t\t\n\t\t\t\t\t\t\t\t<\/ul>\n\t<\/div>\n\t<div class=\"fusion-post-content-wrapper\" style=\"padding:30px 25px 20px 25px;\"><div class=\"fusion-post-content post-content\"><h2 class=\"blog-shortcode-post-title entry-title\"><a href=\"https:\/\/eu-bayern.de\/zusammenhalt-stuttgarter-signal-und-mehr-beim-eud-bundeskongress-2024\/\">Zusammenhalt, \u201eStuttgarter Signal\u201c und mehr beim Bundeskongress 2024 der Europa-Union Deutschland<\/a><\/h2><span class=\"pbroadcast\">Quelle: <a href=\"https:\/\/eu-bayern.de\/zusammenhalt-stuttgarter-signal-und-mehr-beim-eud-bundeskongress-2024\/\" title=\"Europa-Union Bayern e.V.\" target=\"_blank\">Europa-Union Bayern e.V.<\/a><\/span><p class=\"fusion-single-line-meta\"><span class=\"updated\" style=\"display:none;\">2024-11-13T19:56:29+01:00<\/span><span>27. Oktober, 2024<\/span><span class=\"fusion-inline-sep\">|<\/span><a href=\"https:\/\/eu-bayern.de\/kv-bad-toelz-wolfratshausen\/c\/allgemein\/\" rel=\"category tag\">Allgemein<\/a><span class=\"fusion-inline-sep\">|<\/span><\/p><div class=\"fusion-content-sep sep-double sep-solid\" style=\"border-color:#ebeaea;\"><\/div><div class=\"fusion-post-content-container\"><p>Einen ereignisreichen 67. Bundeskongress der Europa-Union Deutschland erlebten die mehr als 20 Delegierten der Europa-Union Bayern in Stuttgart in der Sparkassenakademie Baden-W\u00fcrttemberg. Mit dem Stuttgarter Signal, ...<\/p><\/div><\/div><\/div><div class=\"fusion-clearfix\"><\/div><\/div>\n<\/article>\n<article id=\"blog-1-post-821\" class=\"fusion-post-grid post-821 post type-post status-publish format-standard hentry category-allgemein\">\n<div class=\"fusion-post-wrapper\" style=\"background-color:rgba(255,255,255,0);border:1px solid #ebeaea;border-bottom-width:3px;\">\n\n<div class=\"fusion-post-content-wrapper\" style=\"padding:30px 25px 20px 25px;\"><div class=\"fusion-post-content post-content\"><h2 class=\"blog-shortcode-post-title entry-title\"><a href=\"https:\/\/eu-bayern.de\/wir-stehen-fuer-das-miteinander\/\">Wir stehen f\u00fcr das Miteinander!<\/a><\/h2><span class=\"pbroadcast\">Quelle: <a href=\"https:\/\/eu-bayern.de\/wir-stehen-fuer-das-miteinander\/\" title=\"Europa-Union Bayern e.V.\" target=\"_blank\">Europa-Union Bayern e.V.<\/a><\/span><p class=\"fusion-single-line-meta\"><span class=\"updated\" style=\"display:none;\">2024-11-13T19:57:07+01:00<\/span><span>10. Oktober, 2024<\/span><span class=\"fusion-inline-sep\">|<\/span><a href=\"https:\/\/eu-bayern.de\/kv-bad-toelz-wolfratshausen\/c\/allgemein\/\" rel=\"category tag\">Allgemein<\/a><span class=\"fusion-inline-sep\">|<\/span><\/p><div class=\"fusion-content-sep sep-double sep-solid\" style=\"border-color:#ebeaea;\"><\/div><div class=\"fusion-post-content-container\"><p>Ob Th\u00fcringen, Sachsen oder Brandenburg \u2013 die Akzeptanz glaubhaft demokratisch orientierter Parteien schwindet. Wohin soll das f\u00fchren? Und warum steht die Europa-Union f\u00fcr das Miteinander?\r\nGedanken unseres Landesvorsitzenden <\/p><\/div><\/div><\/div><div class=\"fusion-clearfix\"><\/div><\/div>\n<\/article>\n<article id=\"blog-1-post-814\" class=\"fusion-post-grid post-814 post type-post status-publish format-standard has-post-thumbnail hentry category-allgemein\">\n<div class=\"fusion-post-wrapper\" style=\"background-color:rgba(255,255,255,0);border:1px solid #ebeaea;border-bottom-width:3px;\">\n\n\t\t\t<div class=\"fusion-flexslider flexslider fusion-flexslider-loading fusion-post-slideshow\" style=\"border-color:#ebeaea;\">\n\t\t<ul class=\"slides\">\n\t\t\t\n\t\t\t\t\t\t\t\t\t\t\t\t\t\t<li><div  class=\"fusion-image-wrapper\" aria-haspopup=\"true\">\n\t\t\t\t\t\t\t<a href=\"https:\/\/eu-bayern.de\/bayern-in-europa-mit-veranstaltungstipps-ausblick-und-rueckblick-erschienen\/\" aria-label=\"Bayern in Europa &#8211; mit Ausblick, R\u00fcckblick und Veranstaltungstipps\">\n\t\t\t\t\t\t\t<img width=\"568\" height=\"503\" src=\"https:\/\/eu-bayern.de\/kv-bad-toelz-wolfratshausen\/wp-content\/uploads\/sites\/60\/2024\/10\/BayerninEuropa-2-2024_Seite_1-part-e1728563644177_5070231_4318289.jpg\" class=\"attachment-full size-full wp-post-image\" alt=\"Bayern in Europa\" \/>\t\t\t<\/a>\n\t\t\t\t\t\t\t<\/div>\n<\/li>\n\t\t\t\n\t\t\t\n\t\t\t\t\t\t\t\t<\/ul>\n\t<\/div>\n\t<div class=\"fusion-post-content-wrapper\" style=\"padding:30px 25px 20px 25px;\"><div class=\"fusion-post-content post-content\"><h2 class=\"blog-shortcode-post-title entry-title\"><a href=\"https:\/\/eu-bayern.de\/bayern-in-europa-mit-veranstaltungstipps-ausblick-und-rueckblick-erschienen\/\">Bayern in Europa &#8211; mit Ausblick, R\u00fcckblick und Veranstaltungstipps<\/a><\/h2><span class=\"pbroadcast\">Quelle: <a href=\"https:\/\/eu-bayern.de\/bayern-in-europa-mit-veranstaltungstipps-ausblick-und-rueckblick-erschienen\/\" title=\"Europa-Union Bayern e.V.\" target=\"_blank\">Europa-Union Bayern e.V.<\/a><\/span><p class=\"fusion-single-line-meta\"><span class=\"updated\" style=\"display:none;\">2024-11-13T19:57:36+01:00<\/span><span>10. Oktober, 2024<\/span><span class=\"fusion-inline-sep\">|<\/span><a href=\"https:\/\/eu-bayern.de\/kv-bad-toelz-wolfratshausen\/c\/allgemein\/\" rel=\"category tag\">Allgemein<\/a><span class=\"fusion-inline-sep\">|<\/span><\/p><div class=\"fusion-content-sep sep-double sep-solid\" style=\"border-color:#ebeaea;\"><\/div><div class=\"fusion-post-content-container\"><p>Warum die Aktiven der Europa-Union f\u00fcr das Miteinander stehen, Einblicke in die Landesversammlungen, zum Europ\u00e4ischen Wettbewerb und Aktivit\u00e4ten der Kreis- und Bezirksverb\u00e4nde finden Sie in dieser Ausgaben von Bayern in Europa. Au\u00dferdem im Ausblick: M\u00f6glichkeiten zur Beteiligung am 72. Europ\u00e4ischen Wettbewerb, wie Sie sich 2025 eine Indoor Ausstellung leihen und zur Veranstaltung \u00fcber Chancen und Risiken des digitalen Euro.<\/p><\/div><\/div><\/div><div class=\"fusion-clearfix\"><\/div><\/div>\n<\/article>\n<article id=\"blog-1-post-805\" class=\"fusion-post-grid post-805 post type-post status-publish format-standard has-post-thumbnail hentry category-allgemein\">\n<div class=\"fusion-post-wrapper\" style=\"background-color:rgba(255,255,255,0);border:1px solid #ebeaea;border-bottom-width:3px;\">\n\n\t\t\t<div class=\"fusion-flexslider flexslider fusion-flexslider-loading fusion-post-slideshow\" style=\"border-color:#ebeaea;\">\n\t\t<ul class=\"slides\">\n\t\t\t\n\t\t\t\t\t\t\t\t\t\t\t\t\t\t<li><div  class=\"fusion-image-wrapper\" aria-haspopup=\"true\">\n\t\t\t\t\t\t\t<a href=\"https:\/\/eu-bayern.de\/europa-hat-gewaehlt-was-nun-motto-des-buergerdialogs-und-der-landesversammlung-der-europa-union-bayern\/\" aria-label=\"Europa hat gew\u00e4hlt \u2013 was nun ?!\u201c Motto des B\u00fcrgerdialogs und der Landesversammlung\">\n\t\t\t\t\t\t\t<img width=\"800\" height=\"451\" src=\"https:\/\/eu-bayern.de\/kv-bad-toelz-wolfratshausen\/wp-content\/uploads\/sites\/60\/2024\/06\/LVS-Bild_5841577_6730755.jpg\" class=\"attachment-full size-full wp-post-image\" alt=\"Landesversammlung N\u00fcrnberg\" \/>\t\t\t<\/a>\n\t\t\t\t\t\t\t<\/div>\n<\/li>\n\t\t\t\n\t\t\t\n\t\t\t\t\t\t\t\t<\/ul>\n\t<\/div>\n\t<div class=\"fusion-post-content-wrapper\" style=\"padding:30px 25px 20px 25px;\"><div class=\"fusion-post-content post-content\"><h2 class=\"blog-shortcode-post-title entry-title\"><a href=\"https:\/\/eu-bayern.de\/europa-hat-gewaehlt-was-nun-motto-des-buergerdialogs-und-der-landesversammlung-der-europa-union-bayern\/\">Europa hat gew\u00e4hlt \u2013 was nun ?!\u201c Motto des B\u00fcrgerdialogs und der Landesversammlung<\/a><\/h2><span class=\"pbroadcast\">Quelle: <a href=\"https:\/\/eu-bayern.de\/europa-hat-gewaehlt-was-nun-motto-des-buergerdialogs-und-der-landesversammlung-der-europa-union-bayern\/\" title=\"Europa-Union Bayern e.V.\" target=\"_blank\">Europa-Union Bayern e.V.<\/a><\/span><p class=\"fusion-single-line-meta\"><span class=\"updated\" style=\"display:none;\">2024-11-13T19:58:30+01:00<\/span><span>21. Juni, 2024<\/span><span class=\"fusion-inline-sep\">|<\/span><a href=\"https:\/\/eu-bayern.de\/kv-bad-toelz-wolfratshausen\/c\/allgemein\/\" rel=\"category tag\">Allgemein<\/a><span class=\"fusion-inline-sep\">|<\/span><\/p><div class=\"fusion-content-sep sep-double sep-solid\" style=\"border-color:#ebeaea;\"><\/div><div class=\"fusion-post-content-container\"><p>Europa hat gew\u00e4hlt - was nun?! lautet der Titel des B\u00fcrgerdialoges mit Experten, zu dem die \u00fcberparteiliche Europa-Union Bayern am 21. Juni um 17:30 Uhr in die IHK N\u00fcrnberg Interessierte einl\u00e4dt.<\/p><\/div><\/div><\/div><div class=\"fusion-clearfix\"><\/div><\/div>\n<\/article>\n<div class=\"fusion-clearfix\"><\/div><\/div><\/div><div class=\"fusion-clearfix\"><\/div><\/div><\/div><\/div><div class=\"fusion-alignright\"><style>.fusion-button.button-2{border-radius:0px 0px 0px 0px;}<\/style><a class=\"fusion-button button-flat fusion-button-default-size button-default button-2 fusion-button-default-span fusion-button-default-type CLASXXX\" target=\"_self\" href=\"https:\/\/eu-bayern.de\/kv-bad-toelz-wolfratshausen\/aktuelles\/\"><span class=\"fusion-button-text\">Themenarchiv anzeigen<\/span><\/a><\/div><\/div><div class=\"fusion-clearfix\"><\/div><\/div><\/div><\/div><\/div><\/p>\n","protected":false},"excerpt":{"rendered":"","protected":false},"author":1,"featured_media":0,"parent":0,"menu_order":0,"comment_status":"closed","ping_status":"closed","template":"","meta":[],"acf":[],"_links":{"self":[{"href":"https:\/\/eu-bayern.de\/kv-bad-toelz-wolfratshausen\/wp-json\/wp\/v2\/pages\/2"}],"collection":[{"href":"https:\/\/eu-bayern.de\/kv-bad-toelz-wolfratshausen\/wp-json\/wp\/v2\/pages"}],"about":[{"href":"https:\/\/eu-bayern.de\/kv-bad-toelz-wolfratshausen\/wp-json\/wp\/v2\/types\/page"}],"author":[{"embeddable":true,"href":"https:\/\/eu-bayern.de\/kv-bad-toelz-wolfratshausen\/wp-json\/wp\/v2\/users\/1"}],"replies":[{"embeddable":true,"href":"https:\/\/eu-bayern.de\/kv-bad-toelz-wolfratshausen\/wp-json\/wp\/v2\/comments?post=2"}],"version-history":[{"count":1,"href":"https:\/\/eu-bayern.de\/kv-bad-toelz-wolfratshausen\/wp-json\/wp\/v2\/pages\/2\/revisions"}],"predecessor-version":[{"id":912,"href":"https:\/\/eu-bayern.de\/kv-bad-toelz-wolfratshausen\/wp-json\/wp\/v2\/pages\/2\/revisions\/912"}],"wp:attachment":[{"href":"https:\/\/eu-bayern.de\/kv-bad-toelz-wolfratshausen\/wp-json\/wp\/v2\/media?parent=2"}],"curies":[{"name":"wp","href":"https:\/\/api.w.org\/{rel}","templated":true}]}}