{"id":2,"date":"2017-12-09T09:59:38","date_gmt":"2017-12-09T08:59:38","guid":{"rendered":"https:\/\/eu-bayern.de\/tpl2\/?page_id=2"},"modified":"2025-05-07T14:10:22","modified_gmt":"2025-05-07T12:10:22","slug":"idx","status":"publish","type":"page","link":"https:\/\/eu-bayern.de\/kv-augsburg\/","title":{"rendered":"Hauptseite"},"content":{"rendered":"<p><div class=\"fusion-fullwidth fullwidth-box fusion-builder-row-1 nonhundred-percent-fullwidth non-hundred-percent-height-scrolling\" style=\"background-color: rgba(255,255,255,0);background-position: center center;background-repeat: no-repeat;padding-top:0px;padding-right:0px;padding-bottom:0px;padding-left:0px;margin-bottom: 0px;margin-top: 0px;border-width: 0px 0px 0px 0px;border-color:#eae9e9;border-style:solid;\" ><div class=\"fusion-builder-row fusion-row\"><div class=\"fusion-layout-column fusion_builder_column fusion-builder-column-0 fusion_builder_column_1_1 1_1 fusion-one-full fusion-column-first fusion-column-last\" style=\"margin-top:0px;margin-bottom:20px;\"><div class=\"fusion-column-wrapper fusion-flex-column-wrapper-legacy\" style=\"background-position:left top;background-repeat:no-repeat;-webkit-background-size:cover;-moz-background-size:cover;-o-background-size:cover;background-size:cover;padding: 0px 0px 0px 0px;\"><style type=\"text\/css\"><\/style><div class=\"fusion-title title fusion-title-1 fusion-title-center fusion-title-text fusion-title-size-two\" style=\"margin-top:0px;margin-right:0px;margin-bottom:31px;margin-left:0px;\"><div class=\"title-sep-container title-sep-container-left\"><div class=\"title-sep sep-double sep-solid\" style=\"border-color:#e0dede;\"><\/div><\/div><span class=\"awb-title-spacer\"><\/span><h2 class=\"title-heading-center fusion-responsive-typography-calculated\" style=\"margin:0;--fontSize:18;--minFontSize:18px;line-height:1;\"><p class=\"tinymce_own01\"><strong>Willkommen bei der Europa-Union Kreisverband Augsburg!<\/strong><\/p><\/h2><span class=\"awb-title-spacer\"><\/span><div class=\"title-sep-container title-sep-container-right\"><div class=\"title-sep sep-double sep-solid\" style=\"border-color:#e0dede;\"><\/div><\/div><\/div><div class=\"fusion-text fusion-text-1\"><p>Der Kreisverband Augsburg ist der \u00e4lteste im Bezirk Schwaben. Das erste Dokument in den Unterlagen der Europa-Union Augsburg stammt bereits vom 20.10.1947, ein Schreiben der Milit\u00e4rregierung f\u00fcr Bayern \u201eVorl\u00e4ufige Genehmigung der politischen Bet\u00e4tigung innerhalb des Stadt- und Landkreises Augsburg\u201c an Herrn Johann Naumann, Vorsitzender der Europa-Union, Stadt und Landkreis Augsburg. Als eigentliche Geburt sieht man aber die Gr\u00fcndungsversammlung vom 22.01.1948 an, in der sich der Europa-Bund und die Europa-Union zur Europa-Union Augsburg zusammenschlossen. Zu den Gr\u00fcndungsmitgliedern geh\u00f6rten beispielsweise die Stadtr\u00e4tin Luise Stein-Baur, der Bundestagsabgeordnete Valentin Baur und die Publizisten Curt Frenzel und Johann Wilhelm Naumann.<\/p>\n<p>Die ersten Vorsitzenden waren G\u00fcnter Pohl, G\u00fcnter Symnick, Valentin Baur und der Stadtrat und Rektor Hermann Gramatte. H\u00f6hepunkt in dieser \u00c4ra war der 9. Bundeskongress der Europa-Union Deutschland vom 9.-11.11.1956. 1961 folgte Dr. Eugen Vetter und bis zu seinem Tod 1969 Matthias Echtler. Wilhelm Brenner \u00fcbernahm das Amt bis 1980 und \u00fcbergab diese an seinen Gesch\u00e4ftsf\u00fchrer, Dr. Horst Denzer, der die Arbeit der Europa Union ma\u00dfgeblich vorantrieb, u.a. die Gr\u00fcndung von weiteren Kreisverb\u00e4nden in Schwaben und des Bezirksverbandes Schwaben 1983 mit dem Vorsitzenden, Bezirkstagspr\u00e4sident Dr. Georg Simnacher. 1986 gab Dr. Denzer sein Amt an Johann Neusiedl ab, der den Vorsitz bis 1994 innehatte. Ab 1994 leitete Helmut Spieth die Geschicke des Vereins und \u00fcbergab diese im Jahr 2000 an Klaus Hopp, seinen Gesch\u00e4ftsf\u00fchrer bis dato. 2010 \u00fcbernahm die damalige Vorsitzende der Jungen Europ\u00e4er Augsburg die Geschicke des Mutterverbandes. 2014 wurde Thorsten Frank Ihr Nachfolger. 2018 wurde die Europa-Union Augsburg mit dem B\u00fcrgerpreis des Bayerischen Landtags ausgezeichnet und organisierte die Landesversammlung der Europa-Union Bayern in Augsburg.\u00a0 2021 organisierte die Europa-Union Augsburg gemeinsam mit dem Bundesverband &#8222;Dein Projekt f\u00fcr Europa&#8220;. Das Pilotprojekt f\u00fcr Sch\u00fcler und Jugendliche wurde von der Bayerischen Staatsregierung unterst\u00fctzt. Vom 07.-09.10.2022 fand der Bundeskongress der Europa-Union Deutschland e.V. in Augsburg statt. 2023 organisierte die Europa-Union Augsburgs ein Europafest zum Europatag und nahm im Jubil\u00e4umsjahr zum 75. Jahr des Bestehens erstmals am Pl\u00e4rrer-Umzug in Augburg teil. Im Europawahljahr 2024 war sie wieder Co-Organisator des Europafestes zum Europatag und Peter Gebhard wurde Nachfolger von Thorsten Frank, der nach 10 vereinspr\u00e4genden Jahren den Vorsitz abgab und seit 2021 auch Landesvorsitzender der Europa-Union Bayern ist. 2025 stellte der Verein wieder ein Europafest mit rund 20 Organisationen auf die Beine, damit Europa in Augsburg auf dem Rathausplatz gefeiert werden konnte.<\/p>\n<p>Die Europa Union Augsburg kann sich seit geraumer Zeit \u00fcber eine stabile Entwicklung freuen. Derzeit hat sie \u00fcber 100 Mitglieder, u.a. der Ehrenvorsitzende des Landesverbandes Markus Ferber MdEP, der Landesvorsitzende Thorsten Frank, die Mitglieder des Deutschen Bundestages Dr. Volker Ullrich, Maximilian Funke Kaiser, Claudia Roth und Hansj\u00f6rg Durz, Anna Rasehorn MdL, Dr. Fabian Mehring MdL, Christine Kamm, ehem. Mitglied des Bayerischen Landtages, Oberb\u00fcrgermeisterin Eva Weber, Ordnungsreferent Frank Pintsch sowie der ehem. Sozialreferent der Stadt Augsburg, Max Weinkamm und Florian Freund, Vorsitzender der SPD-Stadtratsfraktion Augsburg u.v.m.<br \/>\nAktuelle Schwerpunkte sind die halbj\u00e4hrlich stattfindenden Stammtische zur jeweiligen Ratspr\u00e4sidentschaft mit Vertretern des diplomatischen Korps aus M\u00fcnchen und Berlin, der j\u00e4hrlich stattfindende Europatag, die intensive Beteiligung an der Europawoche mit Schwerpunktthemen, Podiumsdiskussionen zu aktuellen Europa-Themen, den Austausch mit Partnerorganisationen und Veranstaltungen im Vorfeld der Europawahl. Weitere Informationen zum Kreisverband: <a href=\"https:\/\/eu-augsburg.de\" target=\"_blank\" rel=\"noopener\">https:\/\/eu-augsburg.de<\/a> &#8211; Archiv <a href=\"http:\/\/www.europaunion-augsburg.de\">http:\/\/www.europaunion-augsburg.de<\/a><\/p>\n<\/div><div class=\"fusion-clearfix\"><\/div><\/div><\/div><\/div><\/div><div class=\"fusion-fullwidth fullwidth-box fusion-builder-row-2 nonhundred-percent-fullwidth non-hundred-percent-height-scrolling\" style=\"background-color: rgba(255,255,255,0);background-position: center center;background-repeat: no-repeat;padding-top:0px;padding-right:0px;padding-bottom:0px;padding-left:0px;margin-bottom: 0px;margin-top: 0px;border-width: 0px 0px 0px 0px;border-color:#eae9e9;border-style:solid;\" ><div class=\"fusion-builder-row fusion-row\"><div class=\"fusion-layout-column fusion_builder_column fusion-builder-column-1 fusion_builder_column_1_1 1_1 fusion-one-full fusion-column-first fusion-column-last\" style=\"margin-top:0px;margin-bottom:20px;\"><div class=\"fusion-column-wrapper fusion-flex-column-wrapper-legacy\" style=\"background-position:left top;background-repeat:no-repeat;-webkit-background-size:cover;-moz-background-size:cover;-o-background-size:cover;background-size:cover;padding: 0px 0px 0px 0px;\"><style type=\"text\/css\"><\/style><div class=\"fusion-title title fusion-title-2 fusion-sep-none fusion-title-text fusion-title-size-two pall10 c_111 bg_eee\" style=\"margin-top:0px;margin-right:0px;margin-bottom:20px;margin-left:0px;\"><h2 class=\"title-heading-left fusion-responsive-typography-calculated\" style=\"margin:0;--fontSize:18;--minFontSize:18px;line-height:1;\">Anstehende Termine<\/h2><\/div>Momentan keine Termine eingetragen<div class=\"fusion-alignright\"><style>.fusion-button.button-1{border-radius:0px 0px 0px 0px;}<\/style><a class=\"fusion-button button-flat fusion-button-default-size button-default button-1 fusion-button-default-span fusion-button-default-type\" target=\"_self\" href=\"https:\/\/eu-bayern.de\/kv-augsburg\/terminarchiv\"><span class=\"fusion-button-text\">TERMINARCHIV ANZEIGEN<\/span><\/a><\/div><div class=\"fusion-clearfix\"><\/div><\/div><\/div><\/div><\/div><div class=\"fusion-fullwidth fullwidth-box fusion-builder-row-3 nonhundred-percent-fullwidth non-hundred-percent-height-scrolling\" style=\"background-color: rgba(255,255,255,0);background-position: center center;background-repeat: no-repeat;padding-top:0px;padding-right:0px;padding-bottom:0px;padding-left:0px;margin-bottom: 0px;margin-top: 0px;border-width: 0px 0px 0px 0px;border-color:#eae9e9;border-style:solid;\" id=\"idx_featarticle_wrapper\" ><div class=\"fusion-builder-row fusion-row\"><div class=\"fusion-layout-column fusion_builder_column fusion-builder-column-2 fusion_builder_column_1_1 1_1 fusion-one-full fusion-column-first fusion-column-last\" style=\"margin-top:0px;margin-bottom:0px;\"><div class=\"fusion-column-wrapper fusion-flex-column-wrapper-legacy\" style=\"background-position:left top;background-repeat:no-repeat;-webkit-background-size:cover;-moz-background-size:cover;-o-background-size:cover;background-size:cover;padding: 0px 0px 0px 0px;\"><div class=\"fusion-fullwidth fullwidth-box fusion-builder-row-3-1 featart featart5 nonhundred-percent-fullwidth non-hundred-percent-height-scrolling fusion-equal-height-columns\" style=\"background-color: #2a973e;background-position: center center;background-repeat: no-repeat;padding-top:0px;padding-right:0px;padding-bottom:0px;padding-left:0px;margin-bottom: 0px;margin-top: 0px;border-width: 0px 0px 0px 0px;border-color:#eae9e9;border-style:solid;\" ><div class=\"fusion-builder-row fusion-row\"><div class=\"fusion-layout-column fusion_builder_column fusion-builder-column-3 fusion_builder_column_1_2 1_2 fusion-one-half fusion-column-first\" style=\"width:50%;width:calc(50% - ( ( 10px ) * 0.5 ) );margin-right: 10px;margin-top:0px;margin-bottom:20px;\"><div class=\"fusion-column-wrapper fusion-flex-column-wrapper-legacy fusion-empty-column-bg-image\" style=\"background-image: url(&#039;https:\/\/eu-bayern.de\/kv-augsburg\/wp-content\/uploads\/sites\/27\/2025\/12\/BiE-Titel-Teil.jpg&#039;);background-position:center center;background-repeat:no-repeat;-webkit-background-size:cover;-moz-background-size:cover;-o-background-size:cover;background-size:cover;padding: 0px 0px 0px 0px;\" data-bg-url=\"https:\/\/eu-bayern.de\/kv-augsburg\/wp-content\/uploads\/sites\/27\/2025\/12\/BiE-Titel-Teil.jpg\"><img class=\"fusion-empty-dims-img-placeholder fusion-no-large-visibility\" src=\"data:image\/svg+xml,%3Csvg%20xmlns%3D%27http%3A%2F%2Fwww.w3.org%2F2000%2Fsvg%27%20width%3D%27688%27%20height%3D%27436%27%20viewBox%3D%270%200%20688%20436%27%3E%3Crect%20width%3D%27688%27%20height%3D%27436%27%20fill-opacity%3D%220%22%2F%3E%3C%2Fsvg%3E\"><div class=\"fusion-clearfix\"><\/div><\/div><\/div><div class=\"fusion-layout-column fusion_builder_column fusion-builder-column-4 fusion_builder_column_1_2 1_2 fusion-one-half fusion-column-last\" style=\"width:50%;width:calc(50% - ( ( 10px ) * 0.5 ) );margin-top:0px;margin-bottom:20px;\"><div class=\"fusion-column-wrapper fusion-flex-column-wrapper-legacy\" style=\"background-position:left top;background-repeat:no-repeat;-webkit-background-size:cover;-moz-background-size:cover;-o-background-size:cover;background-size:cover;padding: 0px 0px 0px 0px;\"><div class=\"fusion-column-content-centered\"><div class=\"fusion-column-content\"><style type=\"text\/css\"><\/style><div class=\"fusion-title title fusion-title-3 fusion-sep-none fusion-title-text fusion-title-size-two\" style=\"margin-top:0px;margin-right:0px;margin-bottom:31px;margin-left:0px;\"><h2 class=\"title-heading-left fusion-responsive-typography-calculated\" style=\"margin:0;--fontSize:18;--minFontSize:18px;line-height:1;\">Weihnachtsausgabe 2025 Bayern in Europa<\/h2><\/div><style type='text\/css'>.reading-box-container-1 .element-bottomshadow:before,.reading-box-container-1 .element-bottomshadow:after{opacity:0.7;}<\/style><div class=\"fusion-reading-box-container reading-box-container-1\" style=\"margin-top:0px;margin-bottom:84px;\"><div class=\"reading-box element-bottomshadow\" style=\"background-color:#f5f5f5;border-width:1px;border-color:#aaa;border-style:solid;\"><a class=\"button fusion-button button-default fusion-button-small button-small button-flat fusion-desktop-button fusion-tagline-button continue fusion-desktop-button-margin continue-right\" style=\"-webkit-box-shadow:none;-moz-box-shadow:none;box-shadow:none;border-radius:0px 0px 0px 0px\" href=\"https:\/\/eu-bayern.de\/weihnachtsausgabe-2025-bayern-in-europa\/\" target=\"_self\"><span>ZUM ARTIKEL<\/span><\/a><div class=\"reading-box-additional\"><span class=\"pexcerpt\">Zum Jahresende erscheint die Weihnachtsausgabe der Bayern in Europa - mit R\u00fcckblick, Informationen aus den Kreis- und Bezirksverb\u00e4nden und dem neuen Projekt der \u00fcberparteilichen Europa-Union Bayern e.V.<\/span><span class=\"pdate\">17. Dezember 2025<\/span><span class=\"pbroadcast\"><span class=\"pbroadcast\">Quelle: <a href=\"https:\/\/eu-bayern.de\/weihnachtsausgabe-2025-bayern-in-europa\/\" title=\"Europa-Union Bayern e.V.\" target=\"_blank\">Europa-Union Bayern e.V.<\/a><\/span><\/span><\/div><div class=\"fusion-clearfix\"><\/div><a class=\"button fusion-button button-default fusion-button-small button-small button-flat fusion-mobile-button continue-right\" style=\"-webkit-box-shadow:none;-moz-box-shadow:none;box-shadow:none;border-radius:0px 0px 0px 0px\" href=\"https:\/\/eu-bayern.de\/weihnachtsausgabe-2025-bayern-in-europa\/\" target=\"_self\"><span>ZUM ARTIKEL<\/span><\/a><\/div><\/div><\/div><\/div><div class=\"fusion-clearfix\"><\/div><\/div><\/div><\/div><\/div><div class=\"fusion-clearfix\"><\/div><\/div><\/div><\/div><\/div><div class=\"fusion-fullwidth fullwidth-box fusion-builder-row-4 nonhundred-percent-fullwidth non-hundred-percent-height-scrolling\" style=\"background-color: rgba(255,255,255,0);background-position: center center;background-repeat: no-repeat;padding-top:0px;padding-right:0px;padding-bottom:0px;padding-left:0px;margin-bottom: 0px;margin-top: 0px;border-width: 0px 0px 0px 0px;border-color:#eae9e9;border-style:solid;\" id=\"idx_articlelist_wrapper\" ><div class=\"fusion-builder-row fusion-row\"><div class=\"fusion-layout-column fusion_builder_column fusion-builder-column-5 fusion_builder_column_1_1 1_1 fusion-one-full fusion-column-first fusion-column-last\" style=\"margin-top:0px;margin-bottom:20px;\"><div class=\"fusion-column-wrapper fusion-flex-column-wrapper-legacy\" style=\"background-position:left top;background-repeat:no-repeat;-webkit-background-size:cover;-moz-background-size:cover;-o-background-size:cover;background-size:cover;padding: 0px 0px 0px 0px;\"><style type=\"text\/css\"><\/style><div class=\"fusion-title title fusion-title-4 fusion-sep-none fusion-title-text fusion-title-size-two pall10 c_111 bg_eee\" style=\"margin-top:0px;margin-right:0px;margin-bottom:20px;margin-left:0px;\"><h2 class=\"title-heading-left fusion-responsive-typography-calculated\" style=\"margin:0;--fontSize:18;--minFontSize:18px;line-height:1;\">Aktuelle Artikel<\/h2><\/div><div class=\"fusion-fullwidth fullwidth-box fusion-builder-row-4-1 nonhundred-percent-fullwidth non-hundred-percent-height-scrolling\" style=\"background-color: rgba(255,255,255,0);background-position: center center;background-repeat: no-repeat;padding-top:0px;padding-right:0px;padding-bottom:0px;padding-left:0px;margin-bottom: 0px;margin-top: 0px;border-width: 0px 0px 0px 0px;border-color:#eae9e9;border-style:solid;\" ><div class=\"fusion-builder-row fusion-row\"><div class=\"fusion-layout-column fusion_builder_column fusion-builder-column-6 fusion_builder_column_1_1 1_1 fusion-one-full fusion-column-first fusion-column-last\" style=\"margin-top:0px;margin-bottom:20px;\"><div class=\"fusion-column-wrapper fusion-flex-column-wrapper-legacy\" style=\"background-position:left top;background-repeat:no-repeat;-webkit-background-size:cover;-moz-background-size:cover;-o-background-size:cover;background-size:cover;padding: 0px 0px 0px 0px;\"><div class=\"fusion-blog-shortcode fusion-blog-shortcode-1 fusion-blog-archive fusion-blog-layout-medium fusion-blog-no\"><div class=\"fusion-posts-container fusion-posts-container-no\" data-pages=\"37\"><article id=\"blog-1-post-1042\" class=\"fusion-post-medium post-1042 post type-post status-publish format-standard has-post-thumbnail hentry category-allgemein tag-augsburg tag-eu-ratpraesidentschaft tag-europa\">\n\t<style type=\"text\/css\">\n\t\t\n\t\t\n\t\t\n\t\t\n\t\t\t<\/style>\n\n\n\t\t\t<div class=\"fusion-flexslider flexslider fusion-flexslider-loading fusion-post-slideshow\" style=\"\">\n\t\t<ul class=\"slides\">\n\t\t\t\n\t\t\t\t\t\t\t\t\t\t\t\t\t\t<li><div  class=\"fusion-image-wrapper fusion-image-size-fixed\" aria-haspopup=\"true\">\n\t\t\t\t\t\t\t<a href=\"https:\/\/eu-bayern.de\/kv-augsburg\/daenischer-generalkonsul-zu-gast-in-augsburg\/\" aria-label=\"D\u00e4nischer Generalkonsul zu Gast in Augsburg\">\n\t\t\t\t\t\t\t<img width=\"799\" height=\"643\" src=\"https:\/\/eu-bayern.de\/kv-augsburg\/wp-content\/uploads\/sites\/27\/2025\/11\/20251112_203226-e1763385039816.jpg\" class=\"attachment-blog-medium size-blog-medium wp-post-image\" alt=\"EU Ratsrp\u00e4sidentschaft D\u00e4nemark Vorstellung in Augsburg\" srcset=\"https:\/\/eu-bayern.de\/kv-augsburg\/wp-content\/uploads\/sites\/27\/2025\/11\/20251112_203226-e1763385039816-768x618.jpg 768w, https:\/\/eu-bayern.de\/kv-augsburg\/wp-content\/uploads\/sites\/27\/2025\/11\/20251112_203226-e1763385039816.jpg 799w\" sizes=\"(max-width: 799px) 100vw, 799px\" \/>\t\t\t<\/a>\n\t\t\t\t\t\t\t<\/div>\n<\/li>\n\t\t\t\n\t\t\t\n\t\t\t\t\t\t\t\t<\/ul>\n\t<\/div>\n\t<div class=\"fusion-post-content post-content\"><h2 class=\"blog-shortcode-post-title entry-title\"><a href=\"https:\/\/eu-bayern.de\/kv-augsburg\/daenischer-generalkonsul-zu-gast-in-augsburg\/\">D\u00e4nischer Generalkonsul zu Gast in Augsburg<\/a><\/h2><div class=\"fusion-post-content-container\"><p>Zur d\u00e4nischen EU-Ratspr\u00e4sidentschaft war Generalkonsul Klaus Juel Werner auf Einladung der Europa-Union zu Gast in Augsburg mit Hinweisen auf d\u00e4nische Priorit\u00e4ten, Gemeinsamkeiten und was D\u00e4nen von Deutschen unterscheide.<\/p><\/div><\/div><div class=\"fusion-clearfix\"><\/div><div class=\"fusion-meta-info\"><div class=\"fusion-alignleft\"><span class=\"updated\" style=\"display:none;\">2025-11-17T14:11:57+01:00<\/span><span>17. November, 2025<\/span><span class=\"fusion-inline-sep\">|<\/span><a href=\"https:\/\/eu-bayern.de\/kv-augsburg\/c\/allgemein\/\" rel=\"category tag\">Allgemein<\/a><span class=\"fusion-inline-sep\">|<\/span><\/div><\/div><\/article>\n<article id=\"blog-1-post-1034\" class=\"fusion-post-medium post-1034 post type-post status-publish format-standard has-post-thumbnail hentry category-allgemein tag-europa-union-augsburg\">\n\t<style type=\"text\/css\">\n\t\t\n\t\t\n\t\t\n\t\t\n\t\t\t<\/style>\n\n\n\t\t\t<div class=\"fusion-flexslider flexslider fusion-flexslider-loading fusion-post-slideshow\" style=\"\">\n\t\t<ul class=\"slides\">\n\t\t\t\n\t\t\t\t\t\t\t\t\t\t\t\t\t\t<li><div  class=\"fusion-image-wrapper fusion-image-size-fixed\" aria-haspopup=\"true\">\n\t\t\t\t\t\t\t<a href=\"https:\/\/eu-bayern.de\/kv-augsburg\/augsburger-thorsten-frank-bleibt-landesvorsitzender-der-europa-union-bayern-e-v\/\" aria-label=\"Augsburger Thorsten Frank bleibt Landesvorsitzender der Europa-Union Bayern e.V.\">\n\t\t\t\t\t\t\t<img width=\"800\" height=\"800\" src=\"https:\/\/eu-bayern.de\/kv-augsburg\/wp-content\/uploads\/sites\/27\/2025\/07\/stefanie-schaefer-TF.jpg\" class=\"attachment-blog-medium size-blog-medium wp-post-image\" alt=\"Thorsten Frank\" srcset=\"https:\/\/eu-bayern.de\/kv-augsburg\/wp-content\/uploads\/sites\/27\/2025\/07\/stefanie-schaefer-TF-360x360.jpg 360w, https:\/\/eu-bayern.de\/kv-augsburg\/wp-content\/uploads\/sites\/27\/2025\/07\/stefanie-schaefer-TF.jpg 800w\" sizes=\"(max-width: 800px) 100vw, 800px\" \/>\t\t\t<\/a>\n\t\t\t\t\t\t\t<\/div>\n<\/li>\n\t\t\t\n\t\t\t\n\t\t\t\t\t\t\t\t<\/ul>\n\t<\/div>\n\t<div class=\"fusion-post-content post-content\"><h2 class=\"blog-shortcode-post-title entry-title\"><a href=\"https:\/\/eu-bayern.de\/kv-augsburg\/augsburger-thorsten-frank-bleibt-landesvorsitzender-der-europa-union-bayern-e-v\/\">Augsburger Thorsten Frank bleibt Landesvorsitzender der Europa-Union Bayern e.V.<\/a><\/h2><div class=\"fusion-post-content-container\"><p>Der Landesvorsitzende wurde einstimmig im Amt best\u00e4tigt. Auch zwei weitere Augsburger waren in Amberg dabei und stimmten auch \u00fcber acht Antr\u00e4ge zu die B\u00fcrgerinnen und B\u00fcrgern direkt betreffenenden Theman ab.<\/p><\/div><\/div><div class=\"fusion-clearfix\"><\/div><div class=\"fusion-meta-info\"><div class=\"fusion-alignleft\"><span class=\"updated\" style=\"display:none;\">2025-07-07T12:59:10+02:00<\/span><span>7. Juli, 2025<\/span><span class=\"fusion-inline-sep\">|<\/span><a href=\"https:\/\/eu-bayern.de\/kv-augsburg\/c\/allgemein\/\" rel=\"category tag\">Allgemein<\/a><span class=\"fusion-inline-sep\">|<\/span><\/div><\/div><\/article>\n<article id=\"blog-1-post-1028\" class=\"fusion-post-medium post-1028 post type-post status-publish format-standard has-post-thumbnail hentry category-allgemein tag-europa\">\n\t<style type=\"text\/css\">\n\t\t\n\t\t\n\t\t\n\t\t\n\t\t\t<\/style>\n\n\n\t\t\t<div class=\"fusion-flexslider flexslider fusion-flexslider-loading fusion-post-slideshow\" style=\"\">\n\t\t<ul class=\"slides\">\n\t\t\t\n\t\t\t\t\t\t\t\t\t\t\t\t\t\t<li><div  class=\"fusion-image-wrapper fusion-image-size-fixed\" aria-haspopup=\"true\">\n\t\t\t\t\t\t\t<a href=\"https:\/\/eu-bayern.de\/preistraegerinnen-und-preistraeger-zum-72-europaeischer-wettbewerb-ausgezeichnet\/\" aria-label=\"Preistr\u00e4gerinnen und Preistr\u00e4ger zum 72. Europ\u00e4ischer Wettbewerb ausgezeichnet\">\n\t\t\t\t\t\t\t<img width=\"800\" height=\"361\" src=\"https:\/\/eu-bayern.de\/kv-augsburg\/wp-content\/uploads\/sites\/27\/2025\/07\/20250705_110915_3764455.jpg\" class=\"attachment-blog-medium size-blog-medium wp-post-image\" alt=\"72. Europ\u00e4ischer Wettbewerb\" \/>\t\t\t<\/a>\n\t\t\t\t\t\t\t<\/div>\n<\/li>\n\t\t\t\n\t\t\t\n\t\t\t\t\t\t\t\t<\/ul>\n\t<\/div>\n\t<div class=\"fusion-post-content post-content\"><h2 class=\"blog-shortcode-post-title entry-title\"><a href=\"https:\/\/eu-bayern.de\/preistraegerinnen-und-preistraeger-zum-72-europaeischer-wettbewerb-ausgezeichnet\/\">Preistr\u00e4gerinnen und Preistr\u00e4ger zum 72. Europ\u00e4ischer Wettbewerb ausgezeichnet<\/a><\/h2><span class=\"pbroadcast\">Quelle: <a href=\"https:\/\/eu-bayern.de\/preistraegerinnen-und-preistraeger-zum-72-europaeischer-wettbewerb-ausgezeichnet\/\" title=\"Europa-Union Bayern e.V.\" target=\"_blank\">Europa-Union Bayern e.V.<\/a><\/span><div class=\"fusion-post-content-container\"><p>In der Bayerischen Staatskanzlei wurden die Bundessiegerinnen und Bundessieger aus ganz Bayern geehrt. Weitere Ehrungen folgen.<\/p><\/div><\/div><div class=\"fusion-clearfix\"><\/div><div class=\"fusion-meta-info\"><div class=\"fusion-alignleft\"><span class=\"updated\" style=\"display:none;\">2025-07-07T12:45:52+02:00<\/span><span>7. Juli, 2025<\/span><span class=\"fusion-inline-sep\">|<\/span><a href=\"https:\/\/eu-bayern.de\/kv-augsburg\/c\/allgemein\/\" rel=\"category tag\">Allgemein<\/a><span class=\"fusion-inline-sep\">|<\/span><\/div><\/div><\/article>\n<\/div><\/div><div class=\"fusion-clearfix\"><\/div><\/div><\/div><\/div><div class=\"fusion-alignright\"><style>.fusion-button.button-2{border-radius:0px 0px 0px 0px;}<\/style><a class=\"fusion-button button-flat fusion-button-default-size button-default button-2 fusion-button-default-span fusion-button-default-type CLASXXX\" target=\"_self\" href=\"https:\/\/eu-bayern.de\/kv-augsburg\/aktuelles\/\"><span class=\"fusion-button-text\">Themenarchiv anzeigen<\/span><\/a><\/div><\/div><div class=\"fusion-clearfix\"><\/div><\/div><\/div><\/div><\/div><\/p>\n","protected":false},"excerpt":{"rendered":"","protected":false},"author":1,"featured_media":0,"parent":0,"menu_order":0,"comment_status":"closed","ping_status":"closed","template":"","meta":[],"acf":[],"_links":{"self":[{"href":"https:\/\/eu-bayern.de\/kv-augsburg\/wp-json\/wp\/v2\/pages\/2"}],"collection":[{"href":"https:\/\/eu-bayern.de\/kv-augsburg\/wp-json\/wp\/v2\/pages"}],"about":[{"href":"https:\/\/eu-bayern.de\/kv-augsburg\/wp-json\/wp\/v2\/types\/page"}],"author":[{"embeddable":true,"href":"https:\/\/eu-bayern.de\/kv-augsburg\/wp-json\/wp\/v2\/users\/1"}],"replies":[{"embeddable":true,"href":"https:\/\/eu-bayern.de\/kv-augsburg\/wp-json\/wp\/v2\/comments?post=2"}],"version-history":[{"count":1,"href":"https:\/\/eu-bayern.de\/kv-augsburg\/wp-json\/wp\/v2\/pages\/2\/revisions"}],"predecessor-version":[{"id":995,"href":"https:\/\/eu-bayern.de\/kv-augsburg\/wp-json\/wp\/v2\/pages\/2\/revisions\/995"}],"wp:attachment":[{"href":"https:\/\/eu-bayern.de\/kv-augsburg\/wp-json\/wp\/v2\/media?parent=2"}],"curies":[{"name":"wp","href":"https:\/\/api.w.org\/{rel}","templated":true}]}}