{"id":2,"date":"2017-12-09T09:59:38","date_gmt":"2017-12-09T08:59:38","guid":{"rendered":"https:\/\/eu-bayern.de\/tpl2\/?page_id=2"},"modified":"2018-06-10T14:26:10","modified_gmt":"2018-06-10T12:26:10","slug":"idx","status":"publish","type":"page","link":"https:\/\/eu-bayern.de\/kv-ansbach\/","title":{"rendered":"Hauptseite"},"content":{"rendered":"<p><div class=\"fusion-fullwidth fullwidth-box fusion-builder-row-1 nonhundred-percent-fullwidth non-hundred-percent-height-scrolling\" style=\"background-color: rgba(255,255,255,0);background-position: center center;background-repeat: no-repeat;padding-top:0px;padding-right:0px;padding-bottom:0px;padding-left:0px;margin-bottom: 0px;margin-top: 0px;border-width: 0px 0px 0px 0px;border-color:#eae9e9;border-style:solid;\" ><div class=\"fusion-builder-row fusion-row\"><div class=\"fusion-layout-column fusion_builder_column fusion-builder-column-0 fusion_builder_column_1_1 1_1 fusion-one-full fusion-column-first fusion-column-last\" style=\"margin-top:0px;margin-bottom:20px;\"><div class=\"fusion-column-wrapper fusion-flex-column-wrapper-legacy\" style=\"background-position:left top;background-repeat:no-repeat;-webkit-background-size:cover;-moz-background-size:cover;-o-background-size:cover;background-size:cover;padding: 0px 0px 0px 0px;\"><style type=\"text\/css\"><\/style><div class=\"fusion-title title fusion-title-1 fusion-title-center fusion-title-text fusion-title-size-two\" style=\"margin-top:0px;margin-right:0px;margin-bottom:31px;margin-left:0px;\"><div class=\"title-sep-container title-sep-container-left\"><div class=\"title-sep sep-double sep-solid\" style=\"border-color:#e0dede;\"><\/div><\/div><span class=\"awb-title-spacer\"><\/span><h2 class=\"title-heading-center fusion-responsive-typography-calculated\" style=\"margin:0;--fontSize:18;--minFontSize:18px;line-height:1;\"><p class=\"tinymce_own01\"><strong>Willkommen beim Kreisverband Ansbach!<\/strong><\/p><\/h2><span class=\"awb-title-spacer\"><\/span><div class=\"title-sep-container title-sep-container-right\"><div class=\"title-sep sep-double sep-solid\" style=\"border-color:#e0dede;\"><\/div><\/div><\/div><div class=\"fusion-clearfix\"><\/div><\/div><\/div><\/div><\/div><div class=\"fusion-fullwidth fullwidth-box fusion-builder-row-2 nonhundred-percent-fullwidth non-hundred-percent-height-scrolling\" style=\"background-color: rgba(255,255,255,0);background-position: center center;background-repeat: no-repeat;padding-top:0px;padding-right:0px;padding-bottom:0px;padding-left:0px;margin-bottom: 0px;margin-top: 0px;border-width: 0px 0px 0px 0px;border-color:#eae9e9;border-style:solid;\" ><div class=\"fusion-builder-row fusion-row\"><div class=\"fusion-layout-column fusion_builder_column fusion-builder-column-1 fusion_builder_column_1_1 1_1 fusion-one-full fusion-column-first fusion-column-last\" style=\"margin-top:0px;margin-bottom:20px;\"><div class=\"fusion-column-wrapper fusion-flex-column-wrapper-legacy\" style=\"background-position:left top;background-repeat:no-repeat;-webkit-background-size:cover;-moz-background-size:cover;-o-background-size:cover;background-size:cover;padding: 0px 0px 0px 0px;\"><style type=\"text\/css\"><\/style><div class=\"fusion-title title fusion-title-2 fusion-sep-none fusion-title-text fusion-title-size-two pall10 c_111 bg_eee\" style=\"margin-top:0px;margin-right:0px;margin-bottom:20px;margin-left:0px;\"><h2 class=\"title-heading-left fusion-responsive-typography-calculated\" style=\"margin:0;--fontSize:18;--minFontSize:18px;line-height:1;\">Anstehende Termine<\/h2><\/div>Momentan keine Termine eingetragen<div class=\"fusion-alignright\"><style>.fusion-button.button-1{border-radius:0px 0px 0px 0px;}<\/style><a class=\"fusion-button button-flat fusion-button-default-size button-default button-1 fusion-button-default-span fusion-button-default-type\" target=\"_self\" href=\"https:\/\/eu-bayern.de\/kv-ansbach\/terminarchiv\"><span class=\"fusion-button-text\">TERMINARCHIV ANZEIGEN<\/span><\/a><\/div><div class=\"fusion-clearfix\"><\/div><\/div><\/div><\/div><\/div><div class=\"fusion-fullwidth fullwidth-box fusion-builder-row-3 nonhundred-percent-fullwidth non-hundred-percent-height-scrolling\" style=\"background-color: rgba(255,255,255,0);background-position: center center;background-repeat: no-repeat;padding-top:0px;padding-right:0px;padding-bottom:0px;padding-left:0px;margin-bottom: 0px;margin-top: 0px;border-width: 0px 0px 0px 0px;border-color:#eae9e9;border-style:solid;\" id=\"idx_featarticle_wrapper\" ><div class=\"fusion-builder-row fusion-row\"><div class=\"fusion-layout-column fusion_builder_column fusion-builder-column-2 fusion_builder_column_1_1 1_1 fusion-one-full fusion-column-first fusion-column-last\" style=\"margin-top:0px;margin-bottom:0px;\"><div class=\"fusion-column-wrapper fusion-flex-column-wrapper-legacy\" style=\"background-position:left top;background-repeat:no-repeat;-webkit-background-size:cover;-moz-background-size:cover;-o-background-size:cover;background-size:cover;padding: 0px 0px 0px 0px;\"><style type=\"text\/css\"><\/style><div class=\"fusion-title title fusion-title-3 fusion-sep-none fusion-title-text fusion-title-size-two pall10 c_111 bg_eee\" style=\"margin-top:0px;margin-right:0px;margin-bottom:20px;margin-left:0px;\"><h2 class=\"title-heading-left fusion-responsive-typography-calculated\" style=\"margin:0;--fontSize:18;--minFontSize:18px;line-height:1;\">Aktuelle Artikel<\/h2><\/div><div class=\"fusion-fullwidth fullwidth-box fusion-builder-row-3-1 featart featart5 nonhundred-percent-fullwidth non-hundred-percent-height-scrolling fusion-equal-height-columns\" style=\"background-color: #2a973e;background-position: center center;background-repeat: no-repeat;padding-top:0px;padding-right:0px;padding-bottom:0px;padding-left:0px;margin-bottom: 0px;margin-top: 0px;border-width: 0px 0px 0px 0px;border-color:#eae9e9;border-style:solid;\" ><div class=\"fusion-builder-row fusion-row\"><div class=\"fusion-layout-column fusion_builder_column fusion-builder-column-3 fusion_builder_column_1_2 1_2 fusion-one-half fusion-column-first\" style=\"width:50%;width:calc(50% - ( ( 10px ) * 0.5 ) );margin-right: 10px;margin-top:0px;margin-bottom:20px;\"><div class=\"fusion-column-wrapper fusion-flex-column-wrapper-legacy fusion-empty-column-bg-image\" style=\"background-image: url(&#039;https:\/\/eu-bayern.de\/kv-ansbach\/wp-content\/uploads\/sites\/26\/2023\/12\/weihn-part.jpg&#039;);background-position:center center;background-repeat:no-repeat;-webkit-background-size:cover;-moz-background-size:cover;-o-background-size:cover;background-size:cover;padding: 0px 0px 0px 0px;\" data-bg-url=\"https:\/\/eu-bayern.de\/kv-ansbach\/wp-content\/uploads\/sites\/26\/2023\/12\/weihn-part.jpg\"><img class=\"fusion-empty-dims-img-placeholder fusion-no-large-visibility\" src=\"data:image\/svg+xml,%3Csvg%20xmlns%3D%27http%3A%2F%2Fwww.w3.org%2F2000%2Fsvg%27%20width%3D%27675%27%20height%3D%27556%27%20viewBox%3D%270%200%20675%20556%27%3E%3Crect%20width%3D%27675%27%20height%3D%27556%27%20fill-opacity%3D%220%22%2F%3E%3C%2Fsvg%3E\"><div class=\"fusion-clearfix\"><\/div><\/div><\/div><div class=\"fusion-layout-column fusion_builder_column fusion-builder-column-4 fusion_builder_column_1_2 1_2 fusion-one-half fusion-column-last\" style=\"width:50%;width:calc(50% - ( ( 10px ) * 0.5 ) );margin-top:0px;margin-bottom:20px;\"><div class=\"fusion-column-wrapper fusion-flex-column-wrapper-legacy\" style=\"background-position:left top;background-repeat:no-repeat;-webkit-background-size:cover;-moz-background-size:cover;-o-background-size:cover;background-size:cover;padding: 0px 0px 0px 0px;\"><div class=\"fusion-column-content-centered\"><div class=\"fusion-column-content\"><style type=\"text\/css\"><\/style><div class=\"fusion-title title fusion-title-4 fusion-sep-none fusion-title-text fusion-title-size-two\" style=\"margin-top:0px;margin-right:0px;margin-bottom:31px;margin-left:0px;\"><h2 class=\"title-heading-left fusion-responsive-typography-calculated\" style=\"margin:0;--fontSize:18;--minFontSize:18px;line-height:1;\">Bayern in Europa Dezember Ausgabe erschienen<\/h2><\/div><style type='text\/css'>.reading-box-container-1 .element-bottomshadow:before,.reading-box-container-1 .element-bottomshadow:after{opacity:0.7;}<\/style><div class=\"fusion-reading-box-container reading-box-container-1\" style=\"margin-top:0px;margin-bottom:84px;\"><div class=\"reading-box element-bottomshadow\" style=\"background-color:#f5f5f5;border-width:1px;border-color:#aaa;border-style:solid;\"><a class=\"button fusion-button button-default fusion-button-small button-small button-flat fusion-desktop-button fusion-tagline-button continue fusion-desktop-button-margin continue-right\" style=\"-webkit-box-shadow:none;-moz-box-shadow:none;box-shadow:none;border-radius:0px 0px 0px 0px\" href=\"https:\/\/eu-bayern.de\/bayern-in-europa-dezember-ausgabe-erschienen\/\" target=\"_self\"><span>ZUM ARTIKEL<\/span><\/a><div class=\"reading-box-additional\"><span class=\"pexcerpt\">Die Dezember Ausgabe der Bayern in Europa der \u00fcberparteilichen Europa-Union Bayern e.V. ist soeben erschienen - mit Gru\u00dfwort des neuen Bayerischen Europaministers, R\u00fcckblick und Ausblick des Landesvorsitzenden, Bericht der JEF Bayern und aktuellen Berichten von den Kreisverb\u00e4nden bis hin zu Aktivit\u00e4ten auf der Europ\u00e4ischen Ebene in Br\u00fcssel.\u00a0<\/span><span class=\"pdate\">23. Dezember 2023<\/span><span class=\"pbroadcast\"><span class=\"pbroadcast\">Quelle: <a href=\"https:\/\/eu-bayern.de\/bayern-in-europa-dezember-ausgabe-erschienen\/\" title=\"Europa-Union Bayern e.V.\" target=\"_blank\">Europa-Union Bayern e.V.<\/a><\/span><\/span><\/div><div class=\"fusion-clearfix\"><\/div><a class=\"button fusion-button button-default fusion-button-small button-small button-flat fusion-mobile-button continue-right\" style=\"-webkit-box-shadow:none;-moz-box-shadow:none;box-shadow:none;border-radius:0px 0px 0px 0px\" href=\"https:\/\/eu-bayern.de\/bayern-in-europa-dezember-ausgabe-erschienen\/\" target=\"_self\"><span>ZUM ARTIKEL<\/span><\/a><\/div><\/div><\/div><\/div><div class=\"fusion-clearfix\"><\/div><\/div><\/div><\/div><\/div><div class=\"fusion-clearfix\"><\/div><\/div><\/div><\/div><\/div><div class=\"fusion-fullwidth fullwidth-box fusion-builder-row-4 nonhundred-percent-fullwidth non-hundred-percent-height-scrolling\" style=\"background-color: rgba(255,255,255,0);background-position: center center;background-repeat: no-repeat;padding-top:0px;padding-right:0px;padding-bottom:0px;padding-left:0px;margin-bottom: 0px;margin-top: 0px;border-width: 0px 0px 0px 0px;border-color:#eae9e9;border-style:solid;\" id=\"idx_articlelist_wrapper\" ><div class=\"fusion-builder-row fusion-row\"><div class=\"fusion-layout-column fusion_builder_column fusion-builder-column-5 fusion_builder_column_1_1 1_1 fusion-one-full fusion-column-first fusion-column-last\" style=\"margin-top:0px;margin-bottom:20px;\"><div class=\"fusion-column-wrapper fusion-flex-column-wrapper-legacy\" style=\"background-position:left top;background-repeat:no-repeat;-webkit-background-size:cover;-moz-background-size:cover;-o-background-size:cover;background-size:cover;padding: 0px 0px 0px 0px;\"><div class=\"fusion-fullwidth fullwidth-box fusion-builder-row-4-1 nonhundred-percent-fullwidth non-hundred-percent-height-scrolling\" style=\"background-color: rgba(255,255,255,0);background-position: center center;background-repeat: no-repeat;padding-top:0px;padding-right:0px;padding-bottom:0px;padding-left:0px;margin-bottom: 0px;margin-top: 0px;border-width: 0px 0px 0px 0px;border-color:#eae9e9;border-style:solid;\" ><div class=\"fusion-builder-row fusion-row\"><div class=\"fusion-layout-column fusion_builder_column fusion-builder-column-6 fusion_builder_column_1_1 1_1 fusion-one-full fusion-column-first fusion-column-last\" style=\"margin-top:0px;margin-bottom:20px;\"><div class=\"fusion-column-wrapper fusion-flex-column-wrapper-legacy\" style=\"background-position:left top;background-repeat:no-repeat;-webkit-background-size:cover;-moz-background-size:cover;-o-background-size:cover;background-size:cover;padding: 0px 0px 0px 0px;\"><div class=\"fusion-blog-shortcode fusion-blog-shortcode-1 fusion-blog-archive fusion-blog-layout-medium fusion-blog-no\"><div class=\"fusion-posts-container fusion-posts-container-no\" data-pages=\"6\"><article id=\"blog-1-post-421\" class=\"fusion-post-medium post-421 post type-post status-publish format-standard has-post-thumbnail hentry category-allgemein\">\n\t<style type=\"text\/css\">\n\t\t\n\t\t\n\t\t\n\t\t\n\t\t\t<\/style>\n\n\n\t\t\t<div class=\"fusion-flexslider flexslider fusion-flexslider-loading fusion-post-slideshow\" style=\"\">\n\t\t<ul class=\"slides\">\n\t\t\t\n\t\t\t\t\t\t\t\t\t\t\t\t\t\t<li><div  class=\"fusion-image-wrapper fusion-image-size-fixed\" aria-haspopup=\"true\">\n\t\t\t\t\t\t\t<a href=\"https:\/\/eu-bayern.de\/was-ist-uns-europa-wert-solidaritaet-und-finanzen-in-der-coronakrise\/\" aria-label=\"Was ist uns Europa wert? Solidarit\u00e4t und Finanzen in der Coronakrise\">\n\t\t\t\t\t\t\t<img width=\"800\" height=\"420\" src=\"https:\/\/eu-bayern.de\/kv-ansbach\/wp-content\/uploads\/sites\/26\/2020\/05\/Online-B\u00fcrgerdialog_Was-ist-uns-Europa-wert_4.5.2020.jpg\" class=\"attachment-blog-medium size-blog-medium wp-post-image\" alt=\"\" \/>\t\t\t<\/a>\n\t\t\t\t\t\t\t<\/div>\n<\/li>\n\t\t\t\n\t\t\t\n\t\t\t\t\t\t\t\t<\/ul>\n\t<\/div>\n\t<div class=\"fusion-post-content post-content\"><h2 class=\"blog-shortcode-post-title entry-title\"><a href=\"https:\/\/eu-bayern.de\/was-ist-uns-europa-wert-solidaritaet-und-finanzen-in-der-coronakrise\/\">Was ist uns Europa wert? Solidarit\u00e4t und Finanzen in der Coronakrise<\/a><\/h2><span class=\"pbroadcast\">Quelle: <a href=\"https:\/\/eu-bayern.de\/was-ist-uns-europa-wert-solidaritaet-und-finanzen-in-der-coronakrise\/\" title=\"Europa-Union Bayern e.V.\" target=\"_blank\">Europa-Union Bayern e.V.<\/a><\/span><div class=\"fusion-post-content-container\"><p>Erster Online-B\u00fcrgerdialog mit dem Europaabgeordneten Terry Reintke und Prof. Dr. Joachim Wuermeling, Vorstandsmitglied der Deutschen Bundesbank.<\/p><\/div><\/div><div class=\"fusion-clearfix\"><\/div><div class=\"fusion-meta-info\"><div class=\"fusion-alignleft\"><span class=\"updated\" style=\"display:none;\">2020-05-03T15:11:54+02:00<\/span><span>3. Mai, 2020<\/span><span class=\"fusion-inline-sep\">|<\/span><a href=\"https:\/\/eu-bayern.de\/kv-ansbach\/c\/allgemein\/\" rel=\"category tag\">Allgemein<\/a><span class=\"fusion-inline-sep\">|<\/span><\/div><\/div><\/article>\n<article id=\"blog-1-post-418\" class=\"fusion-post-medium post-418 post type-post status-publish format-standard has-post-thumbnail hentry category-allgemein\">\n\t<style type=\"text\/css\">\n\t\t\n\t\t\n\t\t\n\t\t\n\t\t\t<\/style>\n\n\n\t\t\t<div class=\"fusion-flexslider flexslider fusion-flexslider-loading fusion-post-slideshow\" style=\"\">\n\t\t<ul class=\"slides\">\n\t\t\t\n\t\t\t\t\t\t\t\t\t\t\t\t\t\t<li><div  class=\"fusion-image-wrapper fusion-image-size-fixed\" aria-haspopup=\"true\">\n\t\t\t\t\t\t\t<a href=\"https:\/\/eu-bayern.de\/unterstuetzt-die-landwirschaft\/\" aria-label=\"Unterst\u00fctzt die Landwirschaft\">\n\t\t\t\t\t\t\t<img width=\"800\" height=\"343\" src=\"https:\/\/eu-bayern.de\/kv-ansbach\/wp-content\/uploads\/sites\/26\/2020\/04\/AdobeStock_193098015_4394611_9605554_3168897.jpg\" class=\"attachment-blog-medium size-blog-medium wp-post-image\" alt=\"\" \/>\t\t\t<\/a>\n\t\t\t\t\t\t\t<\/div>\n<\/li>\n\t\t\t\n\t\t\t\n\t\t\t\t\t\t\t\t<\/ul>\n\t<\/div>\n\t<div class=\"fusion-post-content post-content\"><h2 class=\"blog-shortcode-post-title entry-title\"><a href=\"https:\/\/eu-bayern.de\/unterstuetzt-die-landwirschaft\/\">Unterst\u00fctzt die Landwirschaft<\/a><\/h2><span class=\"pbroadcast\">Quelle: <a href=\"https:\/\/eu-bayern.de\/unterstuetzt-die-landwirschaft\/\" title=\"Europa-Union Bayern e.V.\" target=\"_blank\">Europa-Union Bayern e.V.<\/a><\/span><div class=\"fusion-post-content-container\"><p>Durch die Reisebeschr\u00e4nkungen zur Eind\u00e4mmung der Corona-Epidemie fehlen unseren Landwirtinnen und Landwirten rund 300.000 Arbeitskr\u00e4fte.<\/p><\/div><\/div><div class=\"fusion-clearfix\"><\/div><div class=\"fusion-meta-info\"><div class=\"fusion-alignleft\"><span class=\"updated\" style=\"display:none;\">2020-05-03T15:11:54+02:00<\/span><span>20. April, 2020<\/span><span class=\"fusion-inline-sep\">|<\/span><a href=\"https:\/\/eu-bayern.de\/kv-ansbach\/c\/allgemein\/\" rel=\"category tag\">Allgemein<\/a><span class=\"fusion-inline-sep\">|<\/span><\/div><\/div><\/article>\n<article id=\"blog-1-post-413\" class=\"fusion-post-medium post-413 post type-post status-publish format-standard has-post-thumbnail hentry category-allgemein\">\n\t<style type=\"text\/css\">\n\t\t\n\t\t\n\t\t\n\t\t\n\t\t\t<\/style>\n\n\n\t\t\t<div class=\"fusion-flexslider flexslider fusion-flexslider-loading fusion-post-slideshow\" style=\"\">\n\t\t<ul class=\"slides\">\n\t\t\t\n\t\t\t\t\t\t\t\t\t\t\t\t\t\t<li><div  class=\"fusion-image-wrapper fusion-image-size-fixed\" aria-haspopup=\"true\">\n\t\t\t\t\t\t\t<a href=\"https:\/\/eu-bayern.de\/covid-19-parlament-billigt-entscheidende-eu-unterstuetzungsmassnahmen\/\" aria-label=\"Covid-19 &#8211; Parlament billigt entscheidende EU-Unterst\u00fctzungsmassnahmen\">\n\t\t\t\t\t\t\t<img width=\"800\" height=\"343\" src=\"https:\/\/eu-bayern.de\/kv-ansbach\/wp-content\/uploads\/sites\/26\/2020\/04\/AdobeStock_193098015_5836670_7175135.jpg\" class=\"attachment-blog-medium size-blog-medium wp-post-image\" alt=\"\" \/>\t\t\t<\/a>\n\t\t\t\t\t\t\t<\/div>\n<\/li>\n\t\t\t\n\t\t\t\n\t\t\t\t\t\t\t\t<\/ul>\n\t<\/div>\n\t<div class=\"fusion-post-content post-content\"><h2 class=\"blog-shortcode-post-title entry-title\"><a href=\"https:\/\/eu-bayern.de\/covid-19-parlament-billigt-entscheidende-eu-unterstuetzungsmassnahmen\/\">Covid-19 &#8211; Parlament billigt entscheidende EU-Unterst\u00fctzungsmassnahmen<\/a><\/h2><span class=\"pbroadcast\">Quelle: <a href=\"https:\/\/eu-bayern.de\/covid-19-parlament-billigt-entscheidende-eu-unterstuetzungsmassnahmen\/\" title=\"Europa-Union Bayern e.V.\" target=\"_blank\">Europa-Union Bayern e.V.<\/a><\/span><div class=\"fusion-post-content-container\"><p>Das Europaparlament hat ein Ma\u00dfnahmenpaket zur Bek\u00e4mpfung der Corona-Krise und ihrer Folgen verabschiedet. Mit der Umwidmung von Geldern aus den Strukturfonds und der Aktivierung des Solidarit\u00e4tsfonds f\u00fcr Anti-Corona-Ma\u00dfnahmen stehen hierf\u00fcr nun rund 65 Milliarden Euro zur Verf\u00fcgung.<\/p><\/div><\/div><div class=\"fusion-clearfix\"><\/div><div class=\"fusion-meta-info\"><div class=\"fusion-alignleft\"><span class=\"updated\" style=\"display:none;\">2020-05-03T15:11:54+02:00<\/span><span>16. April, 2020<\/span><span class=\"fusion-inline-sep\">|<\/span><a href=\"https:\/\/eu-bayern.de\/kv-ansbach\/c\/allgemein\/\" rel=\"category tag\">Allgemein<\/a><span class=\"fusion-inline-sep\">|<\/span><\/div><\/div><\/article>\n<\/div><\/div><div class=\"fusion-clearfix\"><\/div><\/div><\/div><\/div><div class=\"fusion-alignright\"><style>.fusion-button.button-2{border-radius:0px 0px 0px 0px;}<\/style><a class=\"fusion-button button-flat fusion-button-default-size button-default button-2 fusion-button-default-span fusion-button-default-type CLASXXX\" target=\"_self\" href=\"https:\/\/eu-bayern.de\/kv-ansbach\/aktuelles\/\"><span class=\"fusion-button-text\">Themenarchiv anzeigen<\/span><\/a><\/div><\/div><div class=\"fusion-clearfix\"><\/div><\/div><\/div><\/div><\/div><\/p>\n","protected":false},"excerpt":{"rendered":"","protected":false},"author":1,"featured_media":0,"parent":0,"menu_order":0,"comment_status":"closed","ping_status":"closed","template":"","meta":[],"acf":[],"_links":{"self":[{"href":"https:\/\/eu-bayern.de\/kv-ansbach\/wp-json\/wp\/v2\/pages\/2"}],"collection":[{"href":"https:\/\/eu-bayern.de\/kv-ansbach\/wp-json\/wp\/v2\/pages"}],"about":[{"href":"https:\/\/eu-bayern.de\/kv-ansbach\/wp-json\/wp\/v2\/types\/page"}],"author":[{"embeddable":true,"href":"https:\/\/eu-bayern.de\/kv-ansbach\/wp-json\/wp\/v2\/users\/1"}],"replies":[{"embeddable":true,"href":"https:\/\/eu-bayern.de\/kv-ansbach\/wp-json\/wp\/v2\/comments?post=2"}],"version-history":[{"count":0,"href":"https:\/\/eu-bayern.de\/kv-ansbach\/wp-json\/wp\/v2\/pages\/2\/revisions"}],"wp:attachment":[{"href":"https:\/\/eu-bayern.de\/kv-ansbach\/wp-json\/wp\/v2\/media?parent=2"}],"curies":[{"name":"wp","href":"https:\/\/api.w.org\/{rel}","templated":true}]}}