{"id":2,"date":"2017-12-09T09:59:38","date_gmt":"2017-12-09T08:59:38","guid":{"rendered":"https:\/\/eu-bayern.de\/tpl2\/?page_id=2"},"modified":"2018-06-10T11:50:17","modified_gmt":"2018-06-10T09:50:17","slug":"idx","status":"publish","type":"page","link":"https:\/\/eu-bayern.de\/bv-schwaben\/","title":{"rendered":"Hauptseite"},"content":{"rendered":"<p><div class=\"fusion-fullwidth fullwidth-box fusion-builder-row-1 nonhundred-percent-fullwidth non-hundred-percent-height-scrolling\" style=\"background-color: rgba(255,255,255,0);background-position: center center;background-repeat: no-repeat;padding-top:0px;padding-right:0px;padding-bottom:0px;padding-left:0px;margin-bottom: 0px;margin-top: 20px;border-width: 0px 0px 0px 0px;border-color:#eae9e9;border-style:solid;\" ><div class=\"fusion-builder-row fusion-row\"><div class=\"fusion-layout-column fusion_builder_column fusion-builder-column-0 fusion_builder_column_1_1 1_1 fusion-one-full fusion-column-first fusion-column-last\" style=\"margin-top:0px;margin-bottom:20px;\"><div class=\"fusion-column-wrapper fusion-flex-column-wrapper-legacy\" style=\"background-position:left top;background-repeat:no-repeat;-webkit-background-size:cover;-moz-background-size:cover;-o-background-size:cover;background-size:cover;padding: 0px 0px 0px 0px;\"><style type=\"text\/css\"><\/style><div class=\"fusion-title title fusion-title-1 fusion-title-center fusion-title-text fusion-title-size-two\" style=\"margin-top:0px;margin-right:0px;margin-bottom:0px;margin-left:0px;\"><div class=\"title-sep-container title-sep-container-left\"><div class=\"title-sep sep-double sep-solid\" style=\"border-color:#e0dede;\"><\/div><\/div><span class=\"awb-title-spacer\"><\/span><h2 class=\"title-heading-center fusion-responsive-typography-calculated\" style=\"margin:0;--fontSize:18;--minFontSize:18px;line-height:1;\"><p>Willkommen beim Kreisverband Schwaben!<\/p>\n<p>Eine kurze Geschichte der Europa-Union Schwaben<\/p><\/h2><span class=\"awb-title-spacer\"><\/span><div class=\"title-sep-container title-sep-container-right\"><div class=\"title-sep sep-double sep-solid\" style=\"border-color:#e0dede;\"><\/div><\/div><\/div><div class=\"fusion-clearfix\"><\/div><\/div><\/div><\/div><\/div><div class=\"fusion-fullwidth fullwidth-box fusion-builder-row-2 fs16 c_111 txti nonhundred-percent-fullwidth non-hundred-percent-height-scrolling\" style=\"background-color: #f5f5f5;background-position: center center;background-repeat: no-repeat;padding-top:20px;padding-right:20px;padding-bottom:20px;padding-left:20px;margin-bottom: 0px;margin-top: 40px;border-width: 1px 0px 1px 0px;border-color:#607d8b;border-style:dashed;\" ><div class=\"fusion-builder-row fusion-row\"><div class=\"fusion-layout-column fusion_builder_column fusion-builder-column-1 fusion_builder_column_1_2 1_2 fusion-one-half fusion-column-first\" style=\"width:50%;width:calc(50% - ( ( 4% ) * 0.5 ) );margin-right: 4%;margin-top:0px;margin-bottom:20px;\"><div class=\"fusion-column-wrapper fusion-flex-column-wrapper-legacy\" style=\"background-position:left top;background-repeat:no-repeat;-webkit-background-size:cover;-moz-background-size:cover;-o-background-size:cover;background-size:cover;padding: 0px 0px 0px 0px;\"><div class=\"fusion-text fusion-text-1\"><p><strong>Bereits 1948<\/strong> wurde der Kreisverband Augsburg der Europa-Union gegr\u00fcndet, der sich auch seiner Verantwortung f\u00fcr ganz Schwaben bewu\u00dft war.<br \/>\nIm Vorfeld der ersten Direktwahl des Europ\u00e4ischen Parlaments 1979 kam es zu verst\u00e4rkten Aktivit\u00e4ten der Europa-Union in Augsburg und Schwaben durch Dr. Horst Denzer, der seit 1978 Gesch\u00e4ftsf\u00fchrer und ab 1980 auch Vorsitzender in Augsburg war. Er war auch ma\u00dfgeblich an der Gr\u00fcndung von Kreisverb\u00e4nden in Schwaben und des Bezirksverbandes Schwaben 1983 beteiligt.<\/p>\n<p>Am 25. Februar 1983 fand die Gr\u00fcndungsversammlung in Schwabm\u00fcnchen statt. Zum Vorsitzenden wurde mit Bezirkstagspr\u00e4sident Dr. Georg Simnacher der Repr\u00e4sentant Schwabens und ein \u00fcberzeugter Europ\u00e4er gew\u00e4hlt. Da die Hauptarbeit in den zw\u00f6lf Kreisverb\u00e4nden geleistet werden sollte, beschr\u00e4nkte sich der Bezirksverband damals auf zwei bis drei \u00fcber\u00f6rtliche Veranstaltungen, zu denen die j\u00e4hrlichen Bezirksversammlungen geh\u00f6ren. Diese wandern durch den Bezirk; in diese Zeit fallen auch die Landesversammlungen der Europa-Union Bayern in Augsburg in den Jahren 1985 und 2008 sowie in Memmingen 2012.<\/p>\n<p>Am 8. Mai 1993 wurde das zehnj\u00e4hrige Bestehen des Bezirksverbandes mit einem gro\u00dfen Festabend in der Stadthalle Schwabm\u00fcnchen begangen. Mit vielen Folkloregruppen wurde die reiche europ\u00e4ische Kultur dargestellt.<\/p>\n<\/div><div class=\"fusion-clearfix\"><\/div><\/div><\/div><div class=\"fusion-layout-column fusion_builder_column fusion-builder-column-2 fusion_builder_column_1_2 1_2 fusion-one-half fusion-column-last\" style=\"width:50%;width:calc(50% - ( ( 4% ) * 0.5 ) );margin-top:0px;margin-bottom:20px;\"><div class=\"fusion-column-wrapper fusion-flex-column-wrapper-legacy\" style=\"background-position:left top;background-repeat:no-repeat;-webkit-background-size:cover;-moz-background-size:cover;-o-background-size:cover;background-size:cover;padding: 0px 0px 0px 0px;\"><div class=\"fusion-text fusion-text-2\"><p>Nach zehn Jahren im Amt gab Dr. Simnacher die Leitung an den B\u00fcrgermeister von Lauingen und sp\u00e4teren Hochschullehrer und Landtagsabgeordneten Prof. Dr. Georg Barfu\u00df ab, der weitere zehn Jahre den Bezirk anf\u00fchrte. Der Bezirksverband beteiligt sich auch an den Partnerschaften des Bezirks Schwaben mit der Mayenne (Frankreich) und der Bukowina (Ukraine und Rum\u00e4nien). 1997 wechselte die Gesch\u00e4ftsf\u00fchrung von Klaus Hopp (KV Augsburg) zu Rainer Gantzel (KV Memmingen).<\/p>\n<p>Die Leitung des Bezirksverbandes ging 2003 in die H\u00e4nde des Ethnologen Dr. Gerhard B\u00f6ck aus Ichenhausen \u00fcber. Unterst\u00fctzt wird er von einem hervorragend kooperierenden Team, das Sie auf den vorhergehenden Seiten abgebildet sehen, und von zwei aktiven Gesch\u00e4ftsf\u00fchrern, zuerst von Rainer Gantzel und ab 2005 von Christian Reppe (beide KV Memmingen). Unter Dr. Gerhard B\u00f6ck wurde die Nutzung moderner Medien vorangetrieben und mit www.eu-schwaben.de ein eigener Internetauftritt geschaffen. Die Kreisverb\u00e4nde Neu-Ulm und Lindau wurden wiederbelebt. Kreisverb\u00e4nde der Jungen Europ\u00e4er wurden gegr\u00fcndet oder wiederbelebt: zuerst Kaufbeuren-Ostallg\u00e4u, dann Neu-Ulm, Unterallg\u00e4u und G\u00fcnzburg. Bei der bevorstehenden Wahl zum Europ\u00e4ischen Parlament 2014 wird die Europa-Union Schwaben wiederum informieren und ihrem eigenen Anspruch als europ\u00e4ischem Motor und Motivator gerecht werden.<\/p>\n<\/div><div class=\"fusion-clearfix\"><\/div><\/div><\/div><\/div><\/div><div class=\"fusion-fullwidth fullwidth-box fusion-builder-row-3 nonhundred-percent-fullwidth non-hundred-percent-height-scrolling\" style=\"background-color: rgba(255,255,255,0);background-position: center center;background-repeat: no-repeat;padding-top:0px;padding-right:0px;padding-bottom:0px;padding-left:0px;margin-bottom: 0px;margin-top: 0px;border-width: 0px 0px 0px 0px;border-color:#eae9e9;border-style:solid;\" ><div class=\"fusion-builder-row fusion-row\"><div class=\"fusion-layout-column fusion_builder_column fusion-builder-column-3 fusion_builder_column_1_1 1_1 fusion-one-full fusion-column-first fusion-column-last\" style=\"margin-top:0px;margin-bottom:20px;\"><div class=\"fusion-column-wrapper fusion-flex-column-wrapper-legacy\" style=\"background-position:left top;background-repeat:no-repeat;-webkit-background-size:cover;-moz-background-size:cover;-o-background-size:cover;background-size:cover;\"><style type=\"text\/css\"><\/style><div class=\"fusion-title title fusion-title-2 fusion-sep-none fusion-title-text fusion-title-size-two pall10 c_111 bg_eee\" style=\"margin-top:0px;margin-right:0px;margin-bottom:20px;margin-left:0px;\"><h2 class=\"title-heading-left fusion-responsive-typography-calculated\" style=\"margin:0;--fontSize:18;--minFontSize:18px;line-height:1;\">Anstehende Termine<\/h2><\/div>Momentan keine Termine eingetragen<div class=\"fusion-alignright\"><style>.fusion-button.button-1{border-radius:0px 0px 0px 0px;}<\/style><a class=\"fusion-button button-flat fusion-button-default-size button-default button-1 fusion-button-default-span fusion-button-default-type\" target=\"_self\" href=\"https:\/\/eu-bayern.de\/bv-schwaben\/terminarchiv\"><span class=\"fusion-button-text\">TERMINARCHIV ANZEIGEN<\/span><\/a><\/div><div class=\"fusion-clearfix\"><\/div><\/div><\/div><\/div><\/div><div class=\"fusion-fullwidth fullwidth-box fusion-builder-row-4 nonhundred-percent-fullwidth non-hundred-percent-height-scrolling\" style=\"background-color: rgba(255,255,255,0);background-position: center center;background-repeat: no-repeat;padding-top:0px;padding-right:0px;padding-bottom:0px;padding-left:0px;margin-bottom: 0px;margin-top: 60px;border-width: 0px 0px 0px 0px;border-color:#eae9e9;border-style:solid;\" ><div class=\"fusion-builder-row fusion-row\"><div class=\"fusion-layout-column fusion_builder_column fusion-builder-column-4 fusion_builder_column_1_1 1_1 fusion-one-full fusion-column-first fusion-column-last\" style=\"margin-top:0px;margin-bottom:20px;\"><div class=\"fusion-column-wrapper fusion-flex-column-wrapper-legacy\" style=\"background-position:left top;background-repeat:no-repeat;-webkit-background-size:cover;-moz-background-size:cover;-o-background-size:cover;background-size:cover;padding: 0px 0px 0px 0px;\"><style type=\"text\/css\"><\/style><div class=\"fusion-title title fusion-title-3 fusion-sep-none fusion-title-text fusion-title-size-two pall10 c_111 bg_eee\" style=\"margin-top:0px;margin-right:0px;margin-bottom:20px;margin-left:0px;\"><h2 class=\"title-heading-left fusion-responsive-typography-calculated\" style=\"margin:0;--fontSize:18;--minFontSize:18px;line-height:1;\">Aktuelle Beitr\u00e4ge<\/h2><\/div><style>#idx_featarticle_wrapper{display:none;}<\/style><div class=\"fusion-clearfix\"><\/div><\/div><\/div><\/div><\/div><div class=\"fusion-fullwidth fullwidth-box fusion-builder-row-5 nonhundred-percent-fullwidth non-hundred-percent-height-scrolling\" style=\"background-color: rgba(255,255,255,0);background-position: center center;background-repeat: no-repeat;padding-top:0px;padding-right:0px;padding-bottom:0px;padding-left:0px;margin-bottom: 0px;margin-top: 0px;border-width: 0px 0px 0px 0px;border-color:#eae9e9;border-style:solid;\" id=\"idx_articlelist_wrapper\" ><div class=\"fusion-builder-row fusion-row\"><div class=\"fusion-layout-column fusion_builder_column fusion-builder-column-5 fusion_builder_column_1_1 1_1 fusion-one-full fusion-column-first fusion-column-last\" style=\"margin-top:0px;margin-bottom:20px;\"><div class=\"fusion-column-wrapper fusion-flex-column-wrapper-legacy\" style=\"background-position:left top;background-repeat:no-repeat;-webkit-background-size:cover;-moz-background-size:cover;-o-background-size:cover;background-size:cover;padding: 0px 0px 0px 0px;\"><div class=\"fusion-fullwidth fullwidth-box fusion-builder-row-5-1 nonhundred-percent-fullwidth non-hundred-percent-height-scrolling\" style=\"background-color: rgba(255,255,255,0);background-position: center center;background-repeat: no-repeat;padding-top:0px;padding-right:0px;padding-bottom:0px;padding-left:0px;margin-bottom: 0px;margin-top: 0px;border-width: 0px 0px 0px 0px;border-color:#eae9e9;border-style:solid;\" ><div class=\"fusion-builder-row fusion-row\"><div class=\"fusion-layout-column fusion_builder_column fusion-builder-column-6 fusion_builder_column_1_1 1_1 fusion-one-full fusion-column-first fusion-column-last\" style=\"margin-top:0px;margin-bottom:20px;\"><div class=\"fusion-column-wrapper fusion-flex-column-wrapper-legacy\" style=\"background-position:left top;background-repeat:no-repeat;-webkit-background-size:cover;-moz-background-size:cover;-o-background-size:cover;background-size:cover;padding: 0px 0px 0px 0px;\"><div class=\"fusion-blog-shortcode fusion-blog-shortcode-1 fusion-blog-archive fusion-blog-layout-medium fusion-blog-no\"><div class=\"fusion-posts-container fusion-posts-container-no\" data-pages=\"28\"><article id=\"blog-1-post-658\" class=\"fusion-post-medium post-658 post type-post status-publish format-standard has-post-thumbnail hentry category-allgemein\">\n\t<style type=\"text\/css\">\n\t\t\n\t\t\n\t\t\n\t\t\n\t\t\t<\/style>\n\n\n\t\t\t<div class=\"fusion-flexslider flexslider fusion-flexslider-loading fusion-post-slideshow\" style=\"\">\n\t\t<ul class=\"slides\">\n\t\t\t\n\t\t\t\t\t\t\t\t\t\t\t\t\t\t<li><div  class=\"fusion-image-wrapper fusion-image-size-fixed\" aria-haspopup=\"true\">\n\t\t\t\t\t\t\t<a href=\"https:\/\/eu-bayern.de\/was-ist-uns-europa-wert-solidaritaet-und-finanzen-in-der-coronakrise\/\" aria-label=\"Was ist uns Europa wert? Solidarit\u00e4t und Finanzen in der Coronakrise\">\n\t\t\t\t\t\t\t<img width=\"800\" height=\"420\" src=\"https:\/\/eu-bayern.de\/bv-schwaben\/wp-content\/uploads\/sites\/13\/2020\/05\/Online-B\u00fcrgerdialog_Was-ist-uns-Europa-wert_4.5.2020.jpg\" class=\"attachment-blog-medium size-blog-medium wp-post-image\" alt=\"\" \/>\t\t\t<\/a>\n\t\t\t\t\t\t\t<\/div>\n<\/li>\n\t\t\t\n\t\t\t\n\t\t\t\t\t\t\t\t<\/ul>\n\t<\/div>\n\t<div class=\"fusion-post-content post-content\"><h2 class=\"blog-shortcode-post-title entry-title\"><a href=\"https:\/\/eu-bayern.de\/was-ist-uns-europa-wert-solidaritaet-und-finanzen-in-der-coronakrise\/\">Was ist uns Europa wert? Solidarit\u00e4t und Finanzen in der Coronakrise<\/a><\/h2><span class=\"pbroadcast\">Quelle: <a href=\"https:\/\/eu-bayern.de\/was-ist-uns-europa-wert-solidaritaet-und-finanzen-in-der-coronakrise\/\" title=\"Europa-Union Bayern e.V.\" target=\"_blank\">Europa-Union Bayern e.V.<\/a><\/span><div class=\"fusion-post-content-container\"><p>Erster Online-B\u00fcrgerdialog mit dem Europaabgeordneten Terry Reintke und Prof. Dr. Joachim Wuermeling, Vorstandsmitglied der Deutschen Bundesbank.<\/p><\/div><\/div><div class=\"fusion-clearfix\"><\/div><div class=\"fusion-meta-info\"><div class=\"fusion-alignleft\"><span class=\"updated\" style=\"display:none;\">2020-05-03T15:10:37+02:00<\/span><span>3. Mai, 2020<\/span><span class=\"fusion-inline-sep\">|<\/span><a href=\"https:\/\/eu-bayern.de\/bv-schwaben\/c\/allgemein\/\" rel=\"category tag\">Allgemein<\/a><span class=\"fusion-inline-sep\">|<\/span><\/div><\/div><\/article>\n<article id=\"blog-1-post-655\" class=\"fusion-post-medium post-655 post type-post status-publish format-standard has-post-thumbnail hentry category-allgemein\">\n\t<style type=\"text\/css\">\n\t\t\n\t\t\n\t\t\n\t\t\n\t\t\t<\/style>\n\n\n\t\t\t<div class=\"fusion-flexslider flexslider fusion-flexslider-loading fusion-post-slideshow\" style=\"\">\n\t\t<ul class=\"slides\">\n\t\t\t\n\t\t\t\t\t\t\t\t\t\t\t\t\t\t<li><div  class=\"fusion-image-wrapper fusion-image-size-fixed\" aria-haspopup=\"true\">\n\t\t\t\t\t\t\t<a href=\"https:\/\/eu-bayern.de\/unterstuetzt-die-landwirschaft\/\" aria-label=\"Unterst\u00fctzt die Landwirschaft\">\n\t\t\t\t\t\t\t<img width=\"800\" height=\"343\" src=\"https:\/\/eu-bayern.de\/bv-schwaben\/wp-content\/uploads\/sites\/13\/2020\/04\/AdobeStock_193098015_4502623_2856982_7854268.jpg\" class=\"attachment-blog-medium size-blog-medium wp-post-image\" alt=\"\" \/>\t\t\t<\/a>\n\t\t\t\t\t\t\t<\/div>\n<\/li>\n\t\t\t\n\t\t\t\n\t\t\t\t\t\t\t\t<\/ul>\n\t<\/div>\n\t<div class=\"fusion-post-content post-content\"><h2 class=\"blog-shortcode-post-title entry-title\"><a href=\"https:\/\/eu-bayern.de\/unterstuetzt-die-landwirschaft\/\">Unterst\u00fctzt die Landwirschaft<\/a><\/h2><span class=\"pbroadcast\">Quelle: <a href=\"https:\/\/eu-bayern.de\/unterstuetzt-die-landwirschaft\/\" title=\"Europa-Union Bayern e.V.\" target=\"_blank\">Europa-Union Bayern e.V.<\/a><\/span><div class=\"fusion-post-content-container\"><p>Durch die Reisebeschr\u00e4nkungen zur Eind\u00e4mmung der Corona-Epidemie fehlen unseren Landwirtinnen und Landwirten rund 300.000 Arbeitskr\u00e4fte.<\/p><\/div><\/div><div class=\"fusion-clearfix\"><\/div><div class=\"fusion-meta-info\"><div class=\"fusion-alignleft\"><span class=\"updated\" style=\"display:none;\">2020-05-03T15:10:37+02:00<\/span><span>20. April, 2020<\/span><span class=\"fusion-inline-sep\">|<\/span><a href=\"https:\/\/eu-bayern.de\/bv-schwaben\/c\/allgemein\/\" rel=\"category tag\">Allgemein<\/a><span class=\"fusion-inline-sep\">|<\/span><\/div><\/div><\/article>\n<article id=\"blog-1-post-647\" class=\"fusion-post-medium post-647 post type-post status-publish format-standard has-post-thumbnail hentry category-allgemein\">\n\t<style type=\"text\/css\">\n\t\t\n\t\t\n\t\t\n\t\t\n\t\t\t<\/style>\n\n\n\t\t\t<div class=\"fusion-flexslider flexslider fusion-flexslider-loading fusion-post-slideshow\" style=\"\">\n\t\t<ul class=\"slides\">\n\t\t\t\n\t\t\t\t\t\t\t\t\t\t\t\t\t\t<li><div  class=\"fusion-image-wrapper fusion-image-size-fixed\" aria-haspopup=\"true\">\n\t\t\t\t\t\t\t<a href=\"https:\/\/eu-bayern.de\/covid-19-parlament-billigt-entscheidende-eu-unterstuetzungsmassnahmen\/\" aria-label=\"Covid-19 &#8211; Parlament billigt entscheidende EU-Unterst\u00fctzungsmassnahmen\">\n\t\t\t\t\t\t\t<img width=\"800\" height=\"343\" src=\"https:\/\/eu-bayern.de\/bv-schwaben\/wp-content\/uploads\/sites\/13\/2020\/04\/AdobeStock_193098015_2529137_8618718.jpg\" class=\"attachment-blog-medium size-blog-medium wp-post-image\" alt=\"\" \/>\t\t\t<\/a>\n\t\t\t\t\t\t\t<\/div>\n<\/li>\n\t\t\t\n\t\t\t\n\t\t\t\t\t\t\t\t<\/ul>\n\t<\/div>\n\t<div class=\"fusion-post-content post-content\"><h2 class=\"blog-shortcode-post-title entry-title\"><a href=\"https:\/\/eu-bayern.de\/covid-19-parlament-billigt-entscheidende-eu-unterstuetzungsmassnahmen\/\">Covid-19 &#8211; Parlament billigt entscheidende EU-Unterst\u00fctzungsmassnahmen<\/a><\/h2><span class=\"pbroadcast\">Quelle: <a href=\"https:\/\/eu-bayern.de\/covid-19-parlament-billigt-entscheidende-eu-unterstuetzungsmassnahmen\/\" title=\"Europa-Union Bayern e.V.\" target=\"_blank\">Europa-Union Bayern e.V.<\/a><\/span><div class=\"fusion-post-content-container\"><p>Das Europaparlament hat ein Ma\u00dfnahmenpaket zur Bek\u00e4mpfung der Corona-Krise und ihrer Folgen verabschiedet. Mit der Umwidmung von Geldern aus den Strukturfonds und der Aktivierung des Solidarit\u00e4tsfonds f\u00fcr Anti-Corona-Ma\u00dfnahmen stehen hierf\u00fcr nun rund 65 Milliarden Euro zur Verf\u00fcgung.<\/p><\/div><\/div><div class=\"fusion-clearfix\"><\/div><div class=\"fusion-meta-info\"><div class=\"fusion-alignleft\"><span class=\"updated\" style=\"display:none;\">2020-05-03T15:10:37+02:00<\/span><span>16. April, 2020<\/span><span class=\"fusion-inline-sep\">|<\/span><a href=\"https:\/\/eu-bayern.de\/bv-schwaben\/c\/allgemein\/\" rel=\"category tag\">Allgemein<\/a><span class=\"fusion-inline-sep\">|<\/span><\/div><\/div><\/article>\n<\/div><\/div><div class=\"fusion-clearfix\"><\/div><\/div><\/div><\/div><div class=\"fusion-alignright\"><style>.fusion-button.button-2{border-radius:0px 0px 0px 0px;}<\/style><a class=\"fusion-button button-flat fusion-button-default-size button-default button-2 fusion-button-default-span fusion-button-default-type CLASXXX\" target=\"_self\" href=\"https:\/\/eu-bayern.de\/bv-schwaben\/aktuelles\/\"><span class=\"fusion-button-text\">Themenarchiv anzeigen<\/span><\/a><\/div><\/div><div class=\"fusion-clearfix\"><\/div><\/div><\/div><\/div><\/div><\/p>\n","protected":false},"excerpt":{"rendered":"","protected":false},"author":1,"featured_media":0,"parent":0,"menu_order":0,"comment_status":"closed","ping_status":"closed","template":"","meta":[],"acf":[],"_links":{"self":[{"href":"https:\/\/eu-bayern.de\/bv-schwaben\/wp-json\/wp\/v2\/pages\/2"}],"collection":[{"href":"https:\/\/eu-bayern.de\/bv-schwaben\/wp-json\/wp\/v2\/pages"}],"about":[{"href":"https:\/\/eu-bayern.de\/bv-schwaben\/wp-json\/wp\/v2\/types\/page"}],"author":[{"embeddable":true,"href":"https:\/\/eu-bayern.de\/bv-schwaben\/wp-json\/wp\/v2\/users\/1"}],"replies":[{"embeddable":true,"href":"https:\/\/eu-bayern.de\/bv-schwaben\/wp-json\/wp\/v2\/comments?post=2"}],"version-history":[{"count":0,"href":"https:\/\/eu-bayern.de\/bv-schwaben\/wp-json\/wp\/v2\/pages\/2\/revisions"}],"wp:attachment":[{"href":"https:\/\/eu-bayern.de\/bv-schwaben\/wp-json\/wp\/v2\/media?parent=2"}],"curies":[{"name":"wp","href":"https:\/\/api.w.org\/{rel}","templated":true}]}}