{"id":329,"date":"2018-04-30T01:09:04","date_gmt":"2018-04-29T23:09:04","guid":{"rendered":"https:\/\/eu-bayern.de\/bv-oberbayern\/?page_id=329"},"modified":"2022-11-25T17:07:39","modified_gmt":"2022-11-25T16:07:39","slug":"programm-ziele","status":"publish","type":"page","link":"https:\/\/eu-bayern.de\/bv-oberbayern\/programm-ziele\/","title":{"rendered":"Programm &#038; Ziele"},"content":{"rendered":"<p><div class=\"fusion-fullwidth fullwidth-box fusion-builder-row-1 nonhundred-percent-fullwidth non-hundred-percent-height-scrolling\" style=\"background-color: rgba(255,255,255,0);background-position: center center;background-repeat: no-repeat;padding-top:0px;padding-right:0px;padding-bottom:0px;padding-left:0px;margin-bottom: 0px;margin-top: 0px;border-width: 0px 0px 0px 0px;border-color:#eae9e9;border-style:solid;\" ><div class=\"fusion-builder-row fusion-row\"><div class=\"fusion-layout-column fusion_builder_column fusion-builder-column-0 fusion_builder_column_1_1 1_1 fusion-one-full fusion-column-first fusion-column-last\" style=\"margin-top:0px;margin-bottom:20px;\"><div class=\"fusion-column-wrapper fusion-flex-column-wrapper-legacy\" style=\"background-position:left top;background-repeat:no-repeat;-webkit-background-size:cover;-moz-background-size:cover;-o-background-size:cover;background-size:cover;padding: 0px 0px 0px 0px;\"><div class=\"fusion-tabs fusion-tabs-1 clean horizontal-tabs icon-position-left\"><style type=\"text\/css\">#wrapper .fusion-tabs.fusion-tabs-1.clean .nav-tabs li a.tab-link{border-color:#ffffff;}.fusion-tabs.fusion-tabs-1 .nav-tabs li a.tab-link{background-color:#eeeeee;}.fusion-tabs.fusion-tabs-1 .nav-tabs li.active a.tab-link,.fusion-tabs.fusion-tabs-1 .nav-tabs li.active a.tab-link:hover,.fusion-tabs.fusion-tabs-1 .nav-tabs li.active a.tab-link:focus{background-color:#ffcc00;}.fusion-tabs.fusion-tabs-1 .nav-tabs li a:hover{background-color:#ffcc00;border-top-color:#ffcc00;}.fusion-tabs.fusion-tabs-1 .tab-pane{background-color:#ffcc00;}.fusion-tabs.fusion-tabs-1 .nav,.fusion-tabs.fusion-tabs-1 .nav-tabs,.fusion-tabs.fusion-tabs-1 .tab-content .tab-pane{border-color:#ffffff;}<\/style><div class=\"nav\"><ul class=\"nav-tabs nav-justified\" role=\"tablist\"><li class=\"active\" role=\"presentation\"><a class=\"tab-link\" data-toggle=\"tab\" role=\"tab\" aria-controls=\"tab-e329f15b5255f162d93\" aria-selected=\"true\" id=\"fusion-tab-wersindwir\" href=\"#tab-e329f15b5255f162d93\"><h4 class=\"fusion-tab-heading\">Wer sind wir<\/h4><\/a><\/li><li role=\"presentation\"><a class=\"tab-link\" data-toggle=\"tab\" role=\"tab\" aria-controls=\"tab-ccabf36df21b827f70d\" aria-selected=\"false\" tabindex=\"-1\" id=\"fusion-tab-unsereziele\" href=\"#tab-ccabf36df21b827f70d\"><h4 class=\"fusion-tab-heading\">Unsere Ziele<\/h4><\/a><\/li><\/ul><\/div><div class=\"tab-content\"><div class=\"nav fusion-mobile-tab-nav\"><ul class=\"nav-tabs nav-justified\" role=\"tablist\"><li class=\"active\" role=\"presentation\"><a class=\"tab-link\" data-toggle=\"tab\" role=\"tab\" aria-controls=\"tab-e329f15b5255f162d93\" aria-selected=\"true\" id=\"mobile-fusion-tab-wersindwir\" href=\"#tab-e329f15b5255f162d93\"><h4 class=\"fusion-tab-heading\">Wer sind wir<\/h4><\/a><\/li><\/ul><\/div><div class=\"tab-pane fade fusion-clearfix in active\" role=\"tabpanel\" tabindex=\"0\" aria-labelledby=\"fusion-tab-wersindwir\" id=\"tab-e329f15b5255f162d93\">Die Europa-Union setzt sich f\u00fcr ein Europa der B\u00fcrger und B\u00fcrgerinnen ein. Dazu geh\u00f6ren v.a. transparente und \u00fcberschaubare Entscheidungsprozesse, die auf dezentralen Entscheidungsstrukturen durch klare Festlegung der gemeinsamen europ\u00e4ischen Aufgaben und mehr Entscheidungen auf der unteren Ebene (Land, Region und Gemeinde) beruhen.<br \/>\nDas europ\u00e4ische Parlament besteht aus Vertretern, die in den Mitgliedsstaaten gew\u00e4hlt werden. Es ist somit das einzige unmittelbare Vertretungsorgan der B\u00fcrger. Die Europa-Union setzt sich deshalb daf\u00fcr ein, dass das Europ\u00e4ische Parlament wie ein nationales Parlament als Gesetzgeber wirken darf.<br \/>\nDie Europa-Union setzt sich daf\u00fcr ein, dass die kulturelle Vielfalt Europas als Merkmal der Europ\u00e4ischen Identit\u00e4t in Oberbayern gewahrt und gef\u00f6rdert wird.<br \/>\nDie Ost- und mitteleurop\u00e4ische Erweiterung der Europ\u00e4ischen Union er\u00f6ffnet neue M\u00f6glichkeiten f\u00fcr die Mitgliedsstaaten und f\u00fchrt gleichzeitig zu neuen Herausforderungen. Diese M\u00f6glichkeiten und Herausforderungen k\u00f6nnen nur gestemmt werden, wenn die Innen-und Au\u00dfenpolitik der Europ\u00e4ischen Union verbessert wird und somit zu mehr Handlungsf\u00e4higkeit, Glaubw\u00fcrdigkeit und Effizienz f\u00fchrt. Dazu notwendig ist eine voll ausgestaltete Unionsb\u00fcrgerschaft, eine gemeinsame W\u00e4hrung und eine gemeinsame Politik (Wirtschafts-, Arbeitsmarkt-, Sozial-, Umwelt-, Innen-, Rechts-, Sicherheits-, Au\u00dfenpolitik-, Bildungs-, und Kulturpolitik), die zur Friedenssicherung in Europa f\u00fchren muss.<br \/>\nF\u00fcr diese Ziele setzt sich die Europa-Union ein.<\/div><div class=\"nav fusion-mobile-tab-nav\"><ul class=\"nav-tabs nav-justified\" role=\"tablist\"><li role=\"presentation\"><a class=\"tab-link\" data-toggle=\"tab\" role=\"tab\" aria-controls=\"tab-ccabf36df21b827f70d\" aria-selected=\"false\" tabindex=\"-1\" id=\"mobile-fusion-tab-unsereziele\" href=\"#tab-ccabf36df21b827f70d\"><h4 class=\"fusion-tab-heading\">Unsere Ziele<\/h4><\/a><\/li><\/ul><\/div><div class=\"tab-pane fade fusion-clearfix\" role=\"tabpanel\" tabindex=\"0\" aria-labelledby=\"fusion-tab-unsereziele\" id=\"tab-ccabf36df21b827f70d\">\n<p align=\"justify\">Die Europa-Union Bayern fordert die Einigung Europas in einem f\u00f6deralen und demokratischen System, mit dem Ziel eines Europ\u00e4ischen Bundesstaates. Nur so kann Europa nachhaltig zu mehr Frieden und Wohlstand in der Welt beitragen. Deshalb setzen wir uns ein f\u00fcr:<\/p>\n<p class=\"tinymce_own02\"><strong><em>Ein Europa der B\u00fcrger:<\/em><\/strong><\/p>\n<p>Die B\u00fcrgerinnen und B\u00fcrger m\u00fcssen intensiver an der Gestaltung Europas beteiligt werden. Wir wollen ein b\u00fcrgernahes Europa, in dem die Entscheidungsprozesse transparent gehalten sind.<\/p>\n<p class=\"tinymce_own02\"><strong><em>Europas Einheit in Vielfalt:<\/em><\/strong><\/p>\n<p>Europas Vielfalt ist seine St\u00e4rke. Wir wollen diese Vielfalt bewahren und das europ\u00e4ische Bewusstsein f\u00fcr unsere gemeinsame und friedliche Zukunft f\u00f6rdern.<\/p>\n<p class=\"tinymce_own02\"><strong><em>Eine politische Union:<\/em><\/strong><\/p>\n<p>die sich Ihrer sozialen Verantwortung bewusst ist! Europa schafft Wohlstand und besitzt damit sowohl soziale Verantwortung als auch Verantwortung als Stabilit\u00e4tsfaktor und friedenssichernde Kraft in der Welt. Nur mit einer\u00a0B\u00fcndelung seiner Kr\u00e4fte kann Europa diesen Aufgaben nachkommen und seine Vorbildfunktion f\u00fcr andere Weltregionen behaupten.<\/p>\n<p class=\"tinymce_own02\"><strong><em>Eine handlungsf\u00e4hige EU:<\/em><\/strong><\/p>\n<p>Die Europ\u00e4ische Union muss nach innen und au\u00dfen handlungsf\u00e4hig und glaubw\u00fcrdig sein. Dazu muss sie \u00fcber effiziente und nachvollziehbare Entscheidungsverfahren verf\u00fcgen und vermehrt mit einer Stimme sprechen.\u00a0Der Vertrag von Lissabon ist aus unserer Sicht\u00a0ein richtungweisender Schritt auf dem Weg zu einer transparenteren und b\u00fcrgerfreundlicheren EU, die das Subsidiarit\u00e4tsprinzip achtet.<\/p>\n<p class=\"tinymce_own02\"><strong><em>Ein starkes Europ\u00e4isches Parlament:<\/em><\/strong><\/p>\n<p>Das Europ\u00e4ische Parlament ist die Vertretung der B\u00fcrger in der EU. Die parlamentarische Ebene\u00a0muss weiter gest\u00e4rkt werden, damit\u00a0sie Hand in Hand mit den nationalen Parlamenten Ihrer wichtigen Funktion als Stimme der B\u00fcrger nachkommen kann.<\/p>\n<\/div><\/div><\/div><div class=\"fusion-clearfix\"><\/div><\/div><\/div><\/div><\/div><div class=\"fusion-fullwidth fullwidth-box fusion-builder-row-2 nonhundred-percent-fullwidth non-hundred-percent-height-scrolling\" style=\"background-color: rgba(255,255,255,0);background-position: center center;background-repeat: no-repeat;padding-top:0px;padding-right:0px;padding-bottom:0px;padding-left:0px;margin-bottom: 0px;margin-top: 0px;border-width: 0px 0px 0px 0px;border-color:#eae9e9;border-style:solid;\" ><div class=\"fusion-builder-row fusion-row\"><div class=\"fusion-layout-column fusion_builder_column fusion-builder-column-1 fusion_builder_column_1_1 1_1 fusion-one-full fusion-column-first fusion-column-last\" style=\"margin-top:0px;margin-bottom:20px;\"><div class=\"fusion-column-wrapper fusion-flex-column-wrapper-legacy\" style=\"background-position:left top;background-repeat:no-repeat;-webkit-background-size:cover;-moz-background-size:cover;-o-background-size:cover;background-size:cover;padding: 0px 0px 0px 0px;\"><style type='text\/css'>.reading-box-container-1 .element-bottomshadow:before,.reading-box-container-1 .element-bottomshadow:after{opacity:0.7;}<\/style><div class=\"fusion-reading-box-container reading-box-container-1\" style=\"margin-top:0px;margin-bottom:30px;\"><div class=\"reading-box\" style=\"background-color:#f6f6f6;border-width:0px;border-color:#f6f6f6;border-left-width:3px;border-left-color:var(--primary_color);border-style:solid;\"><a class=\"button fusion-button button-default fusion-button-default-size button-default-size button-flat fusion-desktop-button fusion-tagline-button continue fusion-desktop-button-margin continue-right\" style=\"-webkit-box-shadow:none;-moz-box-shadow:none;box-shadow:none;border-radius:0px 0px 0px 0px\" href=\"http:\/\/eu-bayern.de\/mitmachen\/\" target=\"_self\"><span>Informationen &amp; Mitgliedsantrag<\/span><\/a><h2>Sie interessieren sich f\u00fcr eine Mitgliedschaft?<\/h2><div class=\"reading-box-description fusion-reading-box-additional\">Weitere Informationen sowie den Mitgliedsantrag zum Herunterladen<\/div><div class=\"fusion-clearfix\"><\/div><a class=\"button fusion-button button-default fusion-button-default-size button-default-size button-flat fusion-mobile-button continue-right\" style=\"-webkit-box-shadow:none;-moz-box-shadow:none;box-shadow:none;border-radius:0px 0px 0px 0px\" href=\"http:\/\/eu-bayern.de\/mitmachen\/\" target=\"_self\"><span>Informationen &amp; Mitgliedsantrag<\/span><\/a><\/div><\/div><div class=\"fusion-clearfix\"><\/div><\/div><\/div><\/div><\/div><\/p>\n","protected":false},"excerpt":{"rendered":"","protected":false},"author":2,"featured_media":0,"parent":0,"menu_order":0,"comment_status":"closed","ping_status":"closed","template":"","meta":[],"acf":[],"_links":{"self":[{"href":"https:\/\/eu-bayern.de\/bv-oberbayern\/wp-json\/wp\/v2\/pages\/329"}],"collection":[{"href":"https:\/\/eu-bayern.de\/bv-oberbayern\/wp-json\/wp\/v2\/pages"}],"about":[{"href":"https:\/\/eu-bayern.de\/bv-oberbayern\/wp-json\/wp\/v2\/types\/page"}],"author":[{"embeddable":true,"href":"https:\/\/eu-bayern.de\/bv-oberbayern\/wp-json\/wp\/v2\/users\/2"}],"replies":[{"embeddable":true,"href":"https:\/\/eu-bayern.de\/bv-oberbayern\/wp-json\/wp\/v2\/comments?post=329"}],"version-history":[{"count":1,"href":"https:\/\/eu-bayern.de\/bv-oberbayern\/wp-json\/wp\/v2\/pages\/329\/revisions"}],"predecessor-version":[{"id":833,"href":"https:\/\/eu-bayern.de\/bv-oberbayern\/wp-json\/wp\/v2\/pages\/329\/revisions\/833"}],"wp:attachment":[{"href":"https:\/\/eu-bayern.de\/bv-oberbayern\/wp-json\/wp\/v2\/media?parent=329"}],"curies":[{"name":"wp","href":"https:\/\/api.w.org\/{rel}","templated":true}]}}