{"id":321,"date":"2018-04-30T00:59:08","date_gmt":"2018-04-29T22:59:08","guid":{"rendered":"https:\/\/eu-bayern.de\/bv-oberbayern\/?page_id=321"},"modified":"2022-12-02T02:41:19","modified_gmt":"2022-12-02T01:41:19","slug":"herzlich-willkommen","status":"publish","type":"page","link":"https:\/\/eu-bayern.de\/bv-oberbayern\/herzlich-willkommen\/","title":{"rendered":"Herzlich Willkommen"},"content":{"rendered":"<div class=\"fusion-fullwidth fullwidth-box fusion-builder-row-1 nonhundred-percent-fullwidth non-hundred-percent-height-scrolling\" style=\"background-color: rgba(255,255,255,0);background-position: center center;background-repeat: no-repeat;padding-top:0px;padding-right:0px;padding-bottom:0px;padding-left:0px;margin-bottom: 0px;margin-top: 0px;border-width: 0px 0px 0px 0px;border-color:#eae9e9;border-style:solid;\" ><div class=\"fusion-builder-row fusion-row\"><div class=\"fusion-layout-column fusion_builder_column fusion-builder-column-0 fusion_builder_column_3_4 3_4 fusion-three-fourth fusion-column-first\" style=\"width:75%;width:calc(75% - ( ( 4% ) * 0.75 ) );margin-right: 4%;margin-top:0px;margin-bottom:20px;\"><div class=\"fusion-column-wrapper fusion-flex-column-wrapper-legacy\" style=\"background-position:left top;background-repeat:no-repeat;-webkit-background-size:cover;-moz-background-size:cover;-o-background-size:cover;background-size:cover;padding: 0px 0px 0px 0px;\"><div class=\"fusion-text fusion-text-1\"><p><strong>Herzlich Willkommen!<\/strong><\/p>\n<p>Sehr geehrte Besucherin, sehr geehrter Besucher,<\/p>\n<p>es freut uns sehr, Sie hier auf der Homepage der Europa-Union Oberbayern e. V. begr\u00fc\u00dfen zu d\u00fcrfen.<\/p>\n<p>Auf den folgenden Seiten finden Sie weitere Informationen zu unserer Arbeit und zu unseren Zielen.<\/p>\n<p>Sollten Sie Fragen, Anregungen zu unserer Vereinsarbeit haben oder an der Mitwirkung interessiert sein, dann melden Sie sich doch einfach bei mir.<\/p>\n<p>Freundliche Gr\u00fc\u00dfe<\/p>\n<p>Walter G\u00f6bl<br \/>\nBezirksvorsitzender (komm.)<\/p>\n<\/div><span class=\" fusion-imageframe imageframe-none imageframe-1 hover-type-none\"><img width=\"360\" height=\"360\" alt=\"Walter G\u00f6bl\" title=\"Bezirksvorsitzender (komm.)\" src=\"https:\/\/eu-bayern.de\/bv-oberbayern\/wp-content\/uploads\/sites\/15\/2022\/12\/walter-goebl-360x360-1.jpg\" class=\"img-responsive wp-image-842\"\/><\/span><div class=\"fusion-clearfix\"><\/div><\/div><\/div><div class=\"fusion-layout-column fusion_builder_column fusion-builder-column-1 fusion_builder_column_1_4 1_4 fusion-one-fourth fusion-column-last\" style=\"width:25%;width:calc(25% - ( ( 4% ) * 0.25 ) );margin-top:0px;margin-bottom:20px;\"><div class=\"fusion-column-wrapper fusion-flex-column-wrapper-legacy\" style=\"background-position:left top;background-repeat:no-repeat;-webkit-background-size:cover;-moz-background-size:cover;-o-background-size:cover;background-size:cover;padding: 0px 0px 0px 0px;\"><div class=\"fusion-clearfix\"><\/div><\/div><\/div><\/div><\/div>\n","protected":false},"excerpt":{"rendered":"","protected":false},"author":2,"featured_media":0,"parent":0,"menu_order":0,"comment_status":"closed","ping_status":"closed","template":"","meta":[],"acf":[],"_links":{"self":[{"href":"https:\/\/eu-bayern.de\/bv-oberbayern\/wp-json\/wp\/v2\/pages\/321"}],"collection":[{"href":"https:\/\/eu-bayern.de\/bv-oberbayern\/wp-json\/wp\/v2\/pages"}],"about":[{"href":"https:\/\/eu-bayern.de\/bv-oberbayern\/wp-json\/wp\/v2\/types\/page"}],"author":[{"embeddable":true,"href":"https:\/\/eu-bayern.de\/bv-oberbayern\/wp-json\/wp\/v2\/users\/2"}],"replies":[{"embeddable":true,"href":"https:\/\/eu-bayern.de\/bv-oberbayern\/wp-json\/wp\/v2\/comments?post=321"}],"version-history":[{"count":1,"href":"https:\/\/eu-bayern.de\/bv-oberbayern\/wp-json\/wp\/v2\/pages\/321\/revisions"}],"predecessor-version":[{"id":846,"href":"https:\/\/eu-bayern.de\/bv-oberbayern\/wp-json\/wp\/v2\/pages\/321\/revisions\/846"}],"wp:attachment":[{"href":"https:\/\/eu-bayern.de\/bv-oberbayern\/wp-json\/wp\/v2\/media?parent=321"}],"curies":[{"name":"wp","href":"https:\/\/api.w.org\/{rel}","templated":true}]}}