{"id":2,"date":"2017-12-09T09:59:38","date_gmt":"2017-12-09T08:59:38","guid":{"rendered":"https:\/\/eu-bayern.de\/tpl1\/?page_id=2"},"modified":"2024-05-25T18:54:19","modified_gmt":"2024-05-25T16:54:19","slug":"idx","status":"publish","type":"page","link":"https:\/\/eu-bayern.de\/bv-oberbayern\/","title":{"rendered":"Hauptseite"},"content":{"rendered":"<p><div class=\"fusion-fullwidth fullwidth-box fusion-builder-row-1 nonhundred-percent-fullwidth non-hundred-percent-height-scrolling\" style=\"background-color: rgba(255,255,255,0);background-position: center center;background-repeat: no-repeat;padding-top:0px;padding-right:0px;padding-bottom:0px;padding-left:0px;margin-bottom: 0px;margin-top: 0px;border-width: 0px 0px 0px 0px;border-color:#eae9e9;border-style:solid;\" ><div class=\"fusion-builder-row fusion-row\"><div class=\"fusion-layout-column fusion_builder_column fusion-builder-column-0 fusion_builder_column_2_3 2_3 fusion-two-third fusion-column-first\" style=\"width:66.666666666667%;width:calc(66.666666666667% - ( ( 4% ) * 0.66666666666667 ) );margin-right: 4%;margin-top:0px;margin-bottom:20px;\"><div class=\"fusion-column-wrapper fusion-flex-column-wrapper-legacy\" style=\"background-position:left top;background-repeat:no-repeat;-webkit-background-size:cover;-moz-background-size:cover;-o-background-size:cover;background-size:cover;padding: 0px 0px 0px 0px;\"><div class=\"fusion-text fusion-text-1\"><p><span style=\"color: #339966\"><strong>Herzlich Willkommen!<\/strong><\/span><\/p>\n<p>Liebe Europ\u00e4erinnen und Europ\u00e4er,<\/p>\n<p>es freut uns sehr, Sie hier auf der Homepage der Europa-Union Oberbayern e. V. begr\u00fc\u00dfen zu d\u00fcrfen.<\/p>\n<p>Auf den folgenden Seiten finden Sie weitere Informationen zu unserer Arbeit und zu unseren Zielen.<\/p>\n<p>Sollten Sie Fragen, Anregungen zu unserer Vereinsarbeit haben oder an der Mitwirkung interessiert sein, dann melden Sie sich doch einfach bei mir.<\/p>\n<p>Mit herzlichen europ\u00e4ischen Gr\u00fc\u00dfen<\/p>\n<p>Walter G\u00f6bl<br \/>\nBezirksvorsitzender<\/p>\n<\/div><span class=\" fusion-imageframe imageframe-none imageframe-1 hover-type-none\"><img width=\"360\" height=\"360\" alt=\"Walter G\u00f6bl\" title=\"Bezirksvorsitzender (komm.)\" src=\"https:\/\/eu-bayern.de\/bv-oberbayern\/wp-content\/uploads\/sites\/15\/2022\/12\/walter-goebl-360x360-1.jpg\" class=\"img-responsive wp-image-842\"\/><\/span><div class=\"fusion-clearfix\"><\/div><\/div><\/div><\/div><\/div><div class=\"fusion-fullwidth fullwidth-box fusion-builder-row-2 nonhundred-percent-fullwidth non-hundred-percent-height-scrolling\" style=\"background-color: rgba(255,255,255,0);background-position: center center;background-repeat: no-repeat;padding-top:0px;padding-right:0px;padding-bottom:0px;padding-left:0px;margin-bottom: 0px;margin-top: 0px;border-width: 0px 0px 0px 0px;border-color:#eae9e9;border-style:solid;\" id=\"idx_featarticle_wrapper\" ><div class=\"fusion-builder-row fusion-row\"><div class=\"fusion-layout-column fusion_builder_column fusion-builder-column-1 fusion_builder_column_1_1 1_1 fusion-one-full fusion-column-first fusion-column-last\" style=\"margin-top:0px;margin-bottom:0px;\"><div class=\"fusion-column-wrapper fusion-flex-column-wrapper-legacy\" style=\"background-position:left top;background-repeat:no-repeat;-webkit-background-size:cover;-moz-background-size:cover;-o-background-size:cover;background-size:cover;padding: 0px 0px 0px 0px;\"><style type=\"text\/css\"><\/style><div class=\"fusion-title title fusion-title-1 fusion-sep-none fusion-title-text fusion-title-size-two pall10 c_111 bg_eee\" style=\"margin-top:0px;margin-right:0px;margin-bottom:20px;margin-left:0px;\"><h2 class=\"title-heading-left fusion-responsive-typography-calculated\" style=\"margin:0;--fontSize:18;--minFontSize:18px;line-height:1;\">Aktuelle Artikel<\/h2><\/div><div class=\"fusion-fullwidth fullwidth-box fusion-builder-row-2-1 featart featart5 nonhundred-percent-fullwidth non-hundred-percent-height-scrolling fusion-equal-height-columns\" style=\"background-color: #2a973e;background-position: center center;background-repeat: no-repeat;padding-top:0px;padding-right:0px;padding-bottom:0px;padding-left:0px;margin-bottom: 0px;margin-top: 0px;border-width: 0px 0px 0px 0px;border-color:#eae9e9;border-style:solid;\" ><div class=\"fusion-builder-row fusion-row\"><div class=\"fusion-layout-column fusion_builder_column fusion-builder-column-2 fusion_builder_column_1_2 1_2 fusion-one-half fusion-column-first\" style=\"width:50%;width:calc(50% - ( ( 10px ) * 0.5 ) );margin-right: 10px;margin-top:0px;margin-bottom:20px;\"><div class=\"fusion-column-wrapper fusion-flex-column-wrapper-legacy fusion-empty-column-bg-image\" style=\"background-image: url(&#039;https:\/\/eu-bayern.de\/bv-oberbayern\/wp-content\/uploads\/sites\/15\/2025\/12\/Deutsch-tschechische-Gruppe.jpg&#039;);background-position:center center;background-repeat:no-repeat;-webkit-background-size:cover;-moz-background-size:cover;-o-background-size:cover;background-size:cover;padding: 0px 0px 0px 0px;\" data-bg-url=\"https:\/\/eu-bayern.de\/bv-oberbayern\/wp-content\/uploads\/sites\/15\/2025\/12\/Deutsch-tschechische-Gruppe.jpg\"><img class=\"fusion-empty-dims-img-placeholder fusion-no-large-visibility\" src=\"data:image\/svg+xml,%3Csvg%20xmlns%3D%27http%3A%2F%2Fwww.w3.org%2F2000%2Fsvg%27%20width%3D%27800%27%20height%3D%27739%27%20viewBox%3D%270%200%20800%20739%27%3E%3Crect%20width%3D%27800%27%20height%3D%27739%27%20fill-opacity%3D%220%22%2F%3E%3C%2Fsvg%3E\"><div class=\"fusion-clearfix\"><\/div><\/div><\/div><div class=\"fusion-layout-column fusion_builder_column fusion-builder-column-3 fusion_builder_column_1_2 1_2 fusion-one-half fusion-column-last\" style=\"width:50%;width:calc(50% - ( ( 10px ) * 0.5 ) );margin-top:0px;margin-bottom:20px;\"><div class=\"fusion-column-wrapper fusion-flex-column-wrapper-legacy\" style=\"background-position:left top;background-repeat:no-repeat;-webkit-background-size:cover;-moz-background-size:cover;-o-background-size:cover;background-size:cover;padding: 0px 0px 0px 0px;\"><div class=\"fusion-column-content-centered\"><div class=\"fusion-column-content\"><style type=\"text\/css\"><\/style><div class=\"fusion-title title fusion-title-2 fusion-sep-none fusion-title-text fusion-title-size-two\" style=\"margin-top:0px;margin-right:0px;margin-bottom:31px;margin-left:0px;\"><h2 class=\"title-heading-left fusion-responsive-typography-calculated\" style=\"margin:0;--fontSize:18;--minFontSize:18px;line-height:1;\">Br\u00fcckenbau in bewegten Zeiten: Europa-Union Oberbayern initiiert Kooperation mit Tschechien<\/h2><\/div><style type='text\/css'>.reading-box-container-1 .element-bottomshadow:before,.reading-box-container-1 .element-bottomshadow:after{opacity:0.7;}<\/style><div class=\"fusion-reading-box-container reading-box-container-1\" style=\"margin-top:0px;margin-bottom:84px;\"><div class=\"reading-box element-bottomshadow\" style=\"background-color:#f5f5f5;border-width:1px;border-color:#aaa;border-style:solid;\"><a class=\"button fusion-button button-default fusion-button-small button-small button-flat fusion-desktop-button fusion-tagline-button continue fusion-desktop-button-margin continue-right\" style=\"-webkit-box-shadow:none;-moz-box-shadow:none;box-shadow:none;border-radius:0px 0px 0px 0px\" href=\"https:\/\/eu-bayern.de\/bv-oberbayern\/brueckenbau-in-bewegten-zeiten-europa-union-oberbayern-initiiert-kooperation-mit-tschechien\/\" target=\"_self\"><span>ZUM ARTIKEL<\/span><\/a><div class=\"reading-box-additional\"><span class=\"pexcerpt\">Neu\u00f6tting \/ Prag. Der Bezirksverband der Europa-Union Oberbayern setzt seinen Kurs der grenz\u00fcberschreitenden Vernetzung konsequent fort. Nach erfolgreichen Partnerschaften in der Steiermark und Luxemburg steht nun die engere Zusammenarbeit mit Tschechien im Fokus. Im Rahmen einer Kulturfahrt nach Prag trafen sich Vorstandsmitglieder der Europa-Union zu ersten Sondierungsgespr\u00e4chen mit Vertretern der tschechischen Sektion der Jungen Europ\u00e4ischen F\u00f6deralisten (JEF\/UEF).<\/span><span class=\"pdate\">29. Dezember 2025<\/span><\/div><div class=\"fusion-clearfix\"><\/div><a class=\"button fusion-button button-default fusion-button-small button-small button-flat fusion-mobile-button continue-right\" style=\"-webkit-box-shadow:none;-moz-box-shadow:none;box-shadow:none;border-radius:0px 0px 0px 0px\" href=\"https:\/\/eu-bayern.de\/bv-oberbayern\/brueckenbau-in-bewegten-zeiten-europa-union-oberbayern-initiiert-kooperation-mit-tschechien\/\" target=\"_self\"><span>ZUM ARTIKEL<\/span><\/a><\/div><\/div><\/div><\/div><div class=\"fusion-clearfix\"><\/div><\/div><\/div><\/div><\/div><div class=\"fusion-clearfix\"><\/div><\/div><\/div><\/div><\/div><div class=\"fusion-fullwidth fullwidth-box fusion-builder-row-3 nonhundred-percent-fullwidth non-hundred-percent-height-scrolling\" style=\"background-color: rgba(255,255,255,0);background-position: center center;background-repeat: no-repeat;padding-top:0px;padding-right:0px;padding-bottom:0px;padding-left:0px;margin-bottom: 0px;margin-top: 0px;border-width: 0px 0px 0px 0px;border-color:#eae9e9;border-style:solid;\" id=\"idx_articlelist_wrapper\" ><div class=\"fusion-builder-row fusion-row\"><div class=\"fusion-layout-column fusion_builder_column fusion-builder-column-4 fusion_builder_column_1_1 1_1 fusion-one-full fusion-column-first fusion-column-last\" style=\"margin-top:0px;margin-bottom:20px;\"><div class=\"fusion-column-wrapper fusion-flex-column-wrapper-legacy\" style=\"background-position:left top;background-repeat:no-repeat;-webkit-background-size:cover;-moz-background-size:cover;-o-background-size:cover;background-size:cover;padding: 0px 0px 0px 0px;\"><div class=\"fusion-fullwidth fullwidth-box fusion-builder-row-3-1 nonhundred-percent-fullwidth non-hundred-percent-height-scrolling\" style=\"background-color: rgba(255,255,255,0);background-position: center center;background-repeat: no-repeat;padding-top:0px;padding-right:0px;padding-bottom:0px;padding-left:0px;margin-bottom: 0px;margin-top: 0px;border-width: 0px 0px 0px 0px;border-color:#eae9e9;border-style:solid;\" ><div class=\"fusion-builder-row fusion-row\"><div class=\"fusion-layout-column fusion_builder_column fusion-builder-column-5 fusion_builder_column_1_1 1_1 fusion-one-full fusion-column-first fusion-column-last\" style=\"margin-top:0px;margin-bottom:20px;\"><div class=\"fusion-column-wrapper fusion-flex-column-wrapper-legacy\" style=\"background-position:left top;background-repeat:no-repeat;-webkit-background-size:cover;-moz-background-size:cover;-o-background-size:cover;background-size:cover;padding: 0px 0px 0px 0px;\"><div class=\"fusion-blog-shortcode fusion-blog-shortcode-1 fusion-blog-archive fusion-blog-layout-medium fusion-blog-no\"><div class=\"fusion-posts-container fusion-posts-container-no\" data-pages=\"16\"><article id=\"blog-1-post-1369\" class=\"fusion-post-medium post-1369 post type-post status-publish format-standard has-post-thumbnail hentry category-allgemein\">\n\t<style type=\"text\/css\">\n\t\t\t\t\t#blog-1-post-1369 .fusion-post-slideshow {\n\t\t\t\tmax-width: 50% !important;\n\t\t\t}\n\t\t\n\t\t\n\t\t\n\t\t\n\t\t\t<\/style>\n\n\n\t\t\t<div class=\"fusion-flexslider flexslider fusion-flexslider-loading fusion-post-slideshow\" style=\"\">\n\t\t<ul class=\"slides\">\n\t\t\t\n\t\t\t\t\t\t\t\t\t\t\t\t\t\t<li><div  class=\"fusion-image-wrapper fusion-image-size-fixed\" aria-haspopup=\"true\">\n\t\t\t\t\t\t\t<a href=\"https:\/\/eu-bayern.de\/bv-oberbayern\/schuelerzeitungspreis-europa-bewerbungsfrist-bis-15-januar-gute-chancen\/\" aria-label=\"Sch\u00fclerzeitungspreis \u201eEuropa\u201c: Bewerbungsfrist bis 15. Januar \u2013 Gute Chancen\">\n\t\t\t\t\t\t\t<img width=\"800\" height=\"640\" src=\"https:\/\/eu-bayern.de\/bv-oberbayern\/wp-content\/uploads\/sites\/15\/2025\/12\/IMG_4429.png\" class=\"attachment-blog-medium size-blog-medium wp-post-image\" alt=\"\" \/>\t\t\t<\/a>\n\t\t\t\t\t\t\t<\/div>\n<\/li>\n\t\t\t\n\t\t\t\n\t\t\t\t\t\t\t\t<\/ul>\n\t<\/div>\n\t<div class=\"fusion-post-content post-content\"><h2 class=\"blog-shortcode-post-title entry-title\"><a href=\"https:\/\/eu-bayern.de\/bv-oberbayern\/schuelerzeitungspreis-europa-bewerbungsfrist-bis-15-januar-gute-chancen\/\">Sch\u00fclerzeitungspreis \u201eEuropa\u201c: Bewerbungsfrist bis 15. Januar \u2013 Gute Chancen<\/a><\/h2><div class=\"fusion-post-content-container\"><p>Der Bezirksvorsitzende der Europa-Union Oberbayern Walter G\u00f6bl ruft Schulen und Jugendliche dazu auf, sich f\u00fcr den Sch\u00fclerzeitungspreis \"Europa\"\u00a0zu bewerben. Dieser wird von der Vertretung der Europ\u00e4ischen Kommission in Deutschland im Rahmen des bundesweiten Sch\u00fclerzeitungswettbewerbs der L\u00e4nder vergeben.\u00a0\r\nWalter G\u00f6bl: \u201eDie Sch\u00fclerzeitungsredakteure in unserer Region leisten erstklassige und engagierte Arbeit. Sie haben die besten Chancen, einen Preis zu gewinnen.\u201c<\/p><\/div><\/div><div class=\"fusion-clearfix\"><\/div><div class=\"fusion-meta-info\"><div class=\"fusion-alignleft\"><span class=\"updated\" style=\"display:none;\">2025-12-09T15:23:34+01:00<\/span><span>6. Dezember, 2025<\/span><span class=\"fusion-inline-sep\">|<\/span><a href=\"https:\/\/eu-bayern.de\/bv-oberbayern\/c\/allgemein\/\" rel=\"category tag\">Allgemein<\/a><span class=\"fusion-inline-sep\">|<\/span><\/div><\/div><\/article>\n<article id=\"blog-1-post-1363\" class=\"fusion-post-medium post-1363 post type-post status-publish format-standard has-post-thumbnail hentry category-allgemein\">\n\t<style type=\"text\/css\">\n\t\t\n\t\t\n\t\t\n\t\t\n\t\t\t<\/style>\n\n\n\t\t\t<div class=\"fusion-flexslider flexslider fusion-flexslider-loading fusion-post-slideshow\" style=\"\">\n\t\t<ul class=\"slides\">\n\t\t\t\n\t\t\t\t\t\t\t\t\t\t\t\t\t\t<li><div  class=\"fusion-image-wrapper fusion-image-size-fixed\" aria-haspopup=\"true\">\n\t\t\t\t\t\t\t<a href=\"https:\/\/eu-bayern.de\/bv-oberbayern\/aus-den-kreisverbaenden-der-europa-union-oberbayern-freisinger-workshop-fit-gegen-desinformation-staerkt-medienkompetenz-und-demokratische-resilienz\/\" aria-label=\"Aus den Kreisverb\u00e4nden der Europa-Union Oberbayern: Freisinger Workshop \u201eFit gegen Desinformation\u201c st\u00e4rkt Medienkompetenz und demokratische Resilienz\">\n\t\t\t\t\t\t\t<img width=\"800\" height=\"532\" src=\"https:\/\/eu-bayern.de\/bv-oberbayern\/wp-content\/uploads\/sites\/15\/2025\/12\/Bild-06.12.25-um-19.43.jpg\" class=\"attachment-blog-medium size-blog-medium wp-post-image\" alt=\"\" \/>\t\t\t<\/a>\n\t\t\t\t\t\t\t<\/div>\n<\/li>\n\t\t\t\n\t\t\t\n\t\t\t\t\t\t\t\t<\/ul>\n\t<\/div>\n\t<div class=\"fusion-post-content post-content\"><h2 class=\"blog-shortcode-post-title entry-title\"><a href=\"https:\/\/eu-bayern.de\/bv-oberbayern\/aus-den-kreisverbaenden-der-europa-union-oberbayern-freisinger-workshop-fit-gegen-desinformation-staerkt-medienkompetenz-und-demokratische-resilienz\/\">Aus den Kreisverb\u00e4nden der Europa-Union Oberbayern: Freisinger Workshop \u201eFit gegen Desinformation\u201c st\u00e4rkt Medienkompetenz und demokratische Resilienz<\/a><\/h2><div class=\"fusion-post-content-container\"><p>Mit gro\u00dfem Interesse verfolgten zahlreiche Besucherinnen und Besucher den Workshop \u201eFit gegen Desinformation\u201c, zu dem die Europa-Union Freising in den Heurigen eingeladen hatte. Die Kreisvorsitzende Silvia Bergmann begr\u00fc\u00dfte die Teilnehmenden und betonte die Bedeutung eines geeinten Europas sowie die Notwendigkeit, B\u00fcrgerinnen und B\u00fcrger im Umgang mit digitalen Informationen zu st\u00e4rken.<\/p><\/div><\/div><div class=\"fusion-clearfix\"><\/div><div class=\"fusion-meta-info\"><div class=\"fusion-alignleft\"><span class=\"updated\" style=\"display:none;\">2025-12-06T19:53:04+01:00<\/span><span>6. Dezember, 2025<\/span><span class=\"fusion-inline-sep\">|<\/span><a href=\"https:\/\/eu-bayern.de\/bv-oberbayern\/c\/allgemein\/\" rel=\"category tag\">Allgemein<\/a><span class=\"fusion-inline-sep\">|<\/span><\/div><\/div><\/article>\n<article id=\"blog-1-post-1358\" class=\"fusion-post-medium post-1358 post type-post status-publish format-standard has-post-thumbnail hentry category-allgemein\">\n\t<style type=\"text\/css\">\n\t\t\n\t\t\n\t\t\n\t\t\n\t\t\t<\/style>\n\n\n\t\t\t<div class=\"fusion-flexslider flexslider fusion-flexslider-loading fusion-post-slideshow\" style=\"\">\n\t\t<ul class=\"slides\">\n\t\t\t\n\t\t\t\t\t\t\t\t\t\t\t\t\t\t<li><div  class=\"fusion-image-wrapper fusion-image-size-fixed\" aria-haspopup=\"true\">\n\t\t\t\t\t\t\t<a href=\"https:\/\/eu-bayern.de\/bv-oberbayern\/1358-2\/\" aria-label=\"Aus den Kreisverb\u00e4nden \u2013 heute Bad T\u00f6lz-Wolfratshausen: Europa muss lernen, auf eigenen Beinen zu stehen\">\n\t\t\t\t\t\t\t<img width=\"800\" height=\"1003\" src=\"https:\/\/eu-bayern.de\/bv-oberbayern\/wp-content\/uploads\/sites\/15\/2025\/12\/image001.jpeg\" class=\"attachment-blog-medium size-blog-medium wp-post-image\" alt=\"\" \/>\t\t\t<\/a>\n\t\t\t\t\t\t\t<\/div>\n<\/li>\n\t\t\t\n\t\t\t\n\t\t\t\t\t\t\t\t<\/ul>\n\t<\/div>\n\t<div class=\"fusion-post-content post-content\"><h2 class=\"blog-shortcode-post-title entry-title\"><a href=\"https:\/\/eu-bayern.de\/bv-oberbayern\/1358-2\/\">Aus den Kreisverb\u00e4nden \u2013 heute Bad T\u00f6lz-Wolfratshausen: Europa muss lernen, auf eigenen Beinen zu stehen<\/a><\/h2><div class=\"fusion-post-content-container\"><p>Auf Einladung der Europa-Union Bad T\u00f6lz-Wolfratshausen sprach Rafa\u0142 Wolski, Generalkonsul der Republik Polen in M\u00fcnchen in einem gut gef\u00fcllten Saal des Wirtshaus Fl\u00f6\u00dferei in Wolfratshausen zum Thema \u201cQuo vadis, Europa?\u201d<\/p><\/div><\/div><div class=\"fusion-clearfix\"><\/div><div class=\"fusion-meta-info\"><div class=\"fusion-alignleft\"><span class=\"updated\" style=\"display:none;\">2025-12-06T19:50:42+01:00<\/span><span>6. Dezember, 2025<\/span><span class=\"fusion-inline-sep\">|<\/span><a href=\"https:\/\/eu-bayern.de\/bv-oberbayern\/c\/allgemein\/\" rel=\"category tag\">Allgemein<\/a><span class=\"fusion-inline-sep\">|<\/span><\/div><\/div><\/article>\n<article id=\"blog-1-post-1355\" class=\"fusion-post-medium post-1355 post type-post status-publish format-standard has-post-thumbnail hentry category-allgemein\">\n\t<style type=\"text\/css\">\n\t\t\n\t\t\n\t\t\n\t\t\n\t\t\t<\/style>\n\n\n\t\t\t<div class=\"fusion-flexslider flexslider fusion-flexslider-loading fusion-post-slideshow\" style=\"\">\n\t\t<ul class=\"slides\">\n\t\t\t\n\t\t\t\t\t\t\t\t\t\t\t\t\t\t<li><div  class=\"fusion-image-wrapper fusion-image-size-fixed\" aria-haspopup=\"true\">\n\t\t\t\t\t\t\t<a href=\"https:\/\/eu-bayern.de\/bv-oberbayern\/aus-den-kreisverbaenden-der-europa-union-oberbayern-altoetting-ruft-zu-gesellschaftlichem-miteinander-auf\/\" aria-label=\"Aus den Kreisverb\u00e4nden der Europa-Union Oberbayern: Alt\u00f6tting ruft zu gesellschaftlichem Miteinander auf.\">\n\t\t\t\t\t\t\t<img width=\"800\" height=\"965\" src=\"https:\/\/eu-bayern.de\/bv-oberbayern\/wp-content\/uploads\/sites\/15\/2025\/11\/Altoetting.jpg\" class=\"attachment-blog-medium size-blog-medium wp-post-image\" alt=\"\" \/>\t\t\t<\/a>\n\t\t\t\t\t\t\t<\/div>\n<\/li>\n\t\t\t\n\t\t\t\n\t\t\t\t\t\t\t\t<\/ul>\n\t<\/div>\n\t<div class=\"fusion-post-content post-content\"><h2 class=\"blog-shortcode-post-title entry-title\"><a href=\"https:\/\/eu-bayern.de\/bv-oberbayern\/aus-den-kreisverbaenden-der-europa-union-oberbayern-altoetting-ruft-zu-gesellschaftlichem-miteinander-auf\/\">Aus den Kreisverb\u00e4nden der Europa-Union Oberbayern: Alt\u00f6tting ruft zu gesellschaftlichem Miteinander auf.<\/a><\/h2><div class=\"fusion-post-content-container\"><p>Alt\u00f6tting. Im Rahmen eines \u201eKamingespr\u00e4chs\u201c diskutierte die Europa-Union in Alt\u00f6tting \u00fcber Fragen zu Migration und Flucht. Verena Schmidt vom BRK-Kreisverband Alt\u00f6tting gab einen \u00dcberblick \u00fcber die Entwicklung der Migration in den letzten Jahren und stellte die vielf\u00e4ltigen Leistungen des Roten Kreuzes zur Integrationsf\u00f6rderung in den Mittelpunkt.<\/p><\/div><\/div><div class=\"fusion-clearfix\"><\/div><div class=\"fusion-meta-info\"><div class=\"fusion-alignleft\"><span class=\"updated\" style=\"display:none;\">2025-11-27T10:37:03+01:00<\/span><span>27. November, 2025<\/span><span class=\"fusion-inline-sep\">|<\/span><a href=\"https:\/\/eu-bayern.de\/bv-oberbayern\/c\/allgemein\/\" rel=\"category tag\">Allgemein<\/a><span class=\"fusion-inline-sep\">|<\/span><\/div><\/div><\/article>\n<article id=\"blog-1-post-1345\" class=\"fusion-post-medium post-1345 post type-post status-publish format-standard has-post-thumbnail hentry category-allgemein\">\n\t<style type=\"text\/css\">\n\t\t\n\t\t\n\t\t\n\t\t\n\t\t\t<\/style>\n\n\n\t\t\t<div class=\"fusion-flexslider flexslider fusion-flexslider-loading fusion-post-slideshow\" style=\"\">\n\t\t<ul class=\"slides\">\n\t\t\t\n\t\t\t\t\t\t\t\t\t\t\t\t\t\t<li><div  class=\"fusion-image-wrapper fusion-image-size-fixed\" aria-haspopup=\"true\">\n\t\t\t\t\t\t\t<a href=\"https:\/\/eu-bayern.de\/bv-oberbayern\/im-zeichen-von-50-jahre-mitgliedschaft-des-landkreises-europa-union-pflanzt-libanon-zeder-auf-dem-gelaende-der-stiftung-ecksberg\/\" aria-label=\"Im Zeichen von 50 Jahre Mitgliedschaft des Landkreises: Europa-Union pflanzt Libanon-Zeder auf dem Gel\u00e4nde der Stiftung Ecksberg\">\n\t\t\t\t\t\t\t<img width=\"800\" height=\"572\" src=\"https:\/\/eu-bayern.de\/bv-oberbayern\/wp-content\/uploads\/sites\/15\/2025\/11\/01-Ecksberg-Baumpflanzung-01.jpg\" class=\"attachment-blog-medium size-blog-medium wp-post-image\" alt=\"\" \/>\t\t\t<\/a>\n\t\t\t\t\t\t\t<\/div>\n<\/li>\n\t\t\t\n\t\t\t\n\t\t\t\t\t\t\t\t<\/ul>\n\t<\/div>\n\t<div class=\"fusion-post-content post-content\"><h2 class=\"blog-shortcode-post-title entry-title\"><a href=\"https:\/\/eu-bayern.de\/bv-oberbayern\/im-zeichen-von-50-jahre-mitgliedschaft-des-landkreises-europa-union-pflanzt-libanon-zeder-auf-dem-gelaende-der-stiftung-ecksberg\/\">Im Zeichen von 50 Jahre Mitgliedschaft des Landkreises: Europa-Union pflanzt Libanon-Zeder auf dem Gel\u00e4nde der Stiftung Ecksberg<\/a><\/h2><div class=\"fusion-post-content-container\"><p>Anl\u00e4sslich eines bedeutenden Meilensteins hat die Europa-Union auf dem wundersch\u00f6nen Gel\u00e4nde der Stiftung Ecksberg einen besonderen Baum gepflanzt. Die Pflanzung einer stattlichen Libanon-Zeder symbolisiert das Engagement f\u00fcr Nachhaltigkeit und eine starke europ\u00e4ische Zukunft \u2013 und w\u00fcrdigt gleichzeitig die langj\u00e4hrige Verbundenheit mit dem Landkreis.<\/p><\/div><\/div><div class=\"fusion-clearfix\"><\/div><div class=\"fusion-meta-info\"><div class=\"fusion-alignleft\"><span class=\"updated\" style=\"display:none;\">2025-11-17T16:36:56+01:00<\/span><span>17. November, 2025<\/span><span class=\"fusion-inline-sep\">|<\/span><a href=\"https:\/\/eu-bayern.de\/bv-oberbayern\/c\/allgemein\/\" rel=\"category tag\">Allgemein<\/a><span class=\"fusion-inline-sep\">|<\/span><\/div><\/div><\/article>\n<article id=\"blog-1-post-1306\" class=\"fusion-post-medium post-1306 post type-post status-publish format-standard has-post-thumbnail hentry category-allgemein\">\n\t<style type=\"text\/css\">\n\t\t\n\t\t\n\t\t\n\t\t\n\t\t\t<\/style>\n\n\n\t\t\t<div class=\"fusion-flexslider flexslider fusion-flexslider-loading fusion-post-slideshow\" style=\"\">\n\t\t<ul class=\"slides\">\n\t\t\t\n\t\t\t\t\t\t\t\t\t\t\t\t\t\t<li><div  class=\"fusion-image-wrapper fusion-image-size-fixed\" aria-haspopup=\"true\">\n\t\t\t\t\t\t\t<a href=\"https:\/\/eu-bayern.de\/bv-oberbayern\/4-europaeisches-forum-im-haberkasten-voller-erfolg-fuer-den-kreisverband-der-europa-union-muehldorf\/\" aria-label=\"4. Europ\u00e4isches Forum im Haberkasten \u2013 Voller Erfolg f\u00fcr den Kreisverband M\u00fchldorf der Europa-Union\">\n\t\t\t\t\t\t\t<img width=\"800\" height=\"534\" src=\"https:\/\/eu-bayern.de\/bv-oberbayern\/wp-content\/uploads\/sites\/15\/2025\/10\/Gesamtpodium.jpg\" class=\"attachment-blog-medium size-blog-medium wp-post-image\" alt=\"\" \/>\t\t\t<\/a>\n\t\t\t\t\t\t\t<\/div>\n<\/li>\n\t\t\t\n\t\t\t\n\t\t\t\t\t\t\t\t<\/ul>\n\t<\/div>\n\t<div class=\"fusion-post-content post-content\"><h2 class=\"blog-shortcode-post-title entry-title\"><a href=\"https:\/\/eu-bayern.de\/bv-oberbayern\/4-europaeisches-forum-im-haberkasten-voller-erfolg-fuer-den-kreisverband-der-europa-union-muehldorf\/\">4. Europ\u00e4isches Forum im Haberkasten \u2013 Voller Erfolg f\u00fcr den Kreisverband M\u00fchldorf der Europa-Union<\/a><\/h2><div class=\"fusion-post-content-container\"><p>Volles Haus beim Haberkasten-Forum der M\u00fchldorfer Europa-Union. 130 G\u00e4ste waren der Einladung zur vierten Auflage gefolgt. Im Mittelpunkt stand das leidenschaftlich diskutierte Thema \u201eErziehen ohne Kompass? \u2013 Fehlt uns ein Wertefundament?\u201c<\/p><\/div><\/div><div class=\"fusion-clearfix\"><\/div><div class=\"fusion-meta-info\"><div class=\"fusion-alignleft\"><span class=\"updated\" style=\"display:none;\">2025-10-11T11:43:44+02:00<\/span><span>11. Oktober, 2025<\/span><span class=\"fusion-inline-sep\">|<\/span><a href=\"https:\/\/eu-bayern.de\/bv-oberbayern\/c\/allgemein\/\" rel=\"category tag\">Allgemein<\/a><span class=\"fusion-inline-sep\">|<\/span><\/div><\/div><\/article>\n<\/div><\/div><div class=\"fusion-clearfix\"><\/div><\/div><\/div><\/div><div class=\"fusion-alignright\"><style>.fusion-button.button-1{border-radius:0px 0px 0px 0px;}<\/style><a class=\"fusion-button button-flat fusion-button-default-size button-default button-1 fusion-button-default-span fusion-button-default-type CLASXXX\" target=\"_self\" href=\"https:\/\/eu-bayern.de\/bv-oberbayern\/aktuelles\/\"><span class=\"fusion-button-text\">Themenarchiv anzeigen<\/span><\/a><\/div><\/div><div class=\"fusion-clearfix\"><\/div><\/div><\/div><\/div><\/div><\/p>\n","protected":false},"excerpt":{"rendered":"","protected":false},"author":1,"featured_media":0,"parent":0,"menu_order":0,"comment_status":"closed","ping_status":"closed","template":"","meta":[],"acf":[],"_links":{"self":[{"href":"https:\/\/eu-bayern.de\/bv-oberbayern\/wp-json\/wp\/v2\/pages\/2"}],"collection":[{"href":"https:\/\/eu-bayern.de\/bv-oberbayern\/wp-json\/wp\/v2\/pages"}],"about":[{"href":"https:\/\/eu-bayern.de\/bv-oberbayern\/wp-json\/wp\/v2\/types\/page"}],"author":[{"embeddable":true,"href":"https:\/\/eu-bayern.de\/bv-oberbayern\/wp-json\/wp\/v2\/users\/1"}],"replies":[{"embeddable":true,"href":"https:\/\/eu-bayern.de\/bv-oberbayern\/wp-json\/wp\/v2\/comments?post=2"}],"version-history":[{"count":2,"href":"https:\/\/eu-bayern.de\/bv-oberbayern\/wp-json\/wp\/v2\/pages\/2\/revisions"}],"predecessor-version":[{"id":952,"href":"https:\/\/eu-bayern.de\/bv-oberbayern\/wp-json\/wp\/v2\/pages\/2\/revisions\/952"}],"wp:attachment":[{"href":"https:\/\/eu-bayern.de\/bv-oberbayern\/wp-json\/wp\/v2\/media?parent=2"}],"curies":[{"name":"wp","href":"https:\/\/api.w.org\/{rel}","templated":true}]}}