{"id":666,"date":"2018-04-01T17:54:45","date_gmt":"2018-04-01T15:54:45","guid":{"rendered":"https:\/\/eu-bayern.de\/bv-muenchen\/?page_id=666"},"modified":"2021-01-31T22:25:14","modified_gmt":"2021-01-31T21:25:14","slug":"links","status":"publish","type":"page","link":"https:\/\/eu-bayern.de\/bv-muenchen\/links\/","title":{"rendered":"Links"},"content":{"rendered":"<div class=\"fusion-fullwidth fullwidth-box fusion-builder-row-1 nonhundred-percent-fullwidth non-hundred-percent-height-scrolling\" style=\"background-color: rgba(255,255,255,0);background-position: center center;background-repeat: no-repeat;padding-top:0px;padding-right:0px;padding-bottom:0px;padding-left:0px;margin-bottom: 0px;margin-top: 0px;border-width: 0px 0px 0px 0px;border-color:#eae9e9;border-style:solid;\" ><div class=\"fusion-builder-row fusion-row\"><div class=\"fusion-layout-column fusion_builder_column fusion-builder-column-0 fusion_builder_column_1_1 1_1 fusion-one-full fusion-column-first fusion-column-last\" style=\"margin-top:0px;margin-bottom:20px;\"><div class=\"fusion-column-wrapper fusion-flex-column-wrapper-legacy\" style=\"background-position:left top;background-repeat:no-repeat;-webkit-background-size:cover;-moz-background-size:cover;-o-background-size:cover;background-size:cover;padding: 0px 0px 0px 0px;\"><div class=\"fusion-text fusion-text-1\"><p class=\"tinymce_own01\">Links<\/p>\n<p>Die hier dargestellten Links bilden eine Auswahl zu Internet Seiten von anderen europ\u00e4ischen Gruppen, Verb\u00e4nden, Landes-, Bundes- und Europaorganen. Die Sites wurden sorgf\u00e4ltig ausgew\u00e4hlt, die Europa-Union M\u00fcnchen kann keine Gew\u00e4hr f\u00fcr nachtr\u00e4glich \u00c4nderungen der ausgesuchten Sites \u00fcbernehmen.<\/p>\n<p class=\"tinymce_own04\">Europa-Union (Gliederungs- und Jugendverb\u00e4nde), Europ\u00e4ische Bewegung<\/p>\n<p><a href=\"http:\/\/www.eu-bayern.de\/\" target=\"_blank\" rel=\"noopener\">Europa-Union Bayern<\/a><br \/><a href=\"http:\/\/www.europa-union.de\/\" target=\"_blank\" rel=\"noopener\">Europa-Union Deutschland<\/a><br \/><a href=\"http:\/\/www.jef.de\/\" target=\"_blank\" rel=\"noopener\">Junge Europ\u00e4ische F\u00f6deralisten Deutschland<\/a><br \/><a href=\"https:\/\/www.facebook.com\/JEFMuenchen\" target=\"_blank\" rel=\"noopener\">Junge Europ\u00e4ische F\u00f6deralisten M\u00fcnchen<\/a><\/p>\n<p class=\"tinymce_own04\">Landes-, Bundes- und Europabeh\u00f6rden<\/p>\n<p><a href=\"https:\/\/europa.eu\/european-union\/index_de\" target=\"_blank\" rel=\"noopener\">Offizielle Homepage der Europ\u00e4ischen Union<\/a><br \/><a href=\"http:\/\/www.eu-kommission.de\/\" target=\"_blank\" rel=\"noopener\">Vertretung der Europ\u00e4ischen Kommission in Deutschland<\/a><br \/><a href=\"https:\/\/www.europarl.europa.eu\/\" target=\"_blank\" rel=\"noopener\">Europ\u00e4isches Parlament<\/a><br \/><a href=\"https:\/\/www.bayern.de\/politik\/bund-und-europa\" target=\"_blank\" rel=\"noopener\">Bayerische Staatsregierung\/Europaministerium<\/a><br \/><a href=\"http:\/\/www.bundesregierung.de\/\" target=\"_blank\" rel=\"noopener\">Bundesregierung<\/a><\/p>\n<p class=\"tinymce_own04\">Andere europ\u00e4ische Links<\/p>\n<p><a href=\"http:\/\/www.europaeische-akademie.de\/\" target=\"_blank\" rel=\"noopener\">Europ\u00e4ische Akademie Bayern<br \/><\/a><a href=\"https:\/\/pulseofeurope.eu\/de\/poe-staedte\/deutschland\/muenchen\/\" target=\"_blank\" rel=\"noopener\">Pulse of Europe<br \/><\/a><a href=\"https:\/\/www.standupforeurope.eu\/\" target=\"_blank\" rel=\"noopener\">Stand Up For Europe<\/a>,\u00a0<a href=\"https:\/\/www.facebook.com\/StandUpMunich\/\" target=\"_blank\" rel=\"noopener\">Facebook-Seite M\u00fcnchen<br \/><\/a><a href=\"https:\/\/www.facebook.com\/EnMarcheMunich\/\" target=\"_blank\" rel=\"noopener\">En Marche!<br \/><\/a><a href=\"http:\/\/www.go-europe.eu\/\" target=\"_blank\" rel=\"noopener\">Go Europe!<br \/><\/a><a href=\"https:\/\/proeuropa-netzwerk.de\" target=\"_blank\" rel=\"noopener\">Engagieren f\u00fcr Europa<br \/><\/a><a href=\"http:\/\/www.democraticunion.eu\/\" target=\"_blank\" rel=\"noopener\">Project for Democratic Union<br \/><\/a><a href=\"https:\/\/pej-deutschland.eu\/\" target=\"_blank\" rel=\"noopener\">Paneuropa-Jugend<br \/><\/a><a href=\"http:\/\/www.aegee-muenchen.de\" target=\"_blank\" rel=\"noopener\">European Students\u2019 Forum<\/a><\/p>\n<p class=\"tinymce_own04\">Europaseite der Stadt M\u00fcnchen<\/p>\n<p><a href=\"http:\/\/www.muenchen.de\/rathaus\/Stadtverwaltung\/Referat-fuer-Arbeit-und-Wirtschaft\/Europa.html\" target=\"_blank\" rel=\"noopener\">Muenchen.de \/\/ Europa.html<\/a><\/p>\n<\/div><div class=\"fusion-clearfix\"><\/div><\/div><\/div><\/div><\/div>\n","protected":false},"excerpt":{"rendered":"","protected":false},"author":1,"featured_media":0,"parent":0,"menu_order":0,"comment_status":"closed","ping_status":"closed","template":"","meta":[],"acf":[],"_links":{"self":[{"href":"https:\/\/eu-bayern.de\/bv-muenchen\/wp-json\/wp\/v2\/pages\/666"}],"collection":[{"href":"https:\/\/eu-bayern.de\/bv-muenchen\/wp-json\/wp\/v2\/pages"}],"about":[{"href":"https:\/\/eu-bayern.de\/bv-muenchen\/wp-json\/wp\/v2\/types\/page"}],"author":[{"embeddable":true,"href":"https:\/\/eu-bayern.de\/bv-muenchen\/wp-json\/wp\/v2\/users\/1"}],"replies":[{"embeddable":true,"href":"https:\/\/eu-bayern.de\/bv-muenchen\/wp-json\/wp\/v2\/comments?post=666"}],"version-history":[{"count":2,"href":"https:\/\/eu-bayern.de\/bv-muenchen\/wp-json\/wp\/v2\/pages\/666\/revisions"}],"predecessor-version":[{"id":1393,"href":"https:\/\/eu-bayern.de\/bv-muenchen\/wp-json\/wp\/v2\/pages\/666\/revisions\/1393"}],"wp:attachment":[{"href":"https:\/\/eu-bayern.de\/bv-muenchen\/wp-json\/wp\/v2\/media?parent=666"}],"curies":[{"name":"wp","href":"https:\/\/api.w.org\/{rel}","templated":true}]}}