{"id":336,"date":"2018-04-01T12:07:34","date_gmt":"2018-04-01T10:07:34","guid":{"rendered":"https:\/\/eu-bayern.de\/bv-muenchen\/?page_id=336"},"modified":"2022-07-23T22:16:40","modified_gmt":"2022-07-23T20:16:40","slug":"ziele","status":"publish","type":"page","link":"https:\/\/eu-bayern.de\/bv-muenchen\/ziele\/","title":{"rendered":"Ziele"},"content":{"rendered":"<div class=\"fusion-fullwidth fullwidth-box fusion-builder-row-1 nonhundred-percent-fullwidth non-hundred-percent-height-scrolling fusion-equal-height-columns\" style=\"background-color: rgba(142,142,142,0);background-position: center center;background-repeat: no-repeat;padding-top:0px;padding-right:0px;padding-bottom:0px;padding-left:0px;margin-bottom: 0px;margin-top: 0px;border-width: 0px 0px 0px 0px;border-color:#eae9e9;border-style:solid;\" ><div class=\"fusion-builder-row fusion-row\"><div class=\"fusion-layout-column fusion_builder_column fusion-builder-column-0 fusion_builder_column_4_5 4_5 fusion-four-fifth fusion-column-first\" style=\"width:80%;width:calc(80% - ( ( 4% ) * 0.8 ) );margin-right: 4%;margin-top:0px;margin-bottom:20px;\"><div class=\"fusion-column-wrapper fusion-flex-column-wrapper-legacy\" style=\"background-position:left top;background-repeat:no-repeat;-webkit-background-size:cover;-moz-background-size:cover;-o-background-size:cover;background-size:cover;padding: 0px 0px 0px 0px;\"><div class=\"fusion-text fusion-text-1\"><p class=\"tinymce_own01\">Die Ziele der Europa-Union M\u00fcnchen e.V.<\/p>\n<p>Die Europa-Union M\u00fcnchen e.V. tritt ein f\u00fcr die f\u00f6derative und demokratische Vereinigung Europas. Ihr Ziel ist es, Interessenten aus allen demokratischen Parteien und gesellschaftlichen Gruppen sowie Einzelmitglieder zu gewinnen. Im Vordergrund steht dabei ein breiter, partei\u00fcbergreifender und konfessionell nicht gebundener Konsens.<\/p>\n<p>Sie setzt sich f\u00fcr ein f\u00f6deral organisiertes Europa ein, in dem die Eigenarten und die kulturelle Vielfalt der Mitgliedsl\u00e4nder bestehen bleiben. Inhalte, die die Mitgliedsl\u00e4nder nicht mehr allein regeln k\u00f6nnen, wie zum Beispiel die Sicherheit oder der Umwelt- und Klimaschutz, sollen auf der europ\u00e4ischen Ebene in nachvollziehbar und in transparenter Form behandelt, diskutiert und beschlossen werden. Dies erh\u00f6ht die Geschlossenheit und die Durchsetzungskraft von Interessen der Europ\u00e4erinnen und Europ\u00e4er in einer globalisierten Welt.<\/p>\n<p class=\"tinymce_own04\">Die Europa-Union M\u00fcnchen setzt sich deshalb ein:<\/p>\n<ul>\n<li><span style=\"text-decoration: underline\">f<\/span><u>\u00fcr ein Europa der Menschen<\/u>, b\u00fcrgernah und mit transparenten, nachvollziehbaren Entscheidungen.<\/li>\n<li><u>f\u00fcr Europas Einheit in Vielfalt<\/u>, auch als Merkmal der Europ\u00e4ischen Identit\u00e4t.<\/li>\n<li><u>f\u00fcr ein starkes Europ\u00e4isches Parlament<\/u>, das als einzig demokratisch legitimiertes Vertretungsorgan gleichberechtigt an der Gesetzgebung beteiligt sein muss.<\/li>\n<li><u>f\u00fcr eine f\u00f6derale Verfassung<\/u> mitsamt der Verankerung von Menschen- und Grundrechten.<\/li>\n<li><u>f\u00fcr eine innere Reform der Europ\u00e4ischen Union<\/u>, in der die Arbeit der Institutionen effizient und nachvollziehbar erfolgt.<\/li>\n<li><u>f\u00fcr eine wirkliche Politische Union Europas<\/u> mit der Schaffung einer Unionsb\u00fcrgerschaft sowie einer in allen Staaten g\u00fcltigen gemeinsamen W\u00e4hrung.<\/li>\n<\/ul>\n<p>&nbsp;<\/p>\n<\/div><div class=\"fusion-clearfix\"><\/div><\/div><\/div><\/div><\/div>\n","protected":false},"excerpt":{"rendered":"","protected":false},"author":2,"featured_media":0,"parent":0,"menu_order":0,"comment_status":"closed","ping_status":"closed","template":"","meta":[],"acf":[],"_links":{"self":[{"href":"https:\/\/eu-bayern.de\/bv-muenchen\/wp-json\/wp\/v2\/pages\/336"}],"collection":[{"href":"https:\/\/eu-bayern.de\/bv-muenchen\/wp-json\/wp\/v2\/pages"}],"about":[{"href":"https:\/\/eu-bayern.de\/bv-muenchen\/wp-json\/wp\/v2\/types\/page"}],"author":[{"embeddable":true,"href":"https:\/\/eu-bayern.de\/bv-muenchen\/wp-json\/wp\/v2\/users\/2"}],"replies":[{"embeddable":true,"href":"https:\/\/eu-bayern.de\/bv-muenchen\/wp-json\/wp\/v2\/comments?post=336"}],"version-history":[{"count":3,"href":"https:\/\/eu-bayern.de\/bv-muenchen\/wp-json\/wp\/v2\/pages\/336\/revisions"}],"predecessor-version":[{"id":1751,"href":"https:\/\/eu-bayern.de\/bv-muenchen\/wp-json\/wp\/v2\/pages\/336\/revisions\/1751"}],"wp:attachment":[{"href":"https:\/\/eu-bayern.de\/bv-muenchen\/wp-json\/wp\/v2\/media?parent=336"}],"curies":[{"name":"wp","href":"https:\/\/api.w.org\/{rel}","templated":true}]}}