{"id":325,"date":"2018-04-01T12:05:28","date_gmt":"2018-04-01T10:05:28","guid":{"rendered":"https:\/\/eu-bayern.de\/bv-muenchen\/?page_id=325"},"modified":"2022-07-23T22:07:01","modified_gmt":"2022-07-23T20:07:01","slug":"ueber-uns","status":"publish","type":"page","link":"https:\/\/eu-bayern.de\/bv-muenchen\/ueber-uns\/","title":{"rendered":"\u00dcber uns"},"content":{"rendered":"<p><div class=\"fusion-fullwidth fullwidth-box fusion-builder-row-1 nonhundred-percent-fullwidth non-hundred-percent-height-scrolling\" style=\"background-color: rgba(255,255,255,0);background-position: center center;background-repeat: no-repeat;padding-top:0px;padding-right:0px;padding-bottom:0px;padding-left:0px;margin-bottom: 0px;margin-top: 0px;border-width: 0px 0px 0px 0px;border-color:#eae9e9;border-style:solid;\" ><div class=\"fusion-builder-row fusion-row\"><div class=\"fusion-layout-column fusion_builder_column fusion-builder-column-0 fusion_builder_column_1_2 1_2 fusion-one-half fusion-column-first\" style=\"width:50%;width:calc(50% - ( ( 4% ) * 0.5 ) );margin-right: 4%;margin-top:0px;margin-bottom:20px;\"><div class=\"fusion-column-wrapper fusion-flex-column-wrapper-legacy\" style=\"background-position:left top;background-repeat:no-repeat;-webkit-background-size:cover;-moz-background-size:cover;-o-background-size:cover;background-size:cover;padding: 0px 0px 0px 0px;\"><div class=\"fusion-text fusion-text-1\"><p class=\"tinymce_own01\">Die Europa-Union M\u00fcnchen e.V. \u2013 Aktiv f\u00fcr Europa<\/p>\n<p>Die Europa-Union M\u00fcnchen vereint Menschen, die sich der Wichtigkeit der Europ\u00e4ischen Union f\u00fcr ein Leben in Freiheit und Frieden bewusst sind.<br \/>\nWir tauschen uns untereinander aus und f\u00fchren zahlreiche Aktionen in der Stadt M\u00fcnchen und Umgebung durch.<\/p>\n<p>Uns ist wichtig, dass die Treffen und gemeinsame Entscheidungen von einem breiten, partei\u00fcbergreifenden und \u00fcberkonfessionellen Konsens getragen werden. Dies er\u00f6ffnet die Chance, alle gesellschaftlichen Gruppierungen zu vereinen und eine breite \u00d6ffentlichkeit zu erreichen.<\/p>\n<p>Die Europa-Union M\u00fcnchen ist ein Bezirksverband der Europa-Union Bayern und damit eine Untergliederung der Europa-Union Deutschland mit Sitz in Berlin. Die Europa-Union und ihr Jugendverband, die Jungen Europ\u00e4ischen F\u00f6deralisten, sind Teil der europaweiten Union Europ\u00e4ischer F\u00f6deralisten (UEF) und der Europ\u00e4ischen Bewegung.<\/p>\n<\/div><div class=\"fusion-clearfix\"><\/div><\/div><\/div><div class=\"fusion-layout-column fusion_builder_column fusion-builder-column-1 fusion_builder_column_1_2 1_2 fusion-one-half fusion-column-last\" style=\"width:50%;width:calc(50% - ( ( 4% ) * 0.5 ) );margin-top:0px;margin-bottom:20px;\"><div class=\"fusion-column-wrapper fusion-flex-column-wrapper-legacy\" style=\"background-position:left top;background-repeat:no-repeat;-webkit-background-size:cover;-moz-background-size:cover;-o-background-size:cover;background-size:cover;padding: 0px 0px 0px 0px;\"><span class=\" fusion-imageframe imageframe-none imageframe-1 hover-type-none\"><img width=\"800\" height=\"533\" title=\"Neues Rathaus\" src=\"https:\/\/eu-bayern.de\/bv-muenchen\/wp-content\/uploads\/sites\/12\/2020\/01\/rathaus_CR_Nagy_-Presseamt-M\u00fcnchen.jpg\" alt class=\"img-responsive wp-image-978\"\/><\/span><div class=\"fusion-clearfix\"><\/div><\/div><\/div><\/div><\/div><div class=\"fusion-fullwidth fullwidth-box fusion-builder-row-2 nonhundred-percent-fullwidth non-hundred-percent-height-scrolling\" style=\"background-color: rgba(255,255,255,0);background-position: center center;background-repeat: no-repeat;padding-top:0px;padding-right:0px;padding-bottom:0px;padding-left:0px;margin-bottom: 0px;margin-top: 0px;border-width: 0px 0px 0px 0px;border-color:#eae9e9;border-style:solid;\" ><div class=\"fusion-builder-row fusion-row\"><div class=\"fusion-layout-column fusion_builder_column fusion-builder-column-2 fusion_builder_column_1_1 1_1 fusion-one-full fusion-column-first fusion-column-last\" style=\"margin-top:0px;margin-bottom:20px;\"><div class=\"fusion-column-wrapper fusion-flex-column-wrapper-legacy\" style=\"background-position:left top;background-repeat:no-repeat;-webkit-background-size:cover;-moz-background-size:cover;-o-background-size:cover;background-size:cover;padding: 0px 0px 0px 0px;\"><div class=\"fusion-text fusion-text-2\"><p class=\"tinymce_own04\">Wir setzen uns ein f\u00fcr:<\/p>\n<ul>\n<li>ein geeinigtes, freiheitliches demokratisches Europa<\/li>\n<li>ein Europa der B\u00fcrgerinnen und B\u00fcrger<\/li>\n<li>ein Europa, das seine kulturelle Vielfalt wahrt und f\u00f6rdert.<\/li>\n<\/ul>\n<p class=\"tinymce_own04\">Wir behandeln Europathemen:<\/p>\n<ul>\n<li>auf unseren regelm\u00e4\u00dfigen Veranstaltungen<\/li>\n<li>an unseren Informationsst\u00e4nden und auf Diskussionsforum, z.B. im Rahmen des M\u00fcnchner Europa-Mai<\/li>\n<li>auf Reisen zu den Zentren der Europapolitik in Stra\u00dfburg, Br\u00fcssel und Luxemburg und in unsere Nachbarl\u00e4nder.<\/li>\n<\/ul>\n<p class=\"tinymce_own04\">Wir arbeiten zusammen:<\/p>\n<ul>\n<li>mit unserer Jugendorganisation, den Jungen Europ\u00e4ischen F\u00f6deralisten<\/li>\n<li>dem Bayerischen Landtag<\/li>\n<li>der Landeshauptstadt M\u00fcnchen<\/li>\n<li>den Vertretungen des Euop\u00e4ischen Parlaments und der Europ\u00e4ischen Kommission in M\u00fcnchen<\/li>\n<li>der Europ\u00e4ischen Bewegung Bayern<\/li>\n<li>der Europ\u00e4ischen Akademie Bayern<\/li>\n<li>dem Pro-Europa-Netzwerk M\u00fcnchen &amp; Oberbayern<\/li>\n<li>der Akademie f\u00fcr Politische Bildung<\/li>\n<li>der S\u00fcdosteuropa-Gesellschaft.<\/li>\n<\/ul>\n<\/div><div class=\"fusion-clearfix\"><\/div><\/div><\/div><\/div><\/div><div class=\"fusion-fullwidth fullwidth-box fusion-builder-row-3 nonhundred-percent-fullwidth non-hundred-percent-height-scrolling\" style=\"background-color: #f5f5f5;background-position: center center;background-repeat: no-repeat;padding-top:20px;padding-right:20px;padding-bottom:0px;padding-left:20px;margin-bottom: 0px;margin-top: 0px;border-width: 0px 0px 0px 0px;border-color:#eae9e9;border-style:solid;\" ><div class=\"fusion-builder-row fusion-row\"><div class=\"fusion-layout-column fusion_builder_column fusion-builder-column-3 fusion_builder_column_1_1 1_1 fusion-one-full fusion-column-first fusion-column-last\" style=\"margin-top:0px;margin-bottom:20px;\"><div class=\"fusion-column-wrapper fusion-flex-column-wrapper-legacy\" style=\"background-position:left top;background-repeat:no-repeat;-webkit-background-size:cover;-moz-background-size:cover;-o-background-size:cover;background-size:cover;padding: 0px 0px 0px 0px;\"><style type='text\/css'>.reading-box-container-1 .element-bottomshadow:before,.reading-box-container-1 .element-bottomshadow:after{opacity:0.7;}<\/style><div class=\"fusion-reading-box-container reading-box-container-1\" style=\"margin-top:0px;margin-bottom:0px;\"><div class=\"reading-box\" style=\"background-color:#f6f6f6;border-width:0px;border-color:#f6f6f6;border-top-width:3px;border-top-color:var(--primary_color);border-style:solid;\"><h2>Ziele und Standpunkte<\/h2><div class=\"reading-box-additional fusion-reading-box-additional\">\n<p><strong>Die Europa-Union tritt ein f\u00fcr die f\u00f6derative und demokratische Vereinigung Europas.\u00a0 Ihr Ziel ist es, Mitstreiter aus allen demokratischen Parteien und gesellschaftlichen Gruppen wie auch einzelne Mitglieder zu gewinnen.<\/strong><\/p>\n<\/div><div class=\"fusion-clearfix\"><\/div><\/div><\/div><div class=\"fusion-alignright\"><style>.fusion-button.button-1{border-radius:0px 0px 0px 0px;}<\/style><a class=\"fusion-button button-flat fusion-button-default-size button-default button-1 fusion-button-default-span fusion-button-default-type\" target=\"_self\" href=\"https:\/\/eu-bayern.de\/bv-muenchen\/standpunkte\/\"><span class=\"fusion-button-text\">Unsere Standpunkte<\/span><\/a><\/div><div class=\"fusion-alignright\"><style>.fusion-button.button-2{border-radius:0px 0px 0px 0px;}<\/style><a class=\"fusion-button button-flat fusion-button-default-size button-default button-2 fusion-button-default-span fusion-button-default-type\" target=\"_self\" href=\"https:\/\/eu-bayern.de\/bv-muenchen\/ziele\/\"><span class=\"fusion-button-text\">Unsere Ziele<\/span><\/a><\/div><div class=\"fusion-clearfix\"><\/div><\/div><\/div><\/div><\/div><\/p>\n","protected":false},"excerpt":{"rendered":"","protected":false},"author":2,"featured_media":0,"parent":0,"menu_order":0,"comment_status":"closed","ping_status":"closed","template":"","meta":[],"acf":[],"_links":{"self":[{"href":"https:\/\/eu-bayern.de\/bv-muenchen\/wp-json\/wp\/v2\/pages\/325"}],"collection":[{"href":"https:\/\/eu-bayern.de\/bv-muenchen\/wp-json\/wp\/v2\/pages"}],"about":[{"href":"https:\/\/eu-bayern.de\/bv-muenchen\/wp-json\/wp\/v2\/types\/page"}],"author":[{"embeddable":true,"href":"https:\/\/eu-bayern.de\/bv-muenchen\/wp-json\/wp\/v2\/users\/2"}],"replies":[{"embeddable":true,"href":"https:\/\/eu-bayern.de\/bv-muenchen\/wp-json\/wp\/v2\/comments?post=325"}],"version-history":[{"count":1,"href":"https:\/\/eu-bayern.de\/bv-muenchen\/wp-json\/wp\/v2\/pages\/325\/revisions"}],"predecessor-version":[{"id":1749,"href":"https:\/\/eu-bayern.de\/bv-muenchen\/wp-json\/wp\/v2\/pages\/325\/revisions\/1749"}],"wp:attachment":[{"href":"https:\/\/eu-bayern.de\/bv-muenchen\/wp-json\/wp\/v2\/media?parent=325"}],"curies":[{"name":"wp","href":"https:\/\/api.w.org\/{rel}","templated":true}]}}