{"id":16,"date":"2017-12-09T12:09:42","date_gmt":"2017-12-09T11:09:42","guid":{"rendered":"https:\/\/eu-bayern.de\/tpl1\/?page_id=16"},"modified":"2018-04-02T13:19:58","modified_gmt":"2018-04-02T11:19:58","slug":"termine","status":"publish","type":"page","link":"https:\/\/eu-bayern.de\/bv-muenchen\/termine\/","title":{"rendered":"Termine"},"content":{"rendered":"<div class=\"fusion-fullwidth fullwidth-box fusion-builder-row-1 nonhundred-percent-fullwidth non-hundred-percent-height-scrolling\" style=\"background-color: rgba(255,255,255,0);background-position: center center;background-repeat: no-repeat;padding-top:0px;padding-right:0px;padding-bottom:0px;padding-left:0px;margin-bottom: 0px;margin-top: 0px;border-width: 0px 0px 0px 0px;border-color:#eae9e9;border-style:solid;\" ><div class=\"fusion-builder-row fusion-row\"><div class=\"fusion-layout-column fusion_builder_column fusion-builder-column-0 fusion_builder_column_1_1 1_1 fusion-one-full fusion-column-first fusion-column-last\" style=\"margin-top:0px;margin-bottom:20px;\"><div class=\"fusion-column-wrapper fusion-flex-column-wrapper-legacy\" style=\"background-position:left top;background-repeat:no-repeat;-webkit-background-size:cover;-moz-background-size:cover;-o-background-size:cover;background-size:cover;padding: 0px 0px 0px 0px;\"><div class=\"fusion-text fusion-text-1\"><p class=\"tinymce_own01\">Anstehende Termine<\/p>\n<\/div><div class=\"fusion-builder-row fusion-builder-row-inner fusion-row\"><div class=\"fusion-layout-column fusion_builder_column_inner fusion-builder-nested-column-0 fusion_builder_column_inner_1_3 1_3 fusion-one-third fusion-column-first\" style=\"width:30.6666%; margin-right: 4%;margin-top:0px;margin-bottom:20px;\"><div class=\"fusion-column-wrapper fusion-flex-column-wrapper-legacy\" style=\"background-position:left top;background-repeat:no-repeat;-webkit-background-size:cover;-moz-background-size:cover;-o-background-size:cover;background-size:cover;padding: 0px 0px 0px 0px;\"><style type=\"text\/css\"><\/style><div class=\"fusion-title title fusion-title-1 fusion-title-text fusion-title-size-two txti\" style=\"margin-top:0px;margin-right:0px;margin-bottom:31px;margin-left:0px;\"><h2 class=\"title-heading-left fusion-responsive-typography-calculated\" style=\"margin:0;--fontSize:16;--minFontSize:16px;line-height:1.6;\">May 2026<\/h2><span class=\"awb-title-spacer\"><\/span><div class=\"title-sep-container\"><div class=\"title-sep sep-double sep-solid\" style=\"border-color:#e0dede;\"><\/div><\/div><\/div><div class=\"fusion-clearfix\"><\/div><\/div><\/div><div class=\"fusion-layout-column fusion_builder_column_inner fusion-builder-nested-column-1 fusion_builder_column_inner_2_3 2_3 fusion-two-third fusion-column-last\" style=\"width:65.3333%;margin-top:0px;margin-bottom:20px;\"><div class=\"fusion-column-wrapper fusion-flex-column-wrapper-legacy\" style=\"background-position:left top;background-repeat:no-repeat;-webkit-background-size:cover;-moz-background-size:cover;-o-background-size:cover;background-size:cover;padding: 0px 0px 0px 0px;\"><div class=\"box3\"><div class=\"box4\">10<\/div><style type=\"text\/css\">.fusion-accordian  #accordion-16-1 .panel-title a .fa-fusion-box{ color: #ffffff;}.fusion-accordian  #accordion-16-1 .panel-title a .fa-fusion-box:before{ font-size: 14px; width: 14px;}.fusion-accordian  #accordion-16-1 .panel-title a{font-size:13px;}.fusion-accordian  #accordion-16-1 .fa-fusion-box { background-color: #2a973e;border-color: #2a973e;}.fusion-accordian  #accordion-16-1 .panel-title a:hover, #accordion-16-1 .fusion-toggle-boxed-mode:hover .panel-title a { color: #2a973e;}.fusion-accordian  #accordion-16-1 .panel-title .active .fa-fusion-box,.fusion-accordian  #accordion-16-1 .panel-title a:hover .fa-fusion-box { background-color: #2a973e!important;border-color: #2a973e!important;}<\/style><div class=\"accordian fusion-accordian box6\"><div class=\"panel-group\" id=\"accordion-16-1\"><div class=\"fusion-panel panel-default fusion-toggle-no-divider\"><div class=\"panel-heading\"><h4 class=\"panel-title toggle\"><a aria-expanded=\"false\" aria-controls=\"240f80586ecf84469\" role=\"button\" data-toggle=\"collapse\" data-parent=\"#accordion-16-1\" data-target=\"#240f80586ecf84469\" href=\"#240f80586ecf84469\"><span class=\"fusion-toggle-icon-wrapper\" aria-hidden=\"true\"><i class=\"fa-fusion-box\" aria-hidden=\"true\"><\/i><\/span><span class=\"fusion-toggle-heading\">Europa-Mai: Europa-Union M\u00fcnchen &amp; JEF u.a. mit Gondel\/Riesenrad &amp; Pavillon im Werksviertel dabei!<\/span><\/a><\/h4><\/div><div id=\"240f80586ecf84469\" class=\"panel-collapse collapse \"><div class=\"panel-body toggle-content fusion-clearfix\"><span class=\"fs18 c_999\">10. May 2026, 13:00-18:00<\/span><br><span class=\"fw700\"><\/span> <span><\/span><br><span class=\"blocki mt10 txti\">Im Europa-Mai setzt die Stadt M\u00fcnchen gemeinsam mit ihren Kooperationspartnern, darunter die Europa-Union M\u00fcnchen ein Zeichen f\u00fcr Europa!\nBitte schon jetzt den 10. Mai festhalten, um eine Runde im Europa*Rad (Umadum) im Werksviertel zu drehen und sich dabei \u00fcber Europa mit uns auszutauschen. Weitere Infos unter: \u00a0https:\/\/europa-mai.de\/mitmachen\/\n<\/span><br><a class=\"blocki w100 txtr\" href=\"https:\/\/eu-bayern.de\/bv-muenchen\/terminarchiv\/europa-mai-europa-union-munchen-ist-mit-dabei\/\">Details<\/a><\/div><\/div><\/div><\/div><\/div><\/div><div class=\"fusion-sep-clear\"><\/div><div class=\"fusion-separator fusion-full-width-sep fusion-clearfix\" style=\"float:left;margin-top:5px;margin-bottom:5px;width:100%;\"><div class=\"fusion-separator-border sep-single sep-dashed\" style=\"border-color:#ccc;border-top-width:1px;\"><\/div><\/div><div class=\"fusion-sep-clear\"><\/div><div class=\"box3\"><div class=\"box4\">30<\/div><style type=\"text\/css\">.fusion-accordian  #accordion-16-2 .panel-title a .fa-fusion-box{ color: #ffffff;}.fusion-accordian  #accordion-16-2 .panel-title a .fa-fusion-box:before{ font-size: 14px; width: 14px;}.fusion-accordian  #accordion-16-2 .panel-title a{font-size:13px;}.fusion-accordian  #accordion-16-2 .fa-fusion-box { background-color: #2a973e;border-color: #2a973e;}.fusion-accordian  #accordion-16-2 .panel-title a:hover, #accordion-16-2 .fusion-toggle-boxed-mode:hover .panel-title a { color: #2a973e;}.fusion-accordian  #accordion-16-2 .panel-title .active .fa-fusion-box,.fusion-accordian  #accordion-16-2 .panel-title a:hover .fa-fusion-box { background-color: #2a973e!important;border-color: #2a973e!important;}<\/style><div class=\"accordian fusion-accordian box6\"><div class=\"panel-group\" id=\"accordion-16-2\"><div class=\"fusion-panel panel-default fusion-toggle-no-divider\"><div class=\"panel-heading\"><h4 class=\"panel-title toggle\"><a aria-expanded=\"false\" aria-controls=\"41f1617ce4c81c960\" role=\"button\" data-toggle=\"collapse\" data-parent=\"#accordion-16-2\" data-target=\"#41f1617ce4c81c960\" href=\"#41f1617ce4c81c960\"><span class=\"fusion-toggle-icon-wrapper\" aria-hidden=\"true\"><i class=\"fa-fusion-box\" aria-hidden=\"true\"><\/i><\/span><span class=\"fusion-toggle-heading\">Europa-Union M\u00fcnchen beim M\u00fcnchen-Bordeaux-Partnerschaftsfest<\/span><\/a><\/h4><\/div><div id=\"41f1617ce4c81c960\" class=\"panel-collapse collapse \"><div class=\"panel-body toggle-content fusion-clearfix\"><span class=\"fs18 c_999\">30. May 2026, 09:30-18:00<\/span><br><span class=\"fw700\"><\/span> <span><\/span><br><span class=\"blocki mt10 txti\">Die Europa-Union M\u00fcnchen ist Kooperationspartnerin des Partnerschaftsfestes der Initiative M\u00fcnchen\u2013Bordeaux.\n<\/span><br><a class=\"blocki w100 txtr\" href=\"https:\/\/eu-bayern.de\/bv-muenchen\/terminarchiv\/bordeaux-partnerschaftsfest\/\">Details<\/a><\/div><\/div><\/div><\/div><\/div><\/div><div class=\"fusion-sep-clear\"><\/div><div class=\"fusion-separator fusion-full-width-sep fusion-clearfix\" style=\"float:left;margin-top:5px;margin-bottom:5px;width:100%;\"><div class=\"fusion-separator-border sep-single sep-dashed\" style=\"border-color:#ccc;border-top-width:1px;\"><\/div><\/div><div class=\"fusion-sep-clear\"><\/div><div class=\"fusion-clearfix\"><\/div><\/div><\/div><\/div><div class=\"fusion-builder-row fusion-builder-row-inner fusion-row\"><div class=\"fusion-layout-column fusion_builder_column_inner fusion-builder-nested-column-2 fusion_builder_column_inner_1_3 1_3 fusion-one-third fusion-column-first\" style=\"width:30.6666%; margin-right: 4%;margin-top:0px;margin-bottom:20px;\"><div class=\"fusion-column-wrapper fusion-flex-column-wrapper-legacy\" style=\"background-position:left top;background-repeat:no-repeat;-webkit-background-size:cover;-moz-background-size:cover;-o-background-size:cover;background-size:cover;padding: 0px 0px 0px 0px;\"><style type=\"text\/css\"><\/style><div class=\"fusion-title title fusion-title-2 fusion-title-text fusion-title-size-two txti\" style=\"margin-top:0px;margin-right:0px;margin-bottom:31px;margin-left:0px;\"><h2 class=\"title-heading-left fusion-responsive-typography-calculated\" style=\"margin:0;--fontSize:16;--minFontSize:16px;line-height:1.6;\">June 2026<\/h2><span class=\"awb-title-spacer\"><\/span><div class=\"title-sep-container\"><div class=\"title-sep sep-double sep-solid\" style=\"border-color:#e0dede;\"><\/div><\/div><\/div><div class=\"fusion-clearfix\"><\/div><\/div><\/div><div class=\"fusion-layout-column fusion_builder_column_inner fusion-builder-nested-column-3 fusion_builder_column_inner_2_3 2_3 fusion-two-third fusion-column-last\" style=\"width:65.3333%;margin-top:0px;margin-bottom:20px;\"><div class=\"fusion-column-wrapper fusion-flex-column-wrapper-legacy\" style=\"background-position:left top;background-repeat:no-repeat;-webkit-background-size:cover;-moz-background-size:cover;-o-background-size:cover;background-size:cover;padding: 0px 0px 0px 0px;\"><div class=\"box3\"><div class=\"box4\">16<\/div><style type=\"text\/css\">.fusion-accordian  #accordion-16-3 .panel-title a .fa-fusion-box{ color: #ffffff;}.fusion-accordian  #accordion-16-3 .panel-title a .fa-fusion-box:before{ font-size: 14px; width: 14px;}.fusion-accordian  #accordion-16-3 .panel-title a{font-size:13px;}.fusion-accordian  #accordion-16-3 .fa-fusion-box { background-color: #2a973e;border-color: #2a973e;}.fusion-accordian  #accordion-16-3 .panel-title a:hover, #accordion-16-3 .fusion-toggle-boxed-mode:hover .panel-title a { color: #2a973e;}.fusion-accordian  #accordion-16-3 .panel-title .active .fa-fusion-box,.fusion-accordian  #accordion-16-3 .panel-title a:hover .fa-fusion-box { background-color: #2a973e!important;border-color: #2a973e!important;}<\/style><div class=\"accordian fusion-accordian box6\"><div class=\"panel-group\" id=\"accordion-16-3\"><div class=\"fusion-panel panel-default fusion-toggle-no-divider\"><div class=\"panel-heading\"><h4 class=\"panel-title toggle\"><a aria-expanded=\"false\" aria-controls=\"3fdcd415266f11fad\" role=\"button\" data-toggle=\"collapse\" data-parent=\"#accordion-16-3\" data-target=\"#3fdcd415266f11fad\" href=\"#3fdcd415266f11fad\"><span class=\"fusion-toggle-icon-wrapper\" aria-hidden=\"true\"><i class=\"fa-fusion-box\" aria-hidden=\"true\"><\/i><\/span><span class=\"fusion-toggle-heading\">Europa-Dialog: \u00b4Medien, KI und Vertrauen - Wem k\u00f6nnen wir noch glauben?<\/span><\/a><\/h4><\/div><div id=\"3fdcd415266f11fad\" class=\"panel-collapse collapse \"><div class=\"panel-body toggle-content fusion-clearfix\"><span class=\"fs18 c_999\">16. June 2026, 17:30-19:00<\/span><br><span class=\"fw700\">Europ\u00e4ische Kommission Vertretung M\u00fcnchen<\/span> <span>(Bob\u2011van\u2011Benthem\u2011Platz 1, M\u00fcnchen, 80469)<\/span><br><span class=\"blocki mt10 txti\">Jeden Tag sind wir einer st\u00e4ndigen Informationsflut ausgesetzt. Die Plattform\u00f6konomie der Techgiganten bestimmen Reichweiten, Werbem\u00e4rkte und die Debattenagenda. F\u00fcr Demokratien sind jedoch unabh\u00e4ngige Medien, Vielfalt und transparente Regeln zentral.\u00a0 Welchem Absender k\u00f6nnen wir also noch glauben?\nMichael Schlegel, Journalist beim BR Faktenfuchs, gibt einen Einblick in seine Arbeit als \u201eFact Checker\u201c beim Bayerischen Rundfunk.\u00a0 Im Gespr\u00e4ch mit Dr. Natascha Zeitel-Bank, Kommunikationswissenschaftlerin Universit\u00e4t Innsbruck, werden Beispiele analysiert und ein Blick in die Zukunft gerichtet (Stichwort: Digitale Souver\u00e4nit\u00e4t Europas).   Moderation: Dr. Natascha Zeitel-Bank, Kommunikationswissenschaftlerin Universit\u00e4t Innsbruck.\u00a0\n<\/span><br><a class=\"blocki w100 txtr\" href=\"https:\/\/eu-bayern.de\/bv-muenchen\/terminarchiv\/europa-dialog-medien-ki-und-vertrauen-wem-konnen-wir-noch-glauben\/\">Details<\/a><\/div><\/div><\/div><\/div><\/div><\/div><div class=\"fusion-sep-clear\"><\/div><div class=\"fusion-separator fusion-full-width-sep fusion-clearfix\" style=\"float:left;margin-top:5px;margin-bottom:5px;width:100%;\"><div class=\"fusion-separator-border sep-single sep-dashed\" style=\"border-color:#ccc;border-top-width:1px;\"><\/div><\/div><div class=\"fusion-sep-clear\"><\/div><div class=\"box3\"><div class=\"box4\">20<\/div><style type=\"text\/css\">.fusion-accordian  #accordion-16-4 .panel-title a .fa-fusion-box{ color: #ffffff;}.fusion-accordian  #accordion-16-4 .panel-title a .fa-fusion-box:before{ font-size: 14px; width: 14px;}.fusion-accordian  #accordion-16-4 .panel-title a{font-size:13px;}.fusion-accordian  #accordion-16-4 .fa-fusion-box { background-color: #2a973e;border-color: #2a973e;}.fusion-accordian  #accordion-16-4 .panel-title a:hover, #accordion-16-4 .fusion-toggle-boxed-mode:hover .panel-title a { color: #2a973e;}.fusion-accordian  #accordion-16-4 .panel-title .active .fa-fusion-box,.fusion-accordian  #accordion-16-4 .panel-title a:hover .fa-fusion-box { background-color: #2a973e!important;border-color: #2a973e!important;}<\/style><div class=\"accordian fusion-accordian box6\"><div class=\"panel-group\" id=\"accordion-16-4\"><div class=\"fusion-panel panel-default fusion-toggle-no-divider\"><div class=\"panel-heading\"><h4 class=\"panel-title toggle\"><a aria-expanded=\"false\" aria-controls=\"c308bf778309e24c1\" role=\"button\" data-toggle=\"collapse\" data-parent=\"#accordion-16-4\" data-target=\"#c308bf778309e24c1\" href=\"#c308bf778309e24c1\"><span class=\"fusion-toggle-icon-wrapper\" aria-hidden=\"true\"><i class=\"fa-fusion-box\" aria-hidden=\"true\"><\/i><\/span><span class=\"fusion-toggle-heading\">Europa-Union M\u00fcnchen und JEF M\u00fcnchen mit dabei beim \u00b4Zamanand-Festival\u00b4 M\u00fcnchen<\/span><\/a><\/h4><\/div><div id=\"c308bf778309e24c1\" class=\"panel-collapse collapse \"><div class=\"panel-body toggle-content fusion-clearfix\"><span class=\"fs18 c_999\">20. June 2026, 10:00-19:30<\/span><br><span class=\"fw700\"><\/span> <span><\/span><br><span class=\"blocki mt10 txti\">Auch in diesem Juni verwandelt sich die M\u00fcnchner Leopold- und Ludwigstra\u00dfe in eine riesige Fu\u00dfg\u00e4ngerzone. Wo normalerweise Autos durch die Stadt kurven, lockt dann eine pulsierende Festmeile unz\u00e4hlige Menschen nach Schwabing und in die Maxvorstadt.\nEs hei\u00dft, das Stra\u00dfenfest geh\u00f6re zu einem der gr\u00f6\u00dften seiner Art in Europa. Auch die Europa-Union M\u00fcnchen ist zusammen mit der JEF M\u00fcnchen wieder mit einem Stand dabei&#8230;\nMehr zum Festival unter: https:\/\/www.muenchen.travel\/pois\/maerkte-feste\/corso-leopold-zamanand-festival\n<\/span><br><a class=\"blocki w100 txtr\" href=\"https:\/\/eu-bayern.de\/bv-muenchen\/terminarchiv\/zamanand-festival-munchen\/\">Details<\/a><\/div><\/div><\/div><\/div><\/div><\/div><div class=\"fusion-sep-clear\"><\/div><div class=\"fusion-separator fusion-full-width-sep fusion-clearfix\" style=\"float:left;margin-top:5px;margin-bottom:5px;width:100%;\"><div class=\"fusion-separator-border sep-single sep-dashed\" style=\"border-color:#ccc;border-top-width:1px;\"><\/div><\/div><div class=\"fusion-sep-clear\"><\/div><div class=\"fusion-clearfix\"><\/div><\/div><\/div><\/div><div class=\"fusion-alignright\"><style>.fusion-button.button-1{border-radius:0px 0px 0px 0px;}<\/style><a class=\"fusion-button button-flat fusion-button-default-size button-default button-1 fusion-button-default-span fusion-button-default-type\" target=\"_self\" href=\"https:\/\/eu-bayern.de\/bv-muenchen\/terminarchiv\"><span class=\"fusion-button-text\">TERMINARCHIV ANZEIGEN<\/span><\/a><\/div><div class=\"fusion-clearfix\"><\/div><\/div><\/div><\/div><\/div>\n","protected":false},"excerpt":{"rendered":"","protected":false},"author":1,"featured_media":0,"parent":0,"menu_order":0,"comment_status":"closed","ping_status":"closed","template":"","meta":[],"acf":[],"_links":{"self":[{"href":"https:\/\/eu-bayern.de\/bv-muenchen\/wp-json\/wp\/v2\/pages\/16"}],"collection":[{"href":"https:\/\/eu-bayern.de\/bv-muenchen\/wp-json\/wp\/v2\/pages"}],"about":[{"href":"https:\/\/eu-bayern.de\/bv-muenchen\/wp-json\/wp\/v2\/types\/page"}],"author":[{"embeddable":true,"href":"https:\/\/eu-bayern.de\/bv-muenchen\/wp-json\/wp\/v2\/users\/1"}],"replies":[{"embeddable":true,"href":"https:\/\/eu-bayern.de\/bv-muenchen\/wp-json\/wp\/v2\/comments?post=16"}],"version-history":[{"count":0,"href":"https:\/\/eu-bayern.de\/bv-muenchen\/wp-json\/wp\/v2\/pages\/16\/revisions"}],"wp:attachment":[{"href":"https:\/\/eu-bayern.de\/bv-muenchen\/wp-json\/wp\/v2\/media?parent=16"}],"curies":[{"name":"wp","href":"https:\/\/api.w.org\/{rel}","templated":true}]}}